{"id":4133,"date":"2013-08-30T22:29:25","date_gmt":"2013-08-30T22:29:25","guid":{"rendered":"https:\/\/santosvieiralda.com\/?page_id=4133"},"modified":"2013-12-31T16:46:21","modified_gmt":"2013-12-31T16:46:21","slug":"higiene-e-seguranca-alimentar-2","status":"publish","type":"page","link":"https:\/\/santosvieiralda.com\/?page_id=4133","title":{"rendered":"Higiene e Seguran\u00e7a Alimentar"},"content":{"rendered":"<p style=\"text-align: center;\"><div class=\"aq-template-wrapper aq_row\"><div class=\"aq_span4 clearfix aq-first\"><img loading=\"lazy\" class=\"aligncenter size-medium wp-image-5123\" alt=\"HSA_1\" src=\"http:\/\/santosvieiralda.com\/wp-content\/uploads\/2013\/08\/HSA_11-300x154.jpg\" width=\"300\" height=\"154\" srcset=\"https:\/\/santosvieiralda.com\/wp-content\/uploads\/2013\/08\/HSA_11-300x154.jpg 300w, https:\/\/santosvieiralda.com\/wp-content\/uploads\/2013\/08\/HSA_11.jpg 700w\" sizes=\"(max-width: 300px) 100vw, 300px\" \/><\/div><div class=\"aq_span4 clearfix \"><img loading=\"lazy\" class=\"aligncenter size-medium wp-image-5124\" alt=\"HSA_2\" src=\"http:\/\/santosvieiralda.com\/wp-content\/uploads\/2013\/08\/HSA_21-300x154.jpg\" width=\"300\" height=\"154\" srcset=\"https:\/\/santosvieiralda.com\/wp-content\/uploads\/2013\/08\/HSA_21-300x154.jpg 300w, https:\/\/santosvieiralda.com\/wp-content\/uploads\/2013\/08\/HSA_21.jpg 700w\" sizes=\"(max-width: 300px) 100vw, 300px\" \/><\/div><div class=\"aq_span4 clearfix \"><img loading=\"lazy\" class=\"aligncenter size-medium wp-image-5125\" alt=\"HSA_3\" src=\"http:\/\/santosvieiralda.com\/wp-content\/uploads\/2013\/08\/HSA_31-300x154.jpg\" width=\"300\" height=\"154\" srcset=\"https:\/\/santosvieiralda.com\/wp-content\/uploads\/2013\/08\/HSA_31-300x154.jpg 300w, https:\/\/santosvieiralda.com\/wp-content\/uploads\/2013\/08\/HSA_31.jpg 700w\" sizes=\"(max-width: 300px) 100vw, 300px\" \/><\/div><\/div><\/p>\n<p style=\"text-align: justify;\">A higiene e Seguran\u00e7a Alimentar deve ser entendida como um compromisso e um objectivo vital para todas as organiza\u00e7\u00f5es do sector alimentar, ao longo de toda a cadeia de abastecimento \u2013 do produtor ao consumidor.<\/p>\n<p align=\"justify\">A certifica\u00e7\u00e3o da An\u00e1lise de Perigo e os Pontos Cr\u00edticos de Controlo (HACCP) permite \u00e0s empresas demonstrar o compromisso com a seguran\u00e7a alimentar e a satisfa\u00e7\u00e3o do cliente, refor\u00e7ando a imagem institucional e acompanhando o mercado em constante evolu\u00e7\u00e3o. Para al\u00e9m disso, melhora o Sistema de Gest\u00e3o de Seguran\u00e7a Alimentar e a Qualidade do produto e demonstra o compromisso em produzir ou comercializar alimentos seguros, que pode ser particularmente ben\u00e9fico em caso de inspec\u00e7\u00e3o por parte das autoridades reguladoras.<\/p>\n<p align=\"justify\">Em Portugal, a legisla\u00e7\u00e3o aplic\u00e1vel \u00e0 Seguran\u00e7a e Higiene Alimentar \u00e9 o Decreto-Lei n.\u00ba 113\/2006 de 12 de Junho, que visa assegurar a execu\u00e7\u00e3o e o cumprimento das obriga\u00e7\u00f5es decorrentes dos Regulamentos (CE) n\u00bas 852\/2004 e 853\/2004, ambos do Parlamento Europeu e do Concelho, de 29 de Abril, relativos \u00e0 higiene dos g\u00e9neros aliment\u00edcios e \u00e0s regras espec\u00edficas de higiene aplic\u00e1veis aos g\u00e9neros aliment\u00edcios de origem animal, respectivamente. exerc\u00edcios de simulacro.<\/p>\n<h5><div class=\"alert alert-success\"> <span class=\" icon-check\"><\/span>  <button data-dismiss=\"alert\" class=\"close\" type=\"button\">x<\/button>Fa\u00e7a-nos uma consulta sem compromisso. Estamos dispon\u00edveis para elaborar a melhor proposta para satisfazer as suas necessidades de neg\u00f3cio!<\/div>[button class=&#8221;btn_smallblue&#8221; url=&#8221;\/?page_id=4329&#8243; text=&#8221;Solicite-nos uma Proposta&#8221;]<\/h5>\n","protected":false},"excerpt":{"rendered":"<p>A higiene e Seguran\u00e7a Alimentar deve ser entendida como um compromisso e um objectivo vital para todas as organiza\u00e7\u00f5es do sector alimentar, ao longo de toda a cadeia de abastecimento \u2013 do produtor ao consumidor. A certifica\u00e7\u00e3o da An\u00e1lise de Perigo e os Pontos Cr\u00edticos de Controlo (HACCP) permite \u00e0s empresas demonstrar o compromisso com [&hellip;]<\/p>\n","protected":false},"author":1,"featured_media":0,"parent":35,"menu_order":2,"comment_status":"open","ping_status":"open","template":"","meta":[],"_links":{"self":[{"href":"https:\/\/santosvieiralda.com\/index.php?rest_route=\/wp\/v2\/pages\/4133"}],"collection":[{"href":"https:\/\/santosvieiralda.com\/index.php?rest_route=\/wp\/v2\/pages"}],"about":[{"href":"https:\/\/santosvieiralda.com\/index.php?rest_route=\/wp\/v2\/types\/page"}],"author":[{"embeddable":true,"href":"https:\/\/santosvieiralda.com\/index.php?rest_route=\/wp\/v2\/users\/1"}],"replies":[{"embeddable":true,"href":"https:\/\/santosvieiralda.com\/index.php?rest_route=%2Fwp%2Fv2%2Fcomments&post=4133"}],"version-history":[{"count":18,"href":"https:\/\/santosvieiralda.com\/index.php?rest_route=\/wp\/v2\/pages\/4133\/revisions"}],"predecessor-version":[{"id":5130,"href":"https:\/\/santosvieiralda.com\/index.php?rest_route=\/wp\/v2\/pages\/4133\/revisions\/5130"}],"up":[{"embeddable":true,"href":"https:\/\/santosvieiralda.com\/index.php?rest_route=\/wp\/v2\/pages\/35"}],"wp:attachment":[{"href":"https:\/\/santosvieiralda.com\/index.php?rest_route=%2Fwp%2Fv2%2Fmedia&parent=4133"}],"curies":[{"name":"wp","href":"https:\/\/api.w.org\/{rel}","templated":true}]}}