{"id":4148,"date":"2013-08-30T23:06:07","date_gmt":"2013-08-30T23:06:07","guid":{"rendered":"https:\/\/santosvieiralda.com\/?page_id=4148"},"modified":"2014-01-02T18:53:21","modified_gmt":"2014-01-02T18:53:21","slug":"gestao-ambiental","status":"publish","type":"page","link":"https:\/\/santosvieiralda.com\/?page_id=4148","title":{"rendered":"Gest\u00e3o Ambiental"},"content":{"rendered":"<div class=\"aq-template-wrapper aq_row\"><div class=\"aq_span4 clearfix aq-first\"><img loading=\"lazy\" class=\"aligncenter size-medium wp-image-5131\" alt=\"ges_amb_1\" src=\"http:\/\/santosvieiralda.com\/wp-content\/uploads\/2013\/08\/ges_amb_11-300x154.jpg\" width=\"300\" height=\"154\" srcset=\"https:\/\/santosvieiralda.com\/wp-content\/uploads\/2013\/08\/ges_amb_11-300x154.jpg 300w, https:\/\/santosvieiralda.com\/wp-content\/uploads\/2013\/08\/ges_amb_11.jpg 700w\" sizes=\"(max-width: 300px) 100vw, 300px\" \/><\/div><div class=\"aq_span4 clearfix \"><img loading=\"lazy\" class=\"aligncenter size-medium wp-image-5132\" alt=\"ges_amb_2\" src=\"http:\/\/santosvieiralda.com\/wp-content\/uploads\/2013\/08\/ges_amb_21-300x154.jpg\" width=\"300\" height=\"154\" srcset=\"https:\/\/santosvieiralda.com\/wp-content\/uploads\/2013\/08\/ges_amb_21-300x154.jpg 300w, https:\/\/santosvieiralda.com\/wp-content\/uploads\/2013\/08\/ges_amb_21.jpg 700w\" sizes=\"(max-width: 300px) 100vw, 300px\" \/><\/div><div class=\"aq_span4 clearfix \"><img loading=\"lazy\" class=\"aligncenter size-medium wp-image-5133\" alt=\"ges_amb_3\" src=\"http:\/\/santosvieiralda.com\/wp-content\/uploads\/2013\/08\/ges_amb_31-300x154.jpg\" width=\"300\" height=\"154\" srcset=\"https:\/\/santosvieiralda.com\/wp-content\/uploads\/2013\/08\/ges_amb_31-300x154.jpg 300w, https:\/\/santosvieiralda.com\/wp-content\/uploads\/2013\/08\/ges_amb_31.jpg 700w\" sizes=\"(max-width: 300px) 100vw, 300px\" \/><\/div><\/div>\n<p>Na Santos &amp; Vieira encontrar\u00e1 o parceiro indicado para a melhoria da performance ambiental da sua empresa, atrav\u00e9s da implementa\u00e7\u00e3o e\/ou manuten\u00e7\u00e3o do Sistema de Gest\u00e3o Ambiental. Apoiamo-lo na defini\u00e7\u00e3o de responsabilidades e na elabora\u00e7\u00e3o dos procedimentos ambientais, mais especificamente realizamos:<\/p>\n<p style=\"padding-left: 30px;\"><i class=\"icon-refresh\" style=\"font-size:14px\"><\/i> Levantamentos Ambientais;<br \/>\n<i class=\"icon-refresh\" style=\"font-size:14px\"><\/i> Elabora\u00e7\u00e3o de um relat\u00f3rio de n\u00e3o conformidades;<br \/>\n<i class=\"icon-refresh\" style=\"font-size:14px\"><\/i> Dossier ambiental com todos os requisitos necess\u00e1rios no \u00e2mbito do ambiente;<br \/>\n<i class=\"icon-refresh\" style=\"font-size:14px\"><\/i> Acompanhamento da empresa face \u00e0 sua situa\u00e7\u00e3o ambiental;<br \/>\n<i class=\"icon-refresh\" style=\"font-size:14px\"><\/i> Apoio no processo de licenciamento Industrial;<br \/>\n<i class=\"icon-refresh\" style=\"font-size:14px\"><\/i> Avalia\u00e7\u00e3o do ru\u00eddo Ambiente;<br \/>\n<i class=\"icon-refresh\" style=\"font-size:14px\"><\/i> Efluentes Gasosos;<br \/>\n<i class=\"icon-refresh\" style=\"font-size:14px\"><\/i> Avalia\u00e7\u00e3o da Qualidade do ar interior;<br \/>\n<i class=\"icon-refresh\" style=\"font-size:14px\"><\/i> Avalia\u00e7\u00e3o da luminosidade no posto de trabalho<br \/>\n<i class=\"icon-refresh\" style=\"font-size:14px\"><\/i> Avalia\u00e7\u00e3o de ambiente T\u00e9rmico\/Stress t\u00e9rmico<br \/>\n<i class=\"icon-refresh\" style=\"font-size:14px\"><\/i> Avalia\u00e7\u00e3o dos requisitos ac\u00fasticos dos Edif\u00edcios<br \/>\n<i class=\"icon-refresh\" style=\"font-size:14px\"><\/i> Avalia\u00e7\u00e3o do ar Ambiente.<\/p>\n<h5><div class=\"alert alert-success\"> <span class=\" icon-check\"><\/span>  <button data-dismiss=\"alert\" class=\"close\" type=\"button\">x<\/button>Fa\u00e7a-nos uma consulta sem compromisso. Estamos dispon\u00edveis para elaborar a melhor proposta para satisfazer as suas necessidades de neg\u00f3cio!<\/div>[button class=&#8221;btn_smallblue&#8221; url=&#8221;\/?page_id=4329&#8243; text=&#8221;Solicite-nos uma Proposta&#8221;]<\/h5>\n","protected":false},"excerpt":{"rendered":"<p>Na Santos &amp; Vieira encontrar\u00e1 o parceiro indicado para a melhoria da performance ambiental da sua empresa, atrav\u00e9s da implementa\u00e7\u00e3o e\/ou manuten\u00e7\u00e3o do Sistema de Gest\u00e3o Ambiental. Apoiamo-lo na defini\u00e7\u00e3o de responsabilidades e na elabora\u00e7\u00e3o dos procedimentos ambientais, mais especificamente realizamos: Levantamentos Ambientais; Elabora\u00e7\u00e3o de um relat\u00f3rio de n\u00e3o conformidades; Dossier ambiental com todos os [&hellip;]<\/p>\n","protected":false},"author":1,"featured_media":5488,"parent":35,"menu_order":3,"comment_status":"open","ping_status":"open","template":"","meta":[],"_links":{"self":[{"href":"https:\/\/santosvieiralda.com\/index.php?rest_route=\/wp\/v2\/pages\/4148"}],"collection":[{"href":"https:\/\/santosvieiralda.com\/index.php?rest_route=\/wp\/v2\/pages"}],"about":[{"href":"https:\/\/santosvieiralda.com\/index.php?rest_route=\/wp\/v2\/types\/page"}],"author":[{"embeddable":true,"href":"https:\/\/santosvieiralda.com\/index.php?rest_route=\/wp\/v2\/users\/1"}],"replies":[{"embeddable":true,"href":"https:\/\/santosvieiralda.com\/index.php?rest_route=%2Fwp%2Fv2%2Fcomments&post=4148"}],"version-history":[{"count":12,"href":"https:\/\/santosvieiralda.com\/index.php?rest_route=\/wp\/v2\/pages\/4148\/revisions"}],"predecessor-version":[{"id":5487,"href":"https:\/\/santosvieiralda.com\/index.php?rest_route=\/wp\/v2\/pages\/4148\/revisions\/5487"}],"up":[{"embeddable":true,"href":"https:\/\/santosvieiralda.com\/index.php?rest_route=\/wp\/v2\/pages\/35"}],"wp:featuredmedia":[{"embeddable":true,"href":"https:\/\/santosvieiralda.com\/index.php?rest_route=\/wp\/v2\/media\/5488"}],"wp:attachment":[{"href":"https:\/\/santosvieiralda.com\/index.php?rest_route=%2Fwp%2Fv2%2Fmedia&parent=4148"}],"curies":[{"name":"wp","href":"https:\/\/api.w.org\/{rel}","templated":true}]}}