{"id":4172,"date":"2013-08-31T10:06:52","date_gmt":"2013-08-31T10:06:52","guid":{"rendered":"https:\/\/santosvieiralda.com\/?page_id=4172"},"modified":"2016-03-15T18:47:42","modified_gmt":"2016-03-15T18:47:42","slug":"formacao","status":"publish","type":"page","link":"https:\/\/santosvieiralda.com\/?page_id=4172","title":{"rendered":"Forma\u00e7\u00e3o"},"content":{"rendered":"<div class=\"aq-template-wrapper aq_row\"><div class=\"aq_span4 clearfix aq-first\"><img loading=\"lazy\" class=\"aligncenter size-medium wp-image-5143\" src=\"http:\/\/santosvieiralda.com\/wp-content\/uploads\/2013\/08\/formacao11-300x154.jpg\" alt=\"formacao1\" width=\"300\" height=\"154\" srcset=\"https:\/\/santosvieiralda.com\/wp-content\/uploads\/2013\/08\/formacao11-300x154.jpg 300w, https:\/\/santosvieiralda.com\/wp-content\/uploads\/2013\/08\/formacao11.jpg 700w\" sizes=\"(max-width: 300px) 100vw, 300px\" \/><\/div><div class=\"aq_span4 clearfix \"><img loading=\"lazy\" class=\"aligncenter size-medium wp-image-5144\" src=\"http:\/\/santosvieiralda.com\/wp-content\/uploads\/2013\/08\/formacao21-300x154.jpg\" alt=\"formacao2\" width=\"300\" height=\"154\" srcset=\"https:\/\/santosvieiralda.com\/wp-content\/uploads\/2013\/08\/formacao21-300x154.jpg 300w, https:\/\/santosvieiralda.com\/wp-content\/uploads\/2013\/08\/formacao21.jpg 700w\" sizes=\"(max-width: 300px) 100vw, 300px\" \/><\/div><div class=\"aq_span4 clearfix \"><img loading=\"lazy\" class=\"aligncenter size-medium wp-image-5145\" src=\"http:\/\/santosvieiralda.com\/wp-content\/uploads\/2013\/08\/formacao31-300x154.jpg\" alt=\"formacao3\" width=\"300\" height=\"154\" srcset=\"https:\/\/santosvieiralda.com\/wp-content\/uploads\/2013\/08\/formacao31-300x154.jpg 300w, https:\/\/santosvieiralda.com\/wp-content\/uploads\/2013\/08\/formacao31.jpg 700w\" sizes=\"(max-width: 300px) 100vw, 300px\" \/><\/div><\/div>\n<p style=\"text-align: justify;\">Santos &amp; Vieira oferece um servi\u00e7o de elevada qualidade na \u00e1rea da Forma\u00e7\u00e3o, atrav\u00e9s de um levantamento das necessidades nas empresas, efectuando um plano de forma\u00e7\u00e3o anual, emitindo os respectivos certificados de forma\u00e7\u00e3o profissional.<\/p>\n<p style=\"text-align: justify;\" align=\"justify\">O C\u00f3digo de Trabalho garante o direito individual do trabalhador \u00e0 forma\u00e7\u00e3o, prevendo a cria\u00e7\u00e3o de condi\u00e7\u00f5es objectivas para o seu efectivo exerc\u00edcio, independentemente da situa\u00e7\u00e3o laborar do trabalhador. Neste sentido o empregador \u00e9 obrigado a proporcionar aos trabalhadores ac\u00e7\u00f5es de forma\u00e7\u00e3o profissional adequadas \u00e0 sua qualifica\u00e7\u00e3o.<\/p>\n<p style=\"text-align: justify;\" align=\"justify\">No \u00e2mbito da forma\u00e7\u00e3o cont\u00ednua devem ser garantidas ao trabalhador um n\u00famero m\u00ednimo de 35 horas anuais de forma\u00e7\u00e3o certificada.<\/p>\n<p style=\"text-align: justify;\" align=\"justify\">Santos &amp; Vieira pretende contribuir para a valoriza\u00e7\u00e3o e desenvolvimento das compet\u00eancias profissionais e pessoais dos recursos humanos das empresas, de forma a promover o desenvolvimento e adequa\u00e7\u00e3o da qualifica\u00e7\u00e3o do trabalhador, tendo em vista melhorar a produtividade e competitividade da empresa. Tem por objectivo apoiar as empresas no cumprimento do direito \u00e0 forma\u00e7\u00e3o cont\u00ednua dos trabalhadores de acordo com a lei que regulamenta o c\u00f3digo do trabalho, atrav\u00e9s de um servi\u00e7o qualificado e de forma\u00e7\u00e3o certificada.<\/p>\n<p>Prestamos os seguintes servi\u00e7os:<\/p>\n<ul>\n<li>Programas de Forma\u00e7\u00e3o:\n<ul>\n<li>Seguran\u00e7a e Higiene no Trabalho;<\/li>\n<li>Ambiente;<\/li>\n<li>Industrias Alimentares;<\/li>\n<li>Primeiros socorros.<\/li>\n<\/ul>\n<\/li>\n<li>Ac\u00e7\u00f5es de Forma\u00e7\u00e3o (\u00e0 medida).<\/li>\n<\/ul>\n<p>&nbsp;<\/p>\n<h4>Calend\u00e1rio de forma\u00e7\u00e3o 2016, <strong>disponivel aqui em PDF <a href=\"https:\/\/santosvieiralda.com\/\/wp-content\/uploads\/2016\/03\/Calendario_Formacao1_2016.pdf\"><img loading=\"lazy\" class=\"alignnone\" src=\"https:\/\/santosvieiralda.com\/imagens\/pdf-Icon2.jpg\" alt=\"\" width=\"27\" height=\"26\" border=\"0\" \/><\/a><\/strong><\/h4>\n<h3>Programas de forma\u00e7\u00e3o<\/h3>\n<table border=\"0\" width=\"794\">\n<tbody>\n<tr bgcolor=\"#FFFFFF\">\n<td bgcolor=\"#F4F4F4\" width=\"218\"><strong>\u00c1rea<\/strong><\/td>\n<td bgcolor=\"#F4F4F4\" width=\"63\"><strong>Ref\u00aa.<\/strong><\/td>\n<td bgcolor=\"#F4F4F4\" width=\"410\">\n<div align=\"center\"><strong>Ac\u00e7\u00e3o de Forma\u00e7\u00e3o<\/strong><\/div>\n<\/td>\n<td bgcolor=\"#F4F4F4\" width=\"85\"><strong>Dura\u00e7\u00e3o<\/strong><\/td>\n<\/tr>\n<tr bgcolor=\"#FFFFFF\">\n<td rowspan=\"13\" align=\"center\" bgcolor=\"#EEEFFD\"><strong>090 \u2013 Desenvolvimento Pessoal<\/strong><\/td>\n<td bgcolor=\"#EEEFFD\">090.01<\/td>\n<td bgcolor=\"#EEEFFD\">Gest\u00e3o de Conflitos<\/td>\n<td bgcolor=\"#EEEFFD\">7 horas<\/td>\n<\/tr>\n<tr bgcolor=\"#FFFFFF\">\n<td bgcolor=\"#EEEFFD\">090.02<\/td>\n<td bgcolor=\"#EEEFFD\">Gest\u00e3o de Tempo<\/td>\n<td bgcolor=\"#EEEFFD\">7 horas<\/td>\n<\/tr>\n<tr bgcolor=\"#FFFFFF\">\n<td bgcolor=\"#EEEFFD\">090.03<\/td>\n<td bgcolor=\"#EEEFFD\">Gest\u00e3o de Stresse<\/td>\n<td bgcolor=\"#EEEFFD\">7 horas<\/td>\n<\/tr>\n<tr bgcolor=\"#FFFFFF\">\n<td bgcolor=\"#EEEFFD\">090.04<\/td>\n<td bgcolor=\"#EEEFFD\">T\u00e9cnicas de Comunica\u00e7\u00e3o<\/td>\n<td bgcolor=\"#EEEFFD\">7 horas<\/td>\n<\/tr>\n<tr bgcolor=\"#FFFFFF\">\n<td bgcolor=\"#EEEFFD\">090.05<\/td>\n<td bgcolor=\"#EEEFFD\">Auto Motiva\u00e7\u00e3o<\/td>\n<td bgcolor=\"#EEEFFD\">7 horas<\/td>\n<\/tr>\n<tr bgcolor=\"#FFFFFF\">\n<td bgcolor=\"#EEEFFD\">090.06<\/td>\n<td bgcolor=\"#EEEFFD\">Assertividade<\/td>\n<td bgcolor=\"#EEEFFD\">14 horas<\/td>\n<\/tr>\n<tr bgcolor=\"#FFFFFF\">\n<td bgcolor=\"#EEEFFD\">090.07<\/td>\n<td bgcolor=\"#EEEFFD\">Ferramentas para Gest\u00e3o de Tempo<\/td>\n<td bgcolor=\"#EEEFFD\">7 horas<\/td>\n<\/tr>\n<tr bgcolor=\"#FFFFFF\">\n<td bgcolor=\"#EEEFFD\">090.08<\/td>\n<td bgcolor=\"#EEEFFD\">Resolu\u00e7\u00e3o de Conflitos<\/td>\n<td bgcolor=\"#EEEFFD\">14 horas<\/td>\n<\/tr>\n<tr bgcolor=\"#FFFFFF\">\n<td bgcolor=\"#EEEFFD\">090.09<\/td>\n<td bgcolor=\"#EEEFFD\">Comunicar com Efic\u00e1cia<\/td>\n<td bgcolor=\"#EEEFFD\">7 horas<\/td>\n<\/tr>\n<tr bgcolor=\"#FFFFFF\">\n<td bgcolor=\"#EEEFFD\">090.10<\/td>\n<td bgcolor=\"#EEEFFD\">Desenvolver a sua Capacidade de Influ\u00eancia<\/td>\n<td bgcolor=\"#EEEFFD\">7 horas<\/td>\n<\/tr>\n<tr bgcolor=\"#FFFFFF\">\n<td bgcolor=\"#EEEFFD\">090.11<\/td>\n<td bgcolor=\"#EEEFFD\">Intelig\u00eancia Emocional<\/td>\n<td bgcolor=\"#EEEFFD\">7 horas<\/td>\n<\/tr>\n<tr bgcolor=\"#FFFFFF\">\n<td bgcolor=\"#EEEFFD\">090.12<\/td>\n<td bgcolor=\"#EEEFFD\">Lideran\u00e7a<\/td>\n<td bgcolor=\"#EEEFFD\">7 horas<\/td>\n<\/tr>\n<tr bgcolor=\"#FFFFFF\">\n<td bgcolor=\"#F4F4F4\"><strong>Ref\u00aa.<\/strong><\/td>\n<td style=\"text-align: center;\" bgcolor=\"#F4F4F4\"><strong>Ac\u00e7\u00e3o de Forma\u00e7\u00e3o<\/strong><\/td>\n<td bgcolor=\"#F4F4F4\">\n<div align=\"center\"><strong>Dura\u00e7\u00e3o<\/strong><\/div>\n<\/td>\n<\/tr>\n<tr bgcolor=\"#FFFFFF\">\n<td rowspan=\"8\" align=\"center\" bgcolor=\"#EEEFFD\"><strong>341 &#8211; Com\u00e9rcio<\/strong><\/td>\n<td bgcolor=\"#EEEFFD\">341.01<\/td>\n<td bgcolor=\"#EEEFFD\">Atendimento ao P\u00fablico<\/td>\n<td bgcolor=\"#EEEFFD\">7 horas<\/td>\n<\/tr>\n<tr bgcolor=\"#FFFFFF\">\n<td bgcolor=\"#EEEFFD\">341.02<\/td>\n<td bgcolor=\"#EEEFFD\">T\u00e9cnicas de Venda<\/td>\n<td bgcolor=\"#EEEFFD\">7 horas<\/td>\n<\/tr>\n<tr bgcolor=\"#FFFFFF\">\n<td bgcolor=\"#EEEFFD\">341.03<\/td>\n<td bgcolor=\"#EEEFFD\">Negocia\u00e7\u00e3o Comercial<\/td>\n<td bgcolor=\"#EEEFFD\">7 horas<\/td>\n<\/tr>\n<tr bgcolor=\"#FFFFFF\">\n<td bgcolor=\"#EEEFFD\">341.04<\/td>\n<td bgcolor=\"#EEEFFD\">Excel\u00eancia no Atendimento<\/td>\n<td bgcolor=\"#EEEFFD\">7 horas<\/td>\n<\/tr>\n<tr bgcolor=\"#FFFFFF\">\n<td bgcolor=\"#EEEFFD\">341.05<\/td>\n<td bgcolor=\"#EEEFFD\">Fundamentos da Negocia\u00e7\u00e3o Comercial<\/td>\n<td bgcolor=\"#EEEFFD\">7 horas<\/td>\n<\/tr>\n<tr bgcolor=\"#FFFFFF\">\n<td bgcolor=\"#EEEFFD\">341.06<\/td>\n<td bgcolor=\"#EEEFFD\">Aperfei\u00e7oamento nas T\u00e9cnicas de Venda<\/td>\n<td bgcolor=\"#EEEFFD\">7 horas<\/td>\n<\/tr>\n<tr bgcolor=\"#FFFFFF\">\n<td bgcolor=\"#EEEFFD\">341.07<\/td>\n<td bgcolor=\"#EEEFFD\">Gest\u00e3o de Accounts<\/td>\n<td bgcolor=\"#EEEFFD\">7 horas<\/td>\n<\/tr>\n<tr bgcolor=\"#FFFFFF\">\n<td bgcolor=\"#EEEFFD\">341.08<\/td>\n<td bgcolor=\"#EEEFFD\">Gest\u00e3o de Reclama\u00e7\u00f5es<\/td>\n<td bgcolor=\"#EEEFFD\">7 horas<\/td>\n<\/tr>\n<tr bgcolor=\"#FFFFFF\">\n<td bgcolor=\"#F4F4F4\"><strong>\u00c1rea<\/strong><\/td>\n<td bgcolor=\"#F4F4F4\"><strong>Ref\u00aa.<\/strong><\/td>\n<td bgcolor=\"#F4F4F4\">\n<div align=\"center\"><strong>Ac\u00e7\u00e3o de Forma\u00e7\u00e3o<\/strong><\/div>\n<\/td>\n<td bgcolor=\"#F4F4F4\"><strong>Dura\u00e7\u00e3o<\/strong><\/td>\n<\/tr>\n<tr bgcolor=\"#FFFFFF\">\n<td rowspan=\"8\" align=\"center\" bgcolor=\"#EEEFFD\"><strong>541 &#8211; Industria Alimentar<\/strong><\/td>\n<td bgcolor=\"#EEEFFD\">541.01<\/td>\n<td bgcolor=\"#EEEFFD\">Boas Praticas na Manipula\u00e7\u00e3o de Alimentos<\/td>\n<td bgcolor=\"#EEEFFD\">7 horas<\/td>\n<\/tr>\n<tr bgcolor=\"#FFFFFF\">\n<td bgcolor=\"#EEEFFD\">541.02<\/td>\n<td bgcolor=\"#EEEFFD\">HACCP \u2013 An\u00e1lise de Perigos e Pontos Cr\u00edticos de Controlo<\/td>\n<td bgcolor=\"#EEEFFD\">14 horas<\/td>\n<\/tr>\n<tr bgcolor=\"#FFFFFF\">\n<td bgcolor=\"#EEEFFD\">541.03<\/td>\n<td bgcolor=\"#EEEFFD\">Higiene e Seguran\u00e7a Alimentar \u2013 HACCP<\/td>\n<td bgcolor=\"#EEEFFD\">30 horas<\/td>\n<\/tr>\n<tr bgcolor=\"#FFFFFF\">\n<td bgcolor=\"#EEEFFD\">541.04<\/td>\n<td bgcolor=\"#EEEFFD\">Sistemas de HACCP &#8211; No\u00e7\u00f5es de Higiene Alimentar<\/td>\n<td bgcolor=\"#EEEFFD\">7 horas<\/td>\n<\/tr>\n<tr bgcolor=\"#FFFFFF\">\n<td bgcolor=\"#EEEFFD\">541.05<\/td>\n<td bgcolor=\"#EEEFFD\">Microbiologia Alimentar<\/td>\n<td bgcolor=\"#EEEFFD\">14 horas<\/td>\n<\/tr>\n<tr bgcolor=\"#FFFFFF\">\n<td bgcolor=\"#EEEFFD\">541.06<\/td>\n<td bgcolor=\"#EEEFFD\">Sistemas de Gest\u00e3o da Seguran\u00e7a Alimentar<\/td>\n<td bgcolor=\"#EEEFFD\">21 horas<\/td>\n<\/tr>\n<tr bgcolor=\"#FFFFFF\">\n<td bgcolor=\"#EEEFFD\">541.07<\/td>\n<td bgcolor=\"#EEEFFD\">Higiene e Seguran\u00e7a Alimentar no Sector das Carnes<\/td>\n<td bgcolor=\"#EEEFFD\">15 horas<\/td>\n<\/tr>\n<tr bgcolor=\"#FFFFFF\">\n<td bgcolor=\"#EEEFFD\">541.08<\/td>\n<td bgcolor=\"#EEEFFD\">Boas Pr\u00e1ticas na Manipula\u00e7\u00e3o de Alimentos<\/td>\n<td bgcolor=\"#EEEFFD\">4 horas<\/td>\n<\/tr>\n<tr bgcolor=\"#FFFFFF\">\n<td bgcolor=\"#F4F4F4\"><strong>\u00c1rea<\/strong><\/td>\n<td bgcolor=\"#F4F4F4\"><strong>Ref\u00aa.<\/strong><\/td>\n<td bgcolor=\"#F4F4F4\">\n<div align=\"center\"><strong>Ac\u00e7\u00e3o de Forma\u00e7\u00e3o<\/strong><\/div>\n<\/td>\n<td bgcolor=\"#F4F4F4\"><strong>Dura\u00e7\u00e3o<\/strong><\/td>\n<\/tr>\n<tr bgcolor=\"#FFFFFF\">\n<td rowspan=\"5\" align=\"center\" bgcolor=\"#EEEFFD\"><strong>861 \u2013 Prote\u00e7\u00e3o de Pessoas e Bens<\/strong><\/td>\n<td bgcolor=\"#EEEFFD\">861.01<\/td>\n<td bgcolor=\"#EEEFFD\">Combate a Inc\u00eandio com instru\u00e7\u00e3o Pr\u00e1tica<\/td>\n<td bgcolor=\"#EEEFFD\">7 horas<\/td>\n<\/tr>\n<tr bgcolor=\"#FFFFFF\">\n<td bgcolor=\"#EEEFFD\">861.02<\/td>\n<td bgcolor=\"#EEEFFD\">Organiza\u00e7\u00e3o de Emerg\u00eancia e Evacua\u00e7\u00e3o de Edif\u00edcios<\/td>\n<td bgcolor=\"#EEEFFD\">7 horas<\/td>\n<\/tr>\n<tr bgcolor=\"#FFFFFF\">\n<td bgcolor=\"#EEEFFD\">861.03<\/td>\n<td bgcolor=\"#EEEFFD\">Seguran\u00e7a contra Inc\u00eandios e Medidas de Autoprote\u00e7\u00e3o<\/td>\n<td bgcolor=\"#EEEFFD\">7 horas<\/td>\n<\/tr>\n<tr bgcolor=\"#FFFFFF\">\n<td bgcolor=\"#EEEFFD\">861.04<\/td>\n<td bgcolor=\"#EEEFFD\">Evacua\u00e7\u00e3o de Edif\u00edcios<\/td>\n<td bgcolor=\"#EEEFFD\">7 horas<\/td>\n<\/tr>\n<tr bgcolor=\"#FFFFFF\">\n<td bgcolor=\"#EEEFFD\">861.05<\/td>\n<td bgcolor=\"#EEEFFD\">Equipas de Interven\u00e7\u00e3o em caso de Emerg\u00eancia<\/td>\n<td bgcolor=\"#EEEFFD\">7 horas \/ 14 horas<\/td>\n<\/tr>\n<tr>\n<td bgcolor=\"#F4F4F4\"><strong>\u00c1rea<\/strong><\/td>\n<td bgcolor=\"#F4F4F4\"><strong>Ref\u00aa.<\/strong><\/td>\n<td bgcolor=\"#F4F4F4\">\n<div align=\"center\"><strong>Ac\u00e7\u00e3o de Forma\u00e7\u00e3o<\/strong><\/div>\n<\/td>\n<td bgcolor=\"#F4F4F4\"><strong>Dura\u00e7\u00e3o<\/strong><\/td>\n<\/tr>\n<tr>\n<td rowspan=\"3\" align=\"center\" bgcolor=\"#EEEFFD\"><strong>859 &#8211; Prote\u00e7\u00e3o Ambiental<\/strong><\/td>\n<td bgcolor=\"#EEEFFD\">859.01<\/td>\n<td bgcolor=\"#EEEFFD\">Sensibiliza\u00e7\u00e3o \/ Educa\u00e7\u00e3o Ambiental<\/td>\n<td bgcolor=\"#EEEFFD\">7 horas<\/td>\n<\/tr>\n<tr>\n<td bgcolor=\"#EEEFFD\">859.02<\/td>\n<td bgcolor=\"#EEEFFD\">Gest\u00e3o de Res\u00edduos<\/td>\n<td bgcolor=\"#EEEFFD\">7 horas<\/td>\n<\/tr>\n<tr>\n<td bgcolor=\"#EEEFFD\">859.03<\/td>\n<td bgcolor=\"#EEEFFD\">Efici\u00eancia Energ\u00e9tica<\/td>\n<td bgcolor=\"#EEEFFD\">7 horas<\/td>\n<\/tr>\n<tr bgcolor=\"#FFFFFF\">\n<td bgcolor=\"#F4F4F4\"><strong>\u00c1rea<\/strong><\/td>\n<td bgcolor=\"#F4F4F4\"><strong>Ref\u00aa.<\/strong><\/td>\n<td bgcolor=\"#F4F4F4\">\n<div align=\"center\"><strong>Ac\u00e7\u00e3o de Forma\u00e7\u00e3o<\/strong><\/div>\n<\/td>\n<td bgcolor=\"#F4F4F4\"><strong>Dura\u00e7\u00e3o<\/strong><\/td>\n<\/tr>\n<tr bgcolor=\"#FFFFFF\">\n<td rowspan=\"19\" align=\"center\" bgcolor=\"#EEEFFD\"><strong>862 &#8211; Higiene e Seguran\u00e7a no Trabalho<\/strong><\/td>\n<td bgcolor=\"#EEEFFD\">862.01<\/td>\n<td bgcolor=\"#EEEFFD\">No\u00e7\u00f5es de Seguran\u00e7a e Saude no Trabalho<\/td>\n<td bgcolor=\"#EEEFFD\">7 horas<\/td>\n<\/tr>\n<tr bgcolor=\"#FFFFFF\">\n<td bgcolor=\"#EEEFFD\">862.02<\/td>\n<td bgcolor=\"#EEEFFD\">Fundamentos em Seguran\u00e7a e sa\u00fade no Trabalho<\/td>\n<td bgcolor=\"#EEEFFD\">35 horas &#8211; B-learning<\/td>\n<\/tr>\n<tr bgcolor=\"#FFFFFF\">\n<td bgcolor=\"#EEEFFD\">862.03<\/td>\n<td bgcolor=\"#EEEFFD\">Primeiros Socorros<\/td>\n<td bgcolor=\"#EEEFFD\">35 horas<\/td>\n<\/tr>\n<tr bgcolor=\"#FFFFFF\">\n<td bgcolor=\"#EEEFFD\">862.04<\/td>\n<td bgcolor=\"#EEEFFD\">Suporte B\u00e1sico de Vida Adulto \u2013 Primeiros socorros<\/td>\n<td bgcolor=\"#EEEFFD\">7 horas<\/td>\n<\/tr>\n<tr bgcolor=\"#FFFFFF\">\n<td bgcolor=\"#EEEFFD\">862.05<\/td>\n<td bgcolor=\"#EEEFFD\">Suporte B\u00e1sico de Vida Pedi\u00e1trico \u2013 Primeiros socorros<\/td>\n<td bgcolor=\"#EEEFFD\">7 horas<\/td>\n<\/tr>\n<tr bgcolor=\"#FFFFFF\">\n<td bgcolor=\"#EEEFFD\">862.06<\/td>\n<td bgcolor=\"#EEEFFD\">Medidas de Atua\u00e7\u00e3o em Caso de Emerg\u00eancia<\/td>\n<td bgcolor=\"#EEEFFD\">7 horas<\/td>\n<\/tr>\n<tr bgcolor=\"#FFFFFF\">\n<td bgcolor=\"#EEEFFD\">862.07<\/td>\n<td bgcolor=\"#EEEFFD\">Trauma e Emerg\u00eancia<\/td>\n<td bgcolor=\"#EEEFFD\">7 horas<\/td>\n<\/tr>\n<tr bgcolor=\"#FFFFFF\">\n<td bgcolor=\"#EEEFFD\">862.08<\/td>\n<td bgcolor=\"#EEEFFD\">Seguran\u00e7a na Movimenta\u00e7\u00e3o Manual de Cargas<\/td>\n<td bgcolor=\"#EEEFFD\">7 horas<\/td>\n<\/tr>\n<tr bgcolor=\"#FFFFFF\">\n<td bgcolor=\"#EEEFFD\">862.09<\/td>\n<td bgcolor=\"#EEEFFD\">Preven\u00e7\u00e3o de Riscos Profissionais<\/td>\n<td bgcolor=\"#EEEFFD\">7 horas<\/td>\n<\/tr>\n<tr bgcolor=\"#FFFFFF\">\n<td bgcolor=\"#EEEFFD\">862.10<\/td>\n<td bgcolor=\"#EEEFFD\">Movimenta\u00e7\u00e3o Manual de Cargas e Mec\u00e2nica de Cargas<\/td>\n<td bgcolor=\"#EEEFFD\">7 horas<\/td>\n<\/tr>\n<tr bgcolor=\"#FFFFFF\">\n<td bgcolor=\"#EEEFFD\">862.11<\/td>\n<td bgcolor=\"#EEEFFD\">Trabalhos em Altura<\/td>\n<td bgcolor=\"#EEEFFD\">7 horas<\/td>\n<\/tr>\n<tr bgcolor=\"#FFFFFF\">\n<td bgcolor=\"#EEEFFD\">862.12<\/td>\n<td bgcolor=\"#EEEFFD\">Preven\u00e7\u00e3o de Riscos na Constru\u00e7\u00e3o Civil<\/td>\n<td bgcolor=\"#EEEFFD\">7 horas<\/td>\n<\/tr>\n<tr bgcolor=\"#FFFFFF\">\n<td bgcolor=\"#EEEFFD\">862.13<\/td>\n<td bgcolor=\"#EEEFFD\">Promo\u00e7\u00e3o da Sa\u00fade e Seguran\u00e7a em Lares<\/td>\n<td bgcolor=\"#EEEFFD\">7 horas<\/td>\n<\/tr>\n<tr bgcolor=\"#FFFFFF\">\n<td bgcolor=\"#EEEFFD\">862.14<\/td>\n<td bgcolor=\"#EEEFFD\">Legisla\u00e7\u00e3o Laboral<\/td>\n<td bgcolor=\"#EEEFFD\">7 horas<\/td>\n<\/tr>\n<tr bgcolor=\"#FFFFFF\">\n<td bgcolor=\"#EEEFFD\">862.15<\/td>\n<td bgcolor=\"#EEEFFD\">Ergonomia Laboral<\/td>\n<td bgcolor=\"#EEEFFD\">7 horas<\/td>\n<\/tr>\n<tr bgcolor=\"#FFFFFF\">\n<td bgcolor=\"#EEEFFD\">862.16<\/td>\n<td bgcolor=\"#EEEFFD\">Ecr\u00e3s de Visualiza\u00e7\u00e3o \u2013 Posturas Ergon\u00f3micas<\/td>\n<td bgcolor=\"#EEEFFD\">7 horas<\/td>\n<\/tr>\n<tr bgcolor=\"#FFFFFF\">\n<td bgcolor=\"#EEEFFD\">862.17<\/td>\n<td bgcolor=\"#EEEFFD\">Promo\u00e7\u00e3o da Sa\u00fade e Seguran\u00e7a em Creches e Jardins de Inf\u00e2ncia<\/td>\n<td bgcolor=\"#EEEFFD\">7 horas<\/td>\n<\/tr>\n<tr bgcolor=\"#FFFFFF\">\n<td bgcolor=\"#EEEFFD\">862.18<\/td>\n<td bgcolor=\"#EEEFFD\">Riscos Psicossociais Emergentes<\/td>\n<td bgcolor=\"#EEEFFD\">7 horas<\/td>\n<\/tr>\n<tr bgcolor=\"#FFFFFF\">\n<td bgcolor=\"#EEEFFD\">862.19<\/td>\n<td bgcolor=\"#EEEFFD\">Manuseamento e Armazenamento de Produtos Qu\u00edmicos<\/td>\n<td bgcolor=\"#EEEFFD\">7 horas<\/td>\n<\/tr>\n<\/tbody>\n<\/table>\n<h5 style=\"text-align: center;\"><a href=\"\/?page_id=4425\" class=\"btn_smallgreen\">INSCREVA-SE NOS PROGRAMAS DE FORMA\u00c7\u00c3O DISPON\u00cdVEIS<\/a><\/h5>\n<p>Ou,\u00a0 para forma\u00e7\u00e3o \u00e0 medida (intra-empresa) deve ser efectuada uma proposta financeira espec\u00edfica.<\/p>\n<h5><div class=\"alert alert-success\"> <span class=\" icon-check\"><\/span>  <button data-dismiss=\"alert\" class=\"close\" type=\"button\">x<\/button>Fa\u00e7a-nos uma consulta sem compromisso. Estamos dispon\u00edveis para elaborar a melhor proposta para satisfazer as suas necessidades de neg\u00f3cio!<\/div><a href=\"\/?page_id=4329\" class=\"btn_smallgreen\">Solicite-nos uma Proposta<\/a><\/h5>\n","protected":false},"excerpt":{"rendered":"<p>Santos &amp; Vieira oferece um servi\u00e7o de elevada qualidade na \u00e1rea da Forma\u00e7\u00e3o, atrav\u00e9s de um levantamento das necessidades nas empresas, efectuando um plano de forma\u00e7\u00e3o anual, emitindo os respectivos certificados de forma\u00e7\u00e3o profissional. O C\u00f3digo de Trabalho garante o direito individual do trabalhador \u00e0 forma\u00e7\u00e3o, prevendo a cria\u00e7\u00e3o de condi\u00e7\u00f5es objectivas para o seu [&hellip;]<\/p>\n","protected":false},"author":1,"featured_media":5374,"parent":35,"menu_order":5,"comment_status":"open","ping_status":"open","template":"","meta":[],"_links":{"self":[{"href":"https:\/\/santosvieiralda.com\/index.php?rest_route=\/wp\/v2\/pages\/4172"}],"collection":[{"href":"https:\/\/santosvieiralda.com\/index.php?rest_route=\/wp\/v2\/pages"}],"about":[{"href":"https:\/\/santosvieiralda.com\/index.php?rest_route=\/wp\/v2\/types\/page"}],"author":[{"embeddable":true,"href":"https:\/\/santosvieiralda.com\/index.php?rest_route=\/wp\/v2\/users\/1"}],"replies":[{"embeddable":true,"href":"https:\/\/santosvieiralda.com\/index.php?rest_route=%2Fwp%2Fv2%2Fcomments&post=4172"}],"version-history":[{"count":32,"href":"https:\/\/santosvieiralda.com\/index.php?rest_route=\/wp\/v2\/pages\/4172\/revisions"}],"predecessor-version":[{"id":5800,"href":"https:\/\/santosvieiralda.com\/index.php?rest_route=\/wp\/v2\/pages\/4172\/revisions\/5800"}],"up":[{"embeddable":true,"href":"https:\/\/santosvieiralda.com\/index.php?rest_route=\/wp\/v2\/pages\/35"}],"wp:featuredmedia":[{"embeddable":true,"href":"https:\/\/santosvieiralda.com\/index.php?rest_route=\/wp\/v2\/media\/5374"}],"wp:attachment":[{"href":"https:\/\/santosvieiralda.com\/index.php?rest_route=%2Fwp%2Fv2%2Fmedia&parent=4172"}],"curies":[{"name":"wp","href":"https:\/\/api.w.org\/{rel}","templated":true}]}}