{"id":4178,"date":"2013-08-31T10:16:10","date_gmt":"2013-08-31T10:16:10","guid":{"rendered":"https:\/\/santosvieiralda.com\/?page_id=4178"},"modified":"2013-12-31T18:00:31","modified_gmt":"2013-12-31T18:00:31","slug":"projeto-de-seguranca-contra-incendios-em-edificios","status":"publish","type":"page","link":"https:\/\/santosvieiralda.com\/?page_id=4178","title":{"rendered":"Projeto de Seguran\u00e7a Contra Inc\u00eandios em Edif\u00edcios"},"content":{"rendered":"<div class=\"aq-template-wrapper aq_row\"><div class=\"aq_span4 clearfix aq-first\"><img loading=\"lazy\" class=\"aligncenter size-medium wp-image-5176\" alt=\"contra_incen1\" src=\"http:\/\/santosvieiralda.com\/wp-content\/uploads\/2013\/08\/contra_incen11-300x154.jpg\" width=\"300\" height=\"154\" srcset=\"https:\/\/santosvieiralda.com\/wp-content\/uploads\/2013\/08\/contra_incen11-300x154.jpg 300w, https:\/\/santosvieiralda.com\/wp-content\/uploads\/2013\/08\/contra_incen11.jpg 700w\" sizes=\"(max-width: 300px) 100vw, 300px\" \/><\/div><div class=\"aq_span4 clearfix \"><img loading=\"lazy\" class=\"aligncenter size-medium wp-image-5177\" alt=\"contra_incen2\" src=\"http:\/\/santosvieiralda.com\/wp-content\/uploads\/2013\/08\/contra_incen21-300x154.jpg\" width=\"300\" height=\"154\" srcset=\"https:\/\/santosvieiralda.com\/wp-content\/uploads\/2013\/08\/contra_incen21-300x154.jpg 300w, https:\/\/santosvieiralda.com\/wp-content\/uploads\/2013\/08\/contra_incen21.jpg 700w\" sizes=\"(max-width: 300px) 100vw, 300px\" \/><\/div><div class=\"aq_span4 clearfix \"><img loading=\"lazy\" class=\"aligncenter size-medium wp-image-5178\" alt=\"contra_incen3\" src=\"http:\/\/santosvieiralda.com\/wp-content\/uploads\/2013\/08\/contra_incen31-300x154.jpg\" width=\"300\" height=\"154\" srcset=\"https:\/\/santosvieiralda.com\/wp-content\/uploads\/2013\/08\/contra_incen31-300x154.jpg 300w, https:\/\/santosvieiralda.com\/wp-content\/uploads\/2013\/08\/contra_incen31.jpg 700w\" sizes=\"(max-width: 300px) 100vw, 300px\" \/><\/div><\/div>\n<p style=\"text-align: justify;\">Elabora\u00e7\u00e3o do projeto de especialidade de Seguran\u00e7a Contra Inc\u00eandio em Edif\u00edcios.<\/p>\n<p style=\"text-align: justify;\">O projeto de especialidade de seguran\u00e7a contra inc\u00eandios aplica-se a edif\u00edcios ou recintos em fase de projeto e constru\u00e7\u00e3o ou em fase de remodela\u00e7\u00e3o, sendo constitu\u00eddo por pe\u00e7as escritas e desenhadas.<\/p>\n<h5><div class=\"alert alert-success\"> <span class=\" icon-check\"><\/span>  <button data-dismiss=\"alert\" class=\"close\" type=\"button\">x<\/button>Fa\u00e7a-nos uma consulta sem compromisso. Estamos dispon\u00edveis para elaborar a melhor proposta para satisfazer as suas necessidades de neg\u00f3cio!<\/div>[button class=&#8221;btn_smallblue&#8221; url=&#8221;\/?page_id=4329&#8243; text=&#8221;Solicite-nos uma Proposta&#8221;]<\/h5>\n","protected":false},"excerpt":{"rendered":"<p>Elabora\u00e7\u00e3o do projeto de especialidade de Seguran\u00e7a Contra Inc\u00eandio em Edif\u00edcios. O projeto de especialidade de seguran\u00e7a contra inc\u00eandios aplica-se a edif\u00edcios ou recintos em fase de projeto e constru\u00e7\u00e3o ou em fase de remodela\u00e7\u00e3o, sendo constitu\u00eddo por pe\u00e7as escritas e desenhadas. [button class=&#8221;btn_smallblue&#8221; url=&#8221;\/?page_id=4329&#8243; text=&#8221;Solicite-nos uma Proposta&#8221;]<\/p>\n","protected":false},"author":1,"featured_media":0,"parent":35,"menu_order":6,"comment_status":"open","ping_status":"open","template":"","meta":[],"_links":{"self":[{"href":"https:\/\/santosvieiralda.com\/index.php?rest_route=\/wp\/v2\/pages\/4178"}],"collection":[{"href":"https:\/\/santosvieiralda.com\/index.php?rest_route=\/wp\/v2\/pages"}],"about":[{"href":"https:\/\/santosvieiralda.com\/index.php?rest_route=\/wp\/v2\/types\/page"}],"author":[{"embeddable":true,"href":"https:\/\/santosvieiralda.com\/index.php?rest_route=\/wp\/v2\/users\/1"}],"replies":[{"embeddable":true,"href":"https:\/\/santosvieiralda.com\/index.php?rest_route=%2Fwp%2Fv2%2Fcomments&post=4178"}],"version-history":[{"count":7,"href":"https:\/\/santosvieiralda.com\/index.php?rest_route=\/wp\/v2\/pages\/4178\/revisions"}],"predecessor-version":[{"id":4180,"href":"https:\/\/santosvieiralda.com\/index.php?rest_route=\/wp\/v2\/pages\/4178\/revisions\/4180"}],"up":[{"embeddable":true,"href":"https:\/\/santosvieiralda.com\/index.php?rest_route=\/wp\/v2\/pages\/35"}],"wp:attachment":[{"href":"https:\/\/santosvieiralda.com\/index.php?rest_route=%2Fwp%2Fv2%2Fmedia&parent=4178"}],"curies":[{"name":"wp","href":"https:\/\/api.w.org\/{rel}","templated":true}]}}