{"id":4187,"date":"2013-08-31T10:46:12","date_gmt":"2013-08-31T10:46:12","guid":{"rendered":"https:\/\/santosvieiralda.com\/?page_id=4187"},"modified":"2015-02-18T10:18:55","modified_gmt":"2015-02-18T10:18:55","slug":"servicos-administrativos","status":"publish","type":"page","link":"https:\/\/santosvieiralda.com\/?page_id=4187","title":{"rendered":"Servi\u00e7os Administrativos"},"content":{"rendered":"<div class=\"aq-template-wrapper aq_row\"><div class=\"aq_span4 clearfix aq-first\"><img loading=\"lazy\" class=\"aligncenter size-medium wp-image-5180\" alt=\"serv_adm1\" src=\"http:\/\/santosvieiralda.com\/wp-content\/uploads\/2013\/08\/serv_adm11-300x154.jpg\" width=\"300\" height=\"154\" srcset=\"https:\/\/santosvieiralda.com\/wp-content\/uploads\/2013\/08\/serv_adm11-300x154.jpg 300w, https:\/\/santosvieiralda.com\/wp-content\/uploads\/2013\/08\/serv_adm11.jpg 700w\" sizes=\"(max-width: 300px) 100vw, 300px\" \/><\/div><div class=\"aq_span4 clearfix \"><img loading=\"lazy\" class=\"aligncenter size-medium wp-image-5181\" alt=\"serv_adm2\" src=\"http:\/\/santosvieiralda.com\/wp-content\/uploads\/2013\/08\/serv_adm21-300x154.jpg\" width=\"300\" height=\"154\" srcset=\"https:\/\/santosvieiralda.com\/wp-content\/uploads\/2013\/08\/serv_adm21-300x154.jpg 300w, https:\/\/santosvieiralda.com\/wp-content\/uploads\/2013\/08\/serv_adm21.jpg 700w\" sizes=\"(max-width: 300px) 100vw, 300px\" \/><\/div><div class=\"aq_span4 clearfix \"><img loading=\"lazy\" class=\"aligncenter size-medium wp-image-5182\" alt=\"serv_adm3\" src=\"http:\/\/santosvieiralda.com\/wp-content\/uploads\/2013\/08\/serv_adm31-300x154.jpg\" width=\"300\" height=\"154\" srcset=\"https:\/\/santosvieiralda.com\/wp-content\/uploads\/2013\/08\/serv_adm31-300x154.jpg 300w, https:\/\/santosvieiralda.com\/wp-content\/uploads\/2013\/08\/serv_adm31.jpg 700w\" sizes=\"(max-width: 300px) 100vw, 300px\" \/><\/div><\/div>\n<p style=\"text-align: justify;\" align=\"justify\">No \u00e2mbito da parceria a que nos propomos estabelecer com os nossos clientes, tendo como objectivo a apresenta\u00e7\u00e3o das solu\u00e7\u00f5es mais adequadas a cada um, a<strong> Santos &amp; Vieira <\/strong>trata de todos os aspectos burocr\u00e1ticos que envolvem os servi\u00e7os de Sa\u00fade, Higiene e Seguran\u00e7a no Trabalho:<\/p>\n<ul class=\"arrow\">\n<li>Dados identificativos da empresa para elabora\u00e7\u00e3o do contrato de presta\u00e7\u00e3o de servi\u00e7os;<\/li>\n<li>Dados dos trabalhadores;<\/li>\n<li>Admiss\u00e3o de novos trabalhadores;<\/li>\n<li>Demiss\u00e3o de trabalhadores;<\/li>\n<li>Fotoc\u00f3pia dos documentos relativos a baixas m\u00e9dicas;<\/li>\n<li>Fotoc\u00f3pia dos registos de acidentes de trabalho;<\/li>\n<li>Elementos sobre as instala\u00e7\u00f5es e produtos utilizados;<\/li>\n<li>Altera\u00e7\u00f5es significativas da empresa, que impliquem a tomada de novas medidas de Higiene e Seguran\u00e7a.<\/li>\n<\/ul>\n<p>A Santos &amp; Vieira<strong> <\/strong>garante a confidencialidade de todos os dados que lhe forem fornecidos pela sua Empresa.<\/p>\n<p>&nbsp;<\/p>\n<h5><div class=\"alert alert-success\"> <span class=\" icon-check\"><\/span>  <button data-dismiss=\"alert\" class=\"close\" type=\"button\">x<\/button>Fa\u00e7a-nos uma consulta sem compromisso. Estamos dispon\u00edveis para elaborar a melhor proposta para satisfazer as suas necessidades de neg\u00f3cio!<\/div>[button class=&#8221;btn_smallblue&#8221; url=&#8221;\/?page_id=4329&#8243; text=&#8221;Solicite-nos uma Proposta&#8221;]<\/h5>\n","protected":false},"excerpt":{"rendered":"<p>No \u00e2mbito da parceria a que nos propomos estabelecer com os nossos clientes, tendo como objectivo a apresenta\u00e7\u00e3o das solu\u00e7\u00f5es mais adequadas a cada um, a Santos &amp; Vieira trata de todos os aspectos burocr\u00e1ticos que envolvem os servi\u00e7os de Sa\u00fade, Higiene e Seguran\u00e7a no Trabalho: Dados identificativos da empresa para elabora\u00e7\u00e3o do contrato de [&hellip;]<\/p>\n","protected":false},"author":1,"featured_media":0,"parent":35,"menu_order":7,"comment_status":"open","ping_status":"open","template":"","meta":[],"_links":{"self":[{"href":"https:\/\/santosvieiralda.com\/index.php?rest_route=\/wp\/v2\/pages\/4187"}],"collection":[{"href":"https:\/\/santosvieiralda.com\/index.php?rest_route=\/wp\/v2\/pages"}],"about":[{"href":"https:\/\/santosvieiralda.com\/index.php?rest_route=\/wp\/v2\/types\/page"}],"author":[{"embeddable":true,"href":"https:\/\/santosvieiralda.com\/index.php?rest_route=\/wp\/v2\/users\/1"}],"replies":[{"embeddable":true,"href":"https:\/\/santosvieiralda.com\/index.php?rest_route=%2Fwp%2Fv2%2Fcomments&post=4187"}],"version-history":[{"count":7,"href":"https:\/\/santosvieiralda.com\/index.php?rest_route=\/wp\/v2\/pages\/4187\/revisions"}],"predecessor-version":[{"id":5671,"href":"https:\/\/santosvieiralda.com\/index.php?rest_route=\/wp\/v2\/pages\/4187\/revisions\/5671"}],"up":[{"embeddable":true,"href":"https:\/\/santosvieiralda.com\/index.php?rest_route=\/wp\/v2\/pages\/35"}],"wp:attachment":[{"href":"https:\/\/santosvieiralda.com\/index.php?rest_route=%2Fwp%2Fv2%2Fmedia&parent=4187"}],"curies":[{"name":"wp","href":"https:\/\/api.w.org\/{rel}","templated":true}]}}