{"id":4191,"date":"2013-08-31T10:50:21","date_gmt":"2013-08-31T10:50:21","guid":{"rendered":"https:\/\/santosvieiralda.com\/?page_id=4191"},"modified":"2013-12-31T18:06:05","modified_gmt":"2013-12-31T18:06:05","slug":"modelo-1360","status":"publish","type":"page","link":"https:\/\/santosvieiralda.com\/?page_id=4191","title":{"rendered":"Modelo 1360"},"content":{"rendered":"<div class=\"aq-template-wrapper aq_row\"><div class=\"aq_span4 clearfix aq-first\"><img loading=\"lazy\" class=\"aligncenter size-medium wp-image-5185\" alt=\"contra_incen1\" src=\"http:\/\/santosvieiralda.com\/wp-content\/uploads\/2013\/08\/contra_incen12-300x154.jpg\" width=\"300\" height=\"154\" srcset=\"https:\/\/santosvieiralda.com\/wp-content\/uploads\/2013\/08\/contra_incen12-300x154.jpg 300w, https:\/\/santosvieiralda.com\/wp-content\/uploads\/2013\/08\/contra_incen12.jpg 700w\" sizes=\"(max-width: 300px) 100vw, 300px\" \/><\/div><div class=\"aq_span4 clearfix \"><img loading=\"lazy\" class=\"aligncenter size-medium wp-image-5177\" alt=\"contra_incen2\" src=\"http:\/\/santosvieiralda.com\/wp-content\/uploads\/2013\/08\/contra_incen21-300x154.jpg\" width=\"300\" height=\"154\" srcset=\"https:\/\/santosvieiralda.com\/wp-content\/uploads\/2013\/08\/contra_incen21-300x154.jpg 300w, https:\/\/santosvieiralda.com\/wp-content\/uploads\/2013\/08\/contra_incen21.jpg 700w\" sizes=\"(max-width: 300px) 100vw, 300px\" \/><\/div><div class=\"aq_span4 clearfix \"><img loading=\"lazy\" class=\"aligncenter size-medium wp-image-5178\" alt=\"contra_incen3\" src=\"http:\/\/santosvieiralda.com\/wp-content\/uploads\/2013\/08\/contra_incen31-300x154.jpg\" width=\"300\" height=\"154\" srcset=\"https:\/\/santosvieiralda.com\/wp-content\/uploads\/2013\/08\/contra_incen31-300x154.jpg 300w, https:\/\/santosvieiralda.com\/wp-content\/uploads\/2013\/08\/contra_incen31.jpg 700w\" sizes=\"(max-width: 300px) 100vw, 300px\" \/><\/div><\/div>\n<p style=\"text-align: justify;\">O Modelo 1360 \u00a0\u00e9 a \u00a0notifica\u00e7\u00e3o oficial da modalidade adotada na organiza\u00e7\u00e3o dos servi\u00e7os de seguran\u00e7a, higiene e sa\u00fade no trabalho, bem como das suas altera\u00e7\u00f5es nos trinta dias seguintes \u00e0 verifica\u00e7\u00e3o de qualquer dos factos. (art. 113 da Lei n.\u00ba 102\/2009 de 10 de Setembro)<\/p>\n<p style=\"text-align: justify;\">Este modelo dever\u00e1 ser autenticado pela delega\u00e7\u00e3o da ACT (Autoridade para as Condi\u00e7\u00f5es de Trabalho) de acordo com a localiza\u00e7\u00e3o dos estabelecimentos da empresa cliente.<\/p>\n<p style=\"text-align: center;\"><a href=\"http:\/\/santosvieiralda.com\/wp-content\/uploads\/2013\/08\/Modelo-1360.jpg\"><img loading=\"lazy\" class=\"aligncenter  wp-image-4192\" alt=\"Modelo 1360\" src=\"http:\/\/santosvieiralda.com\/wp-content\/uploads\/2013\/08\/Modelo-1360.jpg\" width=\"438\" height=\"668\" srcset=\"https:\/\/santosvieiralda.com\/wp-content\/uploads\/2013\/08\/Modelo-1360.jpg 1488w, https:\/\/santosvieiralda.com\/wp-content\/uploads\/2013\/08\/Modelo-1360-196x300.jpg 196w, https:\/\/santosvieiralda.com\/wp-content\/uploads\/2013\/08\/Modelo-1360-670x1024.jpg 670w\" sizes=\"(max-width: 438px) 100vw, 438px\" \/><\/a><\/p>\n<h5><div class=\"alert alert-success\"> <span class=\" icon-check\"><\/span>  <button data-dismiss=\"alert\" class=\"close\" type=\"button\">x<\/button>Fa\u00e7a-nos uma consulta sem compromisso. Estamos dispon\u00edveis para elaborar a melhor proposta para satisfazer as suas necessidades de neg\u00f3cio!<\/div>[button class=&#8221;btn_smallblue&#8221; url=&#8221;\/?page_id=4329&#8243; text=&#8221;Solicite-nos uma Proposta&#8221;]<\/h5>\n","protected":false},"excerpt":{"rendered":"<p>O Modelo 1360 \u00a0\u00e9 a \u00a0notifica\u00e7\u00e3o oficial da modalidade adotada na organiza\u00e7\u00e3o dos servi\u00e7os de seguran\u00e7a, higiene e sa\u00fade no trabalho, bem como das suas altera\u00e7\u00f5es nos trinta dias seguintes \u00e0 verifica\u00e7\u00e3o de qualquer dos factos. (art. 113 da Lei n.\u00ba 102\/2009 de 10 de Setembro) Este modelo dever\u00e1 ser autenticado pela delega\u00e7\u00e3o da ACT [&hellip;]<\/p>\n","protected":false},"author":1,"featured_media":0,"parent":4187,"menu_order":0,"comment_status":"open","ping_status":"open","template":"","meta":[],"_links":{"self":[{"href":"https:\/\/santosvieiralda.com\/index.php?rest_route=\/wp\/v2\/pages\/4191"}],"collection":[{"href":"https:\/\/santosvieiralda.com\/index.php?rest_route=\/wp\/v2\/pages"}],"about":[{"href":"https:\/\/santosvieiralda.com\/index.php?rest_route=\/wp\/v2\/types\/page"}],"author":[{"embeddable":true,"href":"https:\/\/santosvieiralda.com\/index.php?rest_route=\/wp\/v2\/users\/1"}],"replies":[{"embeddable":true,"href":"https:\/\/santosvieiralda.com\/index.php?rest_route=%2Fwp%2Fv2%2Fcomments&post=4191"}],"version-history":[{"count":6,"href":"https:\/\/santosvieiralda.com\/index.php?rest_route=\/wp\/v2\/pages\/4191\/revisions"}],"predecessor-version":[{"id":5186,"href":"https:\/\/santosvieiralda.com\/index.php?rest_route=\/wp\/v2\/pages\/4191\/revisions\/5186"}],"up":[{"embeddable":true,"href":"https:\/\/santosvieiralda.com\/index.php?rest_route=\/wp\/v2\/pages\/4187"}],"wp:attachment":[{"href":"https:\/\/santosvieiralda.com\/index.php?rest_route=%2Fwp%2Fv2%2Fmedia&parent=4191"}],"curies":[{"name":"wp","href":"https:\/\/api.w.org\/{rel}","templated":true}]}}