{"id":4262,"date":"2013-09-01T11:50:57","date_gmt":"2013-09-01T11:50:57","guid":{"rendered":"https:\/\/santosvieiralda.com\/?page_id=4262"},"modified":"2013-12-31T19:10:02","modified_gmt":"2013-12-31T19:10:02","slug":"a-nossa-equipa","status":"publish","type":"page","link":"https:\/\/santosvieiralda.com\/?page_id=4262","title":{"rendered":"A Nossa Equipa"},"content":{"rendered":"<div class=\"aq-template-wrapper aq_row\"><div class=\"aq_span6 clearfix aq-first\"><\/p>\n<p style=\"text-align: justify;\">A empresa disp\u00f5e de meios humanos que representam o motor do nosso crescimento, dependendo deles a efici\u00eancia e efic\u00e1cia dos nossos servi\u00e7os. Constitu\u00eddos por uma equipa de profissionais altamente qualificada, com forma\u00e7\u00e3o de n\u00edvel superior, a marcando a diferen\u00e7a num mercado cada vez mais competitivo.<\/p>\n<p style=\"text-align: justify;\" align=\"justify\">Apostamos na forma\u00e7\u00e3o da nossa equipa de trabalho, com vista a aumentar as qualifica\u00e7\u00f5es e conhecimentos dos mesmos, para que continuamente possamos prestar servi\u00e7os de elevada qualidade e manter os nossos clientes com elevados n\u00edveis de satisfa\u00e7\u00e3o.<\/p>\n<p><\/div><div class=\"aq_span6 clearfix omega\"><img loading=\"lazy\" class=\"aligncenter size-medium wp-image-5234\" alt=\"team-work\" src=\"http:\/\/santosvieiralda.com\/wp-content\/uploads\/2013\/09\/team-work1-300x182.jpg\" width=\"300\" height=\"182\" srcset=\"https:\/\/santosvieiralda.com\/wp-content\/uploads\/2013\/09\/team-work1-300x182.jpg 300w, https:\/\/santosvieiralda.com\/wp-content\/uploads\/2013\/09\/team-work1-1024x623.jpg 1024w, https:\/\/santosvieiralda.com\/wp-content\/uploads\/2013\/09\/team-work1.jpg 1481w\" sizes=\"(max-width: 300px) 100vw, 300px\" \/><\/div><\/div>\n<p>&nbsp;<\/p>\n<p align=\"justify\">Meios Humanos Especializados<\/p>\n<p style=\"padding-left: 30px;\"><i class=\"icon-thumbs-up\" style=\"font-size:14px\"><\/i> Especialistas na \u00c1rea Alimentar \u2013 HACCP;<br \/>\n<i class=\"icon-thumbs-up\" style=\"font-size:14px\"><\/i> Engenheiros do Ambiente;<br \/>\n<i class=\"icon-thumbs-up\" style=\"font-size:14px\"><\/i> Engenheiro Civil;<br \/>\n<i class=\"icon-thumbs-up\" style=\"font-size:14px\"><\/i> T\u00e9cnicos Superiores de Seguran\u00e7a Higiene no Trabalho \u2013 CAP V;<br \/>\n<i class=\"icon-thumbs-up\" style=\"font-size:14px\"><\/i> Formadores certificados pelo IEFP (Instituto de Emprego e Forma\u00e7\u00e3o Profissional \u2013 CAP).<\/p>\n<p>&nbsp;<\/p>\n<ul class=\"tabs-nav\"><li><a href=\"#tab1\">Os Nossos Clientes<\/a><\/li><\/ul><div class=\"tabs-container\"><div class=\"tab-content\" id=\"tab1\"><\/div><\/div>\n<table width=\"100%\" border=\"0\">\n<tbody>\n<tr>\n<td>\n<div align=\"center\"><div id=\"metaslider-id-5201\" style=\"max-width: 322px;\" class=\"ml-slider-3-20-1 metaslider metaslider-flex metaslider-5201 ml-slider nav-hidden\">\n    <div id=\"metaslider_container_5201\">\n        <div id=\"metaslider_5201\" class=\"flexslider\">\n            <ul aria-live=\"polite\" class=\"slides\">\n                <li style=\"display: block; width: 100%;\" class=\"slide-5202 ms-image\"><img src=\"https:\/\/santosvieiralda.com\/wp-content\/uploads\/2013\/12\/energy.jpg\" height=\"240\" width=\"322\" alt=\"\" class=\"slider-5201 slide-5202\" \/><\/li>\n                <li style=\"display: none; width: 100%;\" class=\"slide-5203 ms-image\"><img src=\"https:\/\/santosvieiralda.com\/wp-content\/uploads\/2013\/12\/Augusto-Fernandes.jpg\" height=\"240\" width=\"322\" alt=\"\" class=\"slider-5201 slide-5203\" \/><\/li>\n                <li style=\"display: none; width: 100%;\" class=\"slide-5205 ms-image\"><img src=\"https:\/\/santosvieiralda.com\/wp-content\/uploads\/2013\/12\/acucar_bolinhas.jpg\" height=\"240\" width=\"322\" alt=\"\" class=\"slider-5201 slide-5205\" \/><\/li>\n                <li style=\"display: none; width: 100%;\" class=\"slide-5204 ms-image\"><img src=\"https:\/\/santosvieiralda.com\/wp-content\/uploads\/2013\/12\/bio_espress.jpg\" height=\"240\" width=\"322\" alt=\"\" class=\"slider-5201 slide-5204\" \/><\/li>\n            <\/ul>\n        <\/div>\n        \n    <\/div>\n<\/div><\/div>\n<\/td>\n<td>\n<div align=\"center\"><div id=\"metaslider-id-5211\" style=\"max-width: 322px;\" class=\"ml-slider-3-20-1 metaslider metaslider-flex metaslider-5211 ml-slider nav-hidden nav-hidden\">\n    <div id=\"metaslider_container_5211\">\n        <div id=\"metaslider_5211\" class=\"flexslider\">\n            <ul aria-live=\"polite\" class=\"slides\">\n                <li style=\"display: block; width: 100%;\" class=\"slide-5202 ms-image\"><img src=\"https:\/\/santosvieiralda.com\/wp-content\/uploads\/2013\/12\/energy.jpg\" height=\"240\" width=\"322\" alt=\"\" class=\"slider-5211 slide-5202\" \/><\/li>\n                <li style=\"display: none; width: 100%;\" class=\"slide-5203 ms-image\"><img src=\"https:\/\/santosvieiralda.com\/wp-content\/uploads\/2013\/12\/Augusto-Fernandes.jpg\" height=\"240\" width=\"322\" alt=\"\" class=\"slider-5211 slide-5203\" \/><\/li>\n                <li style=\"display: none; width: 100%;\" class=\"slide-5205 ms-image\"><img src=\"https:\/\/santosvieiralda.com\/wp-content\/uploads\/2013\/12\/acucar_bolinhas.jpg\" height=\"240\" width=\"322\" alt=\"\" class=\"slider-5211 slide-5205\" \/><\/li>\n                <li style=\"display: none; width: 100%;\" class=\"slide-5204 ms-image\"><img src=\"https:\/\/santosvieiralda.com\/wp-content\/uploads\/2013\/12\/bio_espress.jpg\" height=\"240\" width=\"322\" alt=\"\" class=\"slider-5211 slide-5204\" \/><\/li>\n            <\/ul>\n        <\/div>\n        \n    <\/div>\n<\/div><\/div>\n<\/td>\n<td>\n<div align=\"center\"><div id=\"metaslider-id-5212\" style=\"max-width: 322px;\" class=\"ml-slider-3-20-1 metaslider metaslider-flex metaslider-5212 ml-slider nav-hidden nav-hidden nav-hidden\">\n    <div id=\"metaslider_container_5212\">\n        <div id=\"metaslider_5212\" class=\"flexslider\">\n            <ul aria-live=\"polite\" class=\"slides\">\n                <li style=\"display: block; width: 100%;\" class=\"slide-5202 ms-image\"><img src=\"https:\/\/santosvieiralda.com\/wp-content\/uploads\/2013\/12\/energy.jpg\" height=\"240\" width=\"322\" alt=\"\" class=\"slider-5212 slide-5202\" \/><\/li>\n                <li style=\"display: none; width: 100%;\" class=\"slide-5203 ms-image\"><img src=\"https:\/\/santosvieiralda.com\/wp-content\/uploads\/2013\/12\/Augusto-Fernandes.jpg\" height=\"240\" width=\"322\" alt=\"\" class=\"slider-5212 slide-5203\" \/><\/li>\n                <li style=\"display: none; width: 100%;\" class=\"slide-5205 ms-image\"><img src=\"https:\/\/santosvieiralda.com\/wp-content\/uploads\/2013\/12\/acucar_bolinhas.jpg\" height=\"240\" width=\"322\" alt=\"\" class=\"slider-5212 slide-5205\" \/><\/li>\n                <li style=\"display: none; width: 100%;\" class=\"slide-5204 ms-image\"><img src=\"https:\/\/santosvieiralda.com\/wp-content\/uploads\/2013\/12\/bio_espress.jpg\" height=\"240\" width=\"322\" alt=\"\" class=\"slider-5212 slide-5204\" \/><\/li>\n            <\/ul>\n        <\/div>\n        \n    <\/div>\n<\/div><\/div>\n<\/td>\n<\/tr>\n<\/tbody>\n<\/table>\n","protected":false},"excerpt":{"rendered":"<p>&nbsp; Meios Humanos Especializados Especialistas na \u00c1rea Alimentar \u2013 HACCP; Engenheiros do Ambiente; Engenheiro Civil; T\u00e9cnicos Superiores de Seguran\u00e7a Higiene no Trabalho \u2013 CAP V; Formadores certificados pelo IEFP (Instituto de Emprego e Forma\u00e7\u00e3o Profissional \u2013 CAP). &nbsp;<\/p>\n","protected":false},"author":1,"featured_media":0,"parent":0,"menu_order":0,"comment_status":"open","ping_status":"closed","template":"page-nosidebar.php","meta":[],"_links":{"self":[{"href":"https:\/\/santosvieiralda.com\/index.php?rest_route=\/wp\/v2\/pages\/4262"}],"collection":[{"href":"https:\/\/santosvieiralda.com\/index.php?rest_route=\/wp\/v2\/pages"}],"about":[{"href":"https:\/\/santosvieiralda.com\/index.php?rest_route=\/wp\/v2\/types\/page"}],"author":[{"embeddable":true,"href":"https:\/\/santosvieiralda.com\/index.php?rest_route=\/wp\/v2\/users\/1"}],"replies":[{"embeddable":true,"href":"https:\/\/santosvieiralda.com\/index.php?rest_route=%2Fwp%2Fv2%2Fcomments&post=4262"}],"version-history":[{"count":7,"href":"https:\/\/santosvieiralda.com\/index.php?rest_route=\/wp\/v2\/pages\/4262\/revisions"}],"predecessor-version":[{"id":5236,"href":"https:\/\/santosvieiralda.com\/index.php?rest_route=\/wp\/v2\/pages\/4262\/revisions\/5236"}],"wp:attachment":[{"href":"https:\/\/santosvieiralda.com\/index.php?rest_route=%2Fwp%2Fv2%2Fmedia&parent=4262"}],"curies":[{"name":"wp","href":"https:\/\/api.w.org\/{rel}","templated":true}]}}