{"id":4280,"date":"2013-09-01T13:39:55","date_gmt":"2013-09-01T13:39:55","guid":{"rendered":"https:\/\/santosvieiralda.com\/?page_id=4280"},"modified":"2014-01-01T11:57:52","modified_gmt":"2014-01-01T11:57:52","slug":"diversos","status":"publish","type":"page","link":"https:\/\/santosvieiralda.com\/?page_id=4280","title":{"rendered":"Diversos"},"content":{"rendered":"<div class=\"aq-template-wrapper aq_row\"><div class=\"aq_span4 clearfix aq-first\"><img loading=\"lazy\" class=\"aligncenter size-medium wp-image-5312\" alt=\"norma1\" src=\"http:\/\/santosvieiralda.com\/wp-content\/uploads\/2013\/09\/norma11-300x154.jpg\" width=\"300\" height=\"154\" srcset=\"https:\/\/santosvieiralda.com\/wp-content\/uploads\/2013\/09\/norma11-300x154.jpg 300w, https:\/\/santosvieiralda.com\/wp-content\/uploads\/2013\/09\/norma11.jpg 700w\" sizes=\"(max-width: 300px) 100vw, 300px\" \/><\/div><div class=\"aq_span4 clearfix \"><img loading=\"lazy\" class=\"aligncenter size-medium wp-image-5313\" alt=\"norma2\" src=\"http:\/\/santosvieiralda.com\/wp-content\/uploads\/2013\/09\/norma21-300x154.jpg\" width=\"300\" height=\"154\" srcset=\"https:\/\/santosvieiralda.com\/wp-content\/uploads\/2013\/09\/norma21-300x154.jpg 300w, https:\/\/santosvieiralda.com\/wp-content\/uploads\/2013\/09\/norma21.jpg 700w\" sizes=\"(max-width: 300px) 100vw, 300px\" \/><\/div><div class=\"aq_span4 clearfix \"><img loading=\"lazy\" class=\"aligncenter size-medium wp-image-5314\" alt=\"norma3\" src=\"http:\/\/santosvieiralda.com\/wp-content\/uploads\/2013\/09\/norma31-300x154.jpg\" width=\"300\" height=\"154\" srcset=\"https:\/\/santosvieiralda.com\/wp-content\/uploads\/2013\/09\/norma31-300x154.jpg 300w, https:\/\/santosvieiralda.com\/wp-content\/uploads\/2013\/09\/norma31.jpg 700w\" sizes=\"(max-width: 300px) 100vw, 300px\" \/><\/div><\/div>\n<p align=\"justify\"><strong>NP 1936<\/strong><br \/>\nSeguran\u00e7a contra inc\u00eandio. Classifica\u00e7\u00e3o de l\u00edquidos quanto ao ponto de inflama\u00e7\u00e3o.<\/p>\n<p align=\"justify\"><strong>NP 4397 <\/strong><br \/>\nSistemas de gest\u00e3o de seguran\u00e7a e sa\u00fade no trabalho. Requisitos<\/p>\n<p align=\"justify\"><strong>NP 4492<\/strong><br \/>\nRequisitos para a presta\u00e7\u00e3o de servi\u00e7os de manuten\u00e7\u00e3o.<\/p>\n<p align=\"justify\"><strong>NP EN ISO 9001 <\/strong><br \/>\nSistemas de gest\u00e3o da qualidade. Requisitos (ISO 9001:2008)<\/p>\n<p align=\"justify\"><strong>NP EN 12874<\/strong><br \/>\nP\u00e1ra-chamas. Requisitos de desempenho, m\u00e9todos de ensaio e limites de utiliza\u00e7\u00e3o<\/p>\n<p align=\"justify\"><strong>NP EN 26184-1<\/strong><br \/>\nSistemas de prote\u00e7\u00e3o contra explos\u00f5es. Parte 1: Determina\u00e7\u00e3o dos \u00edndices de explos\u00e3o das poeiras combust\u00edveis no ar (ISO 6184-1:1985).<\/p>\n<p align=\"justify\"><strong>NP EN 26184-2<\/strong><br \/>\nSistemas de prote\u00e7\u00e3o contra explos\u00f5es. Parte 2: Determina\u00e7\u00e3o dos \u00edndices de explos\u00e3o dos gases combust\u00edveis no ar (ISO 6184-2:1985).<\/p>\n<p align=\"justify\"><strong>NP EN 26184-3<br \/>\n<\/strong>Sistemas de prote\u00e7\u00e3o contra as explos\u00f5es. Parte 3: Determina\u00e7\u00e3o dos \u00edndices de explos\u00e3o das misturas de combust\u00edveis no ar, distintas das misturas poeiras\/ar e gases\/ar (ISO 6184-3:1985).<strong> <\/strong><\/p>\n<p align=\"justify\"><strong>NP EN 26184-4<br \/>\n<\/strong>Sistemas de prote\u00e7\u00e3o contra explos\u00f5es. Parte 4: Determina\u00e7\u00e3o da efic\u00e1cia dos sistemas de<strong> <\/strong>supress\u00e3o das explos\u00f5es (ISO 6184-4:1985).<\/p>\n","protected":false},"excerpt":{"rendered":"<p>NP 1936 Seguran\u00e7a contra inc\u00eandio. Classifica\u00e7\u00e3o de l\u00edquidos quanto ao ponto de inflama\u00e7\u00e3o. NP 4397 Sistemas de gest\u00e3o de seguran\u00e7a e sa\u00fade no trabalho. Requisitos NP 4492 Requisitos para a presta\u00e7\u00e3o de servi\u00e7os de manuten\u00e7\u00e3o. NP EN ISO 9001 Sistemas de gest\u00e3o da qualidade. Requisitos (ISO 9001:2008) NP EN 12874 P\u00e1ra-chamas. Requisitos de desempenho, m\u00e9todos [&hellip;]<\/p>\n","protected":false},"author":1,"featured_media":0,"parent":0,"menu_order":0,"comment_status":"open","ping_status":"open","template":"","meta":[],"_links":{"self":[{"href":"https:\/\/santosvieiralda.com\/index.php?rest_route=\/wp\/v2\/pages\/4280"}],"collection":[{"href":"https:\/\/santosvieiralda.com\/index.php?rest_route=\/wp\/v2\/pages"}],"about":[{"href":"https:\/\/santosvieiralda.com\/index.php?rest_route=\/wp\/v2\/types\/page"}],"author":[{"embeddable":true,"href":"https:\/\/santosvieiralda.com\/index.php?rest_route=\/wp\/v2\/users\/1"}],"replies":[{"embeddable":true,"href":"https:\/\/santosvieiralda.com\/index.php?rest_route=%2Fwp%2Fv2%2Fcomments&post=4280"}],"version-history":[{"count":4,"href":"https:\/\/santosvieiralda.com\/index.php?rest_route=\/wp\/v2\/pages\/4280\/revisions"}],"predecessor-version":[{"id":5316,"href":"https:\/\/santosvieiralda.com\/index.php?rest_route=\/wp\/v2\/pages\/4280\/revisions\/5316"}],"wp:attachment":[{"href":"https:\/\/santosvieiralda.com\/index.php?rest_route=%2Fwp%2Fv2%2Fmedia&parent=4280"}],"curies":[{"name":"wp","href":"https:\/\/api.w.org\/{rel}","templated":true}]}}