{"id":4291,"date":"2013-09-02T09:12:24","date_gmt":"2013-09-02T09:12:24","guid":{"rendered":"https:\/\/santosvieiralda.com\/?page_id=4291"},"modified":"2014-01-01T12:00:22","modified_gmt":"2014-01-01T12:00:22","slug":"classes-de-fogos-agentes-extintores-e-extintores","status":"publish","type":"page","link":"https:\/\/santosvieiralda.com\/?page_id=4291","title":{"rendered":"Classes de Fogos, Agentes Extintores e Extintores"},"content":{"rendered":"<div class=\"aq-template-wrapper aq_row\"><div class=\"aq_span4 clearfix aq-first\"><img loading=\"lazy\" class=\"aligncenter size-medium wp-image-5312\" alt=\"norma1\" src=\"http:\/\/santosvieiralda.com\/wp-content\/uploads\/2013\/09\/norma11-300x154.jpg\" width=\"300\" height=\"154\" srcset=\"https:\/\/santosvieiralda.com\/wp-content\/uploads\/2013\/09\/norma11-300x154.jpg 300w, https:\/\/santosvieiralda.com\/wp-content\/uploads\/2013\/09\/norma11.jpg 700w\" sizes=\"(max-width: 300px) 100vw, 300px\" \/><\/div><div class=\"aq_span4 clearfix \"><img loading=\"lazy\" class=\"aligncenter size-medium wp-image-5313\" alt=\"norma2\" src=\"http:\/\/santosvieiralda.com\/wp-content\/uploads\/2013\/09\/norma21-300x154.jpg\" width=\"300\" height=\"154\" srcset=\"https:\/\/santosvieiralda.com\/wp-content\/uploads\/2013\/09\/norma21-300x154.jpg 300w, https:\/\/santosvieiralda.com\/wp-content\/uploads\/2013\/09\/norma21.jpg 700w\" sizes=\"(max-width: 300px) 100vw, 300px\" \/><\/div><div class=\"aq_span4 clearfix \"><img loading=\"lazy\" class=\"aligncenter size-medium wp-image-5314\" alt=\"norma3\" src=\"http:\/\/santosvieiralda.com\/wp-content\/uploads\/2013\/09\/norma31-300x154.jpg\" width=\"300\" height=\"154\" srcset=\"https:\/\/santosvieiralda.com\/wp-content\/uploads\/2013\/09\/norma31-300x154.jpg 300w, https:\/\/santosvieiralda.com\/wp-content\/uploads\/2013\/09\/norma31.jpg 700w\" sizes=\"(max-width: 300px) 100vw, 300px\" \/><\/div><\/div>\n<p align=\"justify\"><strong>NP EN 2<\/strong><br \/>\nClasses de fogos<\/p>\n<p align=\"justify\"><strong>NP EN 3-3<\/strong><br \/>\nExtintores de inc\u00eandio port\u00e1teis. Parte 3: Constru\u00e7\u00e3o, resist\u00eancia \u00e0 press\u00e3o, ensaios mec\u00e2nicos.<\/p>\n<p align=\"justify\"><strong>NP EN 3-6<\/strong><br \/>\nExtintores de inc\u00eandio port\u00e1teis. Parte 6: Disposi\u00e7\u00f5es visando a avalia\u00e7\u00e3o de conformidade dos extintores de inc\u00eandio port\u00e1teis de acordo com a EN 3 partes 1 a 5.<\/p>\n<p align=\"justify\"><strong>NP EN 3-7<\/strong><br \/>\nExtintores de inc\u00eandio port\u00e1teis. Parte 7: Caracter\u00edsticas, desempenho e m\u00e9todos de ensaio<\/p>\n<p align=\"justify\"><strong>EN 3-8<\/strong><br \/>\n<em>Portable fire extinguishers. Part 8: Additional requirements to EN 3-7 for the construction, resistance to pressure and mechanical tests for extinguishers with a maximum allowable pressure equal to or lower than 30 bar. <\/em><\/p>\n<p align=\"justify\"><strong>EN 3-10<br \/>\n<\/strong>Portable fire extinguishers. Part 10: Provisions for evaluating the conformity of a portable fire extinguisher to EN 3-7.<strong><\/strong><\/p>\n<p align=\"justify\"><strong>NP EN 615<br \/>\n<\/strong>Seguran\u00e7a contra inc\u00eandio. Agentes extintores. Especifica\u00e7\u00f5es para os p\u00f3s (distintos dos p\u00f3s classe D)<strong> <\/strong><\/p>\n<p align=\"justify\"><strong>EN 1568-1<br \/>\n<\/strong>Fire extinguishing media &#8211; foam concentrates. Part 1: specifications for medium expansion foam concentrates for surface application to water-immiscible liquids<strong> <\/strong><\/p>\n<p align=\"justify\"><strong>EN 1568-2<br \/>\n<\/strong>Fire extinguishing media &#8211; foam concentrates. Part 2: specifications for high expansion foam concentrates for surface application to water-immiscible liquids<strong> <\/strong><\/p>\n<p align=\"justify\"><strong>EN 1568-3<br \/>\n<\/strong>Fire extinguishing media &#8211; foam concentrates. Part 3: specifications for low expansion foam concentrates for surface application to water immiscible liquids<strong> <\/strong><\/p>\n<p align=\"justify\"><strong>EN 1568-4<br \/>\n<\/strong>Fire extinguishing media &#8211; foam concentrates. Part 4: specifications for low expansion foam concentrates for surface application to water-miscible liquids<strong> <\/strong><\/p>\n<p align=\"justify\"><strong>NP 1800<br \/>\n<\/strong>Seguran\u00e7a contra inc\u00eandio. Agentes extintores. Selec\u00e7\u00e3o segundo as classes de fogos<strong> <\/strong><\/p>\n<p align=\"justify\"><strong>NP EN 1866<br \/>\n<\/strong>Extintores de inc\u00eandio m\u00f3veis<strong> <\/strong><\/p>\n<p align=\"justify\"><strong>NP EN 1869<br \/>\n<\/strong>Mantas de inc\u00eandio<strong> <\/strong><\/p>\n<p align=\"justify\"><strong>NP 3064<br \/>\n<\/strong>Seguran\u00e7a contra inc\u00eandio. Utiliza\u00e7\u00e3o dos extintores de inc\u00eandio port\u00e1teis (Em revis\u00e3o)<strong> <\/strong><\/p>\n<p align=\"justify\"><strong>NP 4413<br \/>\n<\/strong>Seguran\u00e7a contra inc\u00eandio. Manuten\u00e7\u00e3o de extintores<strong> <\/strong><\/p>\n<p align=\"justify\"><strong>NP EN 25293<br \/>\n<\/strong>Seguran\u00e7a contra inc\u00eandio. Agentes extintores. Di\u00f3xido de carbono<strong><\/strong><\/p>\n<p align=\"justify\"><strong>NP EN 27201-1<br \/>\n<\/strong>Seguran\u00e7a contra inc\u00eandio. Agentes extintores. Hidrocarbonetos halogenados. Parte 1: especifica\u00e7\u00f5es para halons 1211 e 1301<strong> <\/strong><\/p>\n<p align=\"justify\"><strong>NP EN 27201-2<br \/>\n<\/strong>Seguran\u00e7a contra inc\u00eandio. Agentes extintores. Hidrocarbonetos halogenados. Parte 2: especifica\u00e7\u00f5es para a manipula\u00e7\u00e3o de seguran\u00e7a e m\u00e9todos de trasfega<\/p>\n","protected":false},"excerpt":{"rendered":"<p>NP EN 2 Classes de fogos NP EN 3-3 Extintores de inc\u00eandio port\u00e1teis. Parte 3: Constru\u00e7\u00e3o, resist\u00eancia \u00e0 press\u00e3o, ensaios mec\u00e2nicos. NP EN 3-6 Extintores de inc\u00eandio port\u00e1teis. Parte 6: Disposi\u00e7\u00f5es visando a avalia\u00e7\u00e3o de conformidade dos extintores de inc\u00eandio port\u00e1teis de acordo com a EN 3 partes 1 a 5. NP EN 3-7 Extintores [&hellip;]<\/p>\n","protected":false},"author":1,"featured_media":0,"parent":0,"menu_order":0,"comment_status":"open","ping_status":"open","template":"","meta":[],"_links":{"self":[{"href":"https:\/\/santosvieiralda.com\/index.php?rest_route=\/wp\/v2\/pages\/4291"}],"collection":[{"href":"https:\/\/santosvieiralda.com\/index.php?rest_route=\/wp\/v2\/pages"}],"about":[{"href":"https:\/\/santosvieiralda.com\/index.php?rest_route=\/wp\/v2\/types\/page"}],"author":[{"embeddable":true,"href":"https:\/\/santosvieiralda.com\/index.php?rest_route=\/wp\/v2\/users\/1"}],"replies":[{"embeddable":true,"href":"https:\/\/santosvieiralda.com\/index.php?rest_route=%2Fwp%2Fv2%2Fcomments&post=4291"}],"version-history":[{"count":3,"href":"https:\/\/santosvieiralda.com\/index.php?rest_route=\/wp\/v2\/pages\/4291\/revisions"}],"predecessor-version":[{"id":5318,"href":"https:\/\/santosvieiralda.com\/index.php?rest_route=\/wp\/v2\/pages\/4291\/revisions\/5318"}],"wp:attachment":[{"href":"https:\/\/santosvieiralda.com\/index.php?rest_route=%2Fwp%2Fv2%2Fmedia&parent=4291"}],"curies":[{"name":"wp","href":"https:\/\/api.w.org\/{rel}","templated":true}]}}