{"id":4298,"date":"2013-09-02T09:17:22","date_gmt":"2013-09-02T09:17:22","guid":{"rendered":"https:\/\/santosvieiralda.com\/?page_id=4298"},"modified":"2014-01-01T12:06:29","modified_gmt":"2014-01-01T12:06:29","slug":"detecao-alarme-e-alerta","status":"publish","type":"page","link":"https:\/\/santosvieiralda.com\/?page_id=4298","title":{"rendered":"Dete\u00e7\u00e3o, Alarme e Alerta"},"content":{"rendered":"<div class=\"aq-template-wrapper aq_row\"><div class=\"aq_span4 clearfix aq-first\"><img loading=\"lazy\" class=\"aligncenter size-medium wp-image-5312\" alt=\"norma1\" src=\"http:\/\/santosvieiralda.com\/wp-content\/uploads\/2013\/09\/norma11-300x154.jpg\" width=\"300\" height=\"154\" srcset=\"https:\/\/santosvieiralda.com\/wp-content\/uploads\/2013\/09\/norma11-300x154.jpg 300w, https:\/\/santosvieiralda.com\/wp-content\/uploads\/2013\/09\/norma11.jpg 700w\" sizes=\"(max-width: 300px) 100vw, 300px\" \/><\/div><div class=\"aq_span4 clearfix \"><img loading=\"lazy\" class=\"aligncenter size-medium wp-image-5313\" alt=\"norma2\" src=\"http:\/\/santosvieiralda.com\/wp-content\/uploads\/2013\/09\/norma21-300x154.jpg\" width=\"300\" height=\"154\" srcset=\"https:\/\/santosvieiralda.com\/wp-content\/uploads\/2013\/09\/norma21-300x154.jpg 300w, https:\/\/santosvieiralda.com\/wp-content\/uploads\/2013\/09\/norma21.jpg 700w\" sizes=\"(max-width: 300px) 100vw, 300px\" \/><\/div><div class=\"aq_span4 clearfix \"><img loading=\"lazy\" class=\"aligncenter size-medium wp-image-5314\" alt=\"norma3\" src=\"http:\/\/santosvieiralda.com\/wp-content\/uploads\/2013\/09\/norma31-300x154.jpg\" width=\"300\" height=\"154\" srcset=\"https:\/\/santosvieiralda.com\/wp-content\/uploads\/2013\/09\/norma31-300x154.jpg 300w, https:\/\/santosvieiralda.com\/wp-content\/uploads\/2013\/09\/norma31.jpg 700w\" sizes=\"(max-width: 300px) 100vw, 300px\" \/><\/div><\/div>\n<p align=\"justify\"><strong>NP EN 54-1<\/strong><br \/>\nSistemas de detec\u00e7\u00e3o e alarme de inc\u00eandio. Parte 1: Introdu\u00e7\u00e3o<\/p>\n<p align=\"justify\"><strong>EN 54-2<\/strong><br \/>\n<em>Fire detection and fire alarm systems. Part 2: Control and indicating equipment.<\/em><\/p>\n<p align=\"justify\"><strong>EN 54-3<\/strong> <em><br \/>\nFire detection and fire alarm systems. Part 3: Fire alarm devices &#8211; Sounders.<\/em><\/p>\n<p align=\"justify\"><strong>NP EN 54-4<\/strong><br \/>\nSistemas de detec\u00e7\u00e3o e alarme de inc\u00eandio. Parte 4: Equipamento de alimenta\u00e7\u00e3o de energia<\/p>\n<p align=\"justify\"><strong>EN 54-5<\/strong><br \/>\n<em>Fire detection and fire alarm systems. Part 5: Heat detectors. Point detectors <\/em><\/p>\n<p align=\"justify\"><strong>EN 54-7<\/strong><br \/>\n<em>Fire detection and fire alarm systems &#8211; Part 7: Smoke detectors &#8211; Point detectors using scattered light, transmitted light or ionization<\/em><\/p>\n<p align=\"justify\"><strong>EN 54-10<\/strong><br \/>\n<em>Fire detection and fire alarm systems &#8211; Part 10: Flame detectors &#8211; Point detectors<\/em><\/p>\n<p align=\"justify\"><strong>EN 54-11<br \/>\n<\/strong><em>Fire detection and fire alarm systems &#8211; Part 11: Manual call points<\/em><strong> <\/strong><\/p>\n<p align=\"justify\"><strong>EN 54-12<br \/>\n<\/strong><em>Fire detection and fire alarm systems &#8211; Part 12: Smoke detectors &#8211; Line detectors using an optical light beam<\/em><strong> <\/strong><\/p>\n<p align=\"justify\"><strong>EN 54-13<br \/>\n<\/strong><em>Fire detection and fire alarm systems &#8211; Part 13: Compatibility assessment of system components<\/em><strong> <\/strong><\/p>\n<p align=\"justify\"><strong>EN 54-14<br \/>\n<\/strong><em>Fire detection and fire alarm systems &#8211; Part 14: Guidelines for planning, design, installation, commissioning, use and maintenance<\/em><strong> <\/strong><\/p>\n<p align=\"justify\"><strong>EN 54-16<br \/>\n<\/strong><em>Fire detection and fire alarm systems &#8211; Part 16: Voice alarm control and indicating equipment<\/em><strong> <\/strong><\/p>\n<p align=\"justify\"><strong>EN 54-17<br \/>\n<\/strong><em>Fire detection and fire alarm systems &#8211; Part 17: Short-circuit isolators<\/em><strong> <\/strong><\/p>\n<p align=\"justify\"><strong>EN 54-18<br \/>\n<\/strong><em>Fire detection and fire alarm systems &#8211; Part 18: Input\/output devices<\/em><strong> <\/strong><\/p>\n<p align=\"justify\"><strong>EN 54-20<br \/>\n<\/strong><em>Fire detection and fire alarm systems &#8211; Part 20: Aspirating smoke detectors<\/em><strong> <\/strong><\/p>\n<p align=\"justify\"><strong>EN 54-21<br \/>\n<\/strong><em>Fire detection and fire alarm systems &#8211; Part 21: Alarm transmission and fault warning routing equipment<\/em><strong> <\/strong><\/p>\n<p align=\"justify\"><strong>EN 54-23<br \/>\n<\/strong><em>Fire detection and fire alarm systems. <\/em><em>Part 23: Fire alarm devices &#8211; Visual alarm devices.<\/em><strong> <\/strong><\/p>\n<p align=\"justify\"><strong>EN 54-24<br \/>\n<\/strong><em>Fire detection and fire alarm systems &#8211; Part 24: Components of voice alarm systems &#8211; Loudspeakers<\/em><strong> <\/strong><\/p>\n<p align=\"justify\"><strong>EN 54-25<br \/>\n<\/strong><em>Fire detection and fire alarm systems &#8211; Part 25: Components using radio links<\/em><strong> <\/strong><\/p>\n<p align=\"justify\"><strong>EN 50134-1<br \/>\n<\/strong><em>Alarm systems &#8211; Social alarm systems. <\/em><em>Part 1: System requirements<\/em><strong> <\/strong><\/p>\n<p align=\"justify\"><strong>EN 50134-2<br \/>\n<\/strong><em>Alarm systems &#8211; Social alarm systems. <\/em><em>Part 2: Trigger devices<\/em><strong> <\/strong><\/p>\n<p align=\"justify\"><strong>EN 50134-3 <\/strong><br \/>\n<em>larm systems &#8211; Social alarm systems. <\/em><em>Part 3: Local unit and controller<\/em><\/p>\n<p><strong>EN 50134-5<\/strong><br \/>\n<em>Alarm systems &#8211; Social alarm systems. <\/em><em>Part 5: Interconnections and communications<\/em><\/p>\n<p><strong>EN 50136-1-1<\/strong><br \/>\n<em>Alarm systems &#8211; Alarm transmission systems and equipment. <\/em><em>Part 1-1: General requirements for alarm transmission systems<\/em><\/p>\n<p><strong>EN 50136-1-2<\/strong><br \/>\n<em>Alarm systems &#8211; Alarm transmission systems and equipment. <\/em><em>Part 1-2: Requirements for systems using dedicated alarm paths<\/em><\/p>\n<p><strong>EN 50136-1-3 <\/strong><br \/>\n<em>Alarm systems &#8211; Alarm transmission systems and equipment. Part 1-3: Requirements for systems with digital communicators using the public switched telephone network<\/em><\/p>\n<p><strong>EN 50136-1-4<\/strong><br \/>\n<em>Alarm systems &#8211; Alarm transmission systems and equipment. Part 1-4: Requirements for systems with voice communicators using the public switched telephone network<\/em><\/p>\n<p><strong>EN 50136-1-5<\/strong><br \/>\n<em>Alarm systems &#8211; Alarm transmission systems and equipment. <\/em><em>Part 1-5: Requirements for Packet Switched Network PSN<\/em><\/p>\n<p><strong>EN 50136-2-1<\/strong><br \/>\n<em>Alarm systems &#8211; Alarm transmission systems and equipment. <\/em><em>Part 2-1: General requirements for alarm transmission equipment <\/em><\/p>\n<p><strong>EN 50136-2-2<\/strong><br \/>\n<em>Alarm systems &#8211; Alarm transmission systems and equipment. Part 2-2: Requirements for equipment used in <\/em><em>systems using dedicated alarm paths<\/em><\/p>\n<div align=\"justify\"><strong>EN 50136-2-3<\/strong><br \/>\n<em>Alarm systems &#8211; Alarm transmission systems and equipment. Part 2-3: Requirements for equipment used in systems with digital communicators using the public switched telephone network<\/em><\/div>\n<p align=\"justify\"><strong>EN 50136-2-4<\/strong><br \/>\n<em>Alarm systems &#8211; Alarm transmission systems and equipment. Part 2-4: Requirements for equipment used in systems with voice communicators using the public switched telephone network<\/em><\/p>\n<p align=\"justify\"><strong>EN 50130-4<\/strong><br \/>\n<em>Alarm systems. Part 4: Electromagnetic compatibility &#8211; Product family standard: Immunity requirements for components of fire, intruder and social alarm systems<\/em><\/p>\n<p align=\"justify\"><strong>EN 50130-5<\/strong><br \/>\n<em>Alarm systems. Part 5: Environmental test methods<\/em><\/p>\n<p align=\"justify\"><strong>EN 50291-1<\/strong><br \/>\n<em>Electrical apparatus for the detection of carbon monoxide in domestic premises. <\/em><em>Part 1: Test methods and performance requirements.<\/em><\/p>\n<p align=\"justify\"><strong>EN 50291-2<\/strong><br \/>\n<em>Electrical apparatus for the detection of carbon monoxide in domestic premises. Part 2: Electrical apparatus for continuous operation in a fixed installation in recreational vehicles and similar premises including recreation craft &#8211; Additional test methods and performance requirements.<\/em><\/p>\n<p align=\"justify\"><strong>EN 60079-10<\/strong><br \/>\n<em>Explosive atmospheres. Part 20-1: gas detectors &#8211; Material characeristics for gas and vapour classification &#8211; Test methods and data.<\/em><\/p>\n<p align=\"justify\"><strong>EN 60079-29-4<\/strong><br \/>\n<em>Explosive atmospheres. Part 29-4: gas detectors &#8211; Performance requirements of open path detectors for flammable gases (IEC 60079-29-4).<\/em><\/p>\n<p align=\"justify\"><strong>EN 60695-2-12<\/strong><br \/>\n<em>Fire hazard testing. Part 2-12: Glowing\/hot-wire based test methods &#8211; Glow-wire flammability index (GWFI) test method for materials.<\/em><\/p>\n<p align=\"justify\"><strong>EN 60695-2-13<\/strong><br \/>\n<em>Fire hazard testing. Part 2-13: Glowing\/hot-wire based test methods &#8211; Glow-wire ignition temperature (GWIT) test method for materials.<\/em><\/p>\n<p align=\"justify\"><strong>IEC 60839-1-1 <\/strong><br \/>\n<em>Alarm systems. Part 1: General requirements. <\/em><em>Section one: General<\/em><\/p>\n<p align=\"justify\"><strong>IEC 60839-1-2 <\/strong><br \/>\n<em>Alarm systems. Part 1: General requirements. Section two: Power units, test methods and performance criteria<\/em><\/p>\n<p align=\"justify\"><strong>IEC 60839-1-3<\/strong><br \/>\n<em>Alarm systems. Part 1: General requirements. <\/em><em>Section three: Environmental testing<\/em><\/p>\n<p align=\"justify\"><strong>IEC 60839-1-4<\/strong><br \/>\n<em>Alarm systems. Part 1: General requirements. Section four: Code of practice <\/em><\/p>\n<p align=\"justify\"><strong>IEC 60839-5-1<\/strong><br \/>\n<em>Alarm systems. Part 5: Requirements for alarm transmission systems. <\/em><em>Section one: General requirements for systems <\/em><\/p>\n<p align=\"justify\"><strong>IEC 60839-5-2<\/strong><br \/>\n<em>Alarm systems. Part 5: Requirements for alarm transmission systems. <\/em><em>Section two: General requirements for equipment <\/em><\/p>\n<p align=\"justify\"><strong>IEC 60839-5-4<\/strong><br \/>\n<em>Alarm systems. Part 5: Requirements for alarm transmission systems. Section four: Alarm transmission systems using dedicated alarm transmission paths <\/em><\/p>\n<p align=\"justify\"><strong>IEC 60839-5-5<\/strong><br \/>\n<em>Alarm systems. Part 5: Requirements for alarm transmission systems. Section five: Requirements for digital communicator systems using the public switched telephone network <\/em><\/p>\n<p align=\"justify\"><strong>IEC 60839-5-6<\/strong><br \/>\n<em>Alarm systems. Part 5: Requirements for alarm transmission systems. Section six: Requirements for voice communicator systems using the public switched telephone network <\/em><\/p>\n<p align=\"justify\"><strong>IEC 60839-7-1<\/strong><br \/>\n<em>Alarm systems. Part 7-1: Message formats and protocols for serial data interfaces in alarm transmission systems &#8211; General <\/em><\/p>\n<p align=\"justify\"><strong>IEC 60839-7-2<\/strong><br \/>\n<em>Alarm systems. Part 7-2: Message formats and protocols for serial data interfaces in alarm transmission systems &#8211; Common application layer protocol <\/em><\/p>\n<p align=\"justify\"><strong>IEC 60839-7-3 <\/strong><br \/>\n<em>Alarm systems. Part 7-3: Message formats and protocols for serial data interfaces in alarm transmission systems &#8211; Common data link layer protocol<\/em><\/p>\n<p align=\"justify\"><strong>IEC 60839-7-4<\/strong><br \/>\n<em>Alarm systems. Part 7-4: Message formats and protocols for serial data interfaces in alarm transmission systems &#8211; Common transport layer protocol<\/em><\/p>\n<p align=\"justify\"><strong>IEC 60839-7-5<\/strong><br \/>\n<em>Alarm systems. Part 7-5: Message formats and protocols for serial data interfaces in alarm transmission systems &#8211; Alarm system interfaces employing a two-wire configuration in accordance with ISO\/IEC 8482<\/em><\/p>\n<p align=\"justify\"><strong>IEC 60839-7-6<\/strong><br \/>\n<em>Alarm systems. Part 7-6: Message formats and protocols for serial data interfaces in alarm transmission systems &#8211; Alarm system interfaces employing ITU &#8211; Recommendation V.24\/V.28 signalling<\/em><\/p>\n<p align=\"justify\"><strong>IEC 60839-7-7<\/strong><br \/>\n<em>Alarm systems. Part 7-7: Message formats and protocols for serial data interfaces in alarm transmission systems &#8211; Alarm system interfaces for plug-in alarm system transceivers<\/em><\/p>\n<p align=\"justify\"><strong>IEC 60839-7-11<\/strong><br \/>\n<em>Alarm systems. Part 7-11: Message formats and protocols for serial data interfaces in alarm transmission systems &#8211; Serial protocol for use by digital communicator systems using ITU-T Recommendation V. 23 signalling at interfaces with the PSTN<\/em><\/p>\n<p align=\"justify\"><strong>IEC 60839-7-12 <\/strong><br \/>\n<em>Alarm systems. Part 7-12: Message formats and protocols for serial data interfaces in alarm transmission systems &#8211; PTT interfaces for dedicated communications channels using ITU &#8211; T Recommendation V.23 signalling<\/em><\/p>\n<p align=\"justify\"><strong>IEC 60839-7-20<\/strong><br \/>\n<em>Alarm systems. Part 7-20: Message formats and protocols for serial data interfaces in alarm transmission systems &#8211; Terminal interfaces employing ITU-T Recommendation V.24\/V.28 signalling<\/em><\/p>\n<div align=\"justify\"><strong>NP EN 61204-3<\/strong><br \/>\n<em>Fontes de alimenta\u00e7\u00e3o em baixa tens\u00e3o. Sa\u00edda de corrente cont\u00ednua. Parte 3: Compatibilidade electromagn\u00e9tica (CEM) (IEC 61204-3:2000)<\/em><\/div>\n","protected":false},"excerpt":{"rendered":"<p>NP EN 54-1 Sistemas de detec\u00e7\u00e3o e alarme de inc\u00eandio. Parte 1: Introdu\u00e7\u00e3o EN 54-2 Fire detection and fire alarm systems. Part 2: Control and indicating equipment. EN 54-3 Fire detection and fire alarm systems. Part 3: Fire alarm devices &#8211; Sounders. NP EN 54-4 Sistemas de detec\u00e7\u00e3o e alarme de inc\u00eandio. Parte 4: Equipamento [&hellip;]<\/p>\n","protected":false},"author":1,"featured_media":0,"parent":0,"menu_order":0,"comment_status":"open","ping_status":"open","template":"","meta":[],"_links":{"self":[{"href":"https:\/\/santosvieiralda.com\/index.php?rest_route=\/wp\/v2\/pages\/4298"}],"collection":[{"href":"https:\/\/santosvieiralda.com\/index.php?rest_route=\/wp\/v2\/pages"}],"about":[{"href":"https:\/\/santosvieiralda.com\/index.php?rest_route=\/wp\/v2\/types\/page"}],"author":[{"embeddable":true,"href":"https:\/\/santosvieiralda.com\/index.php?rest_route=\/wp\/v2\/users\/1"}],"replies":[{"embeddable":true,"href":"https:\/\/santosvieiralda.com\/index.php?rest_route=%2Fwp%2Fv2%2Fcomments&post=4298"}],"version-history":[{"count":3,"href":"https:\/\/santosvieiralda.com\/index.php?rest_route=\/wp\/v2\/pages\/4298\/revisions"}],"predecessor-version":[{"id":5321,"href":"https:\/\/santosvieiralda.com\/index.php?rest_route=\/wp\/v2\/pages\/4298\/revisions\/5321"}],"wp:attachment":[{"href":"https:\/\/santosvieiralda.com\/index.php?rest_route=%2Fwp%2Fv2%2Fmedia&parent=4298"}],"curies":[{"name":"wp","href":"https:\/\/api.w.org\/{rel}","templated":true}]}}