{"id":4305,"date":"2013-09-02T09:22:07","date_gmt":"2013-09-02T09:22:07","guid":{"rendered":"https:\/\/santosvieiralda.com\/?page_id=4305"},"modified":"2014-01-01T17:49:52","modified_gmt":"2014-01-01T17:49:52","slug":"portas-e-envidracados","status":"publish","type":"page","link":"https:\/\/santosvieiralda.com\/?page_id=4305","title":{"rendered":"Portas e Envidra\u00e7ados"},"content":{"rendered":"<div class=\"aq-template-wrapper aq_row\"><div class=\"aq_span4 clearfix aq-first\"><img loading=\"lazy\" class=\"aligncenter size-medium wp-image-5312\" alt=\"norma1\" src=\"http:\/\/santosvieiralda.com\/wp-content\/uploads\/2013\/09\/norma11-300x154.jpg\" width=\"300\" height=\"154\" srcset=\"https:\/\/santosvieiralda.com\/wp-content\/uploads\/2013\/09\/norma11-300x154.jpg 300w, https:\/\/santosvieiralda.com\/wp-content\/uploads\/2013\/09\/norma11.jpg 700w\" sizes=\"(max-width: 300px) 100vw, 300px\" \/><\/div><div class=\"aq_span4 clearfix \"><img loading=\"lazy\" class=\"aligncenter size-medium wp-image-5313\" alt=\"norma2\" src=\"http:\/\/santosvieiralda.com\/wp-content\/uploads\/2013\/09\/norma21-300x154.jpg\" width=\"300\" height=\"154\" srcset=\"https:\/\/santosvieiralda.com\/wp-content\/uploads\/2013\/09\/norma21-300x154.jpg 300w, https:\/\/santosvieiralda.com\/wp-content\/uploads\/2013\/09\/norma21.jpg 700w\" sizes=\"(max-width: 300px) 100vw, 300px\" \/><\/div><div class=\"aq_span4 clearfix \"><img loading=\"lazy\" class=\"aligncenter size-medium wp-image-5314\" alt=\"norma3\" src=\"http:\/\/santosvieiralda.com\/wp-content\/uploads\/2013\/09\/norma31-300x154.jpg\" width=\"300\" height=\"154\" srcset=\"https:\/\/santosvieiralda.com\/wp-content\/uploads\/2013\/09\/norma31-300x154.jpg 300w, https:\/\/santosvieiralda.com\/wp-content\/uploads\/2013\/09\/norma31.jpg 700w\" sizes=\"(max-width: 300px) 100vw, 300px\" \/><\/div><\/div>\n<p align=\"justify\"><strong>NP EN 179<\/strong><br \/>\nFerragens para a constru\u00e7\u00e3o civil. Dispositivos de fecho de emerg\u00eancia para sa\u00eddas de emerg\u00eancia accionados por um puxador de muleta ou por uma placa de empurrar, para utiliza\u00e7\u00e3o em caminhos de evacua\u00e7\u00e3o. Requisitos e m\u00e9todos de ensaio.<\/p>\n<p><strong>EN 1125<\/strong><br \/>\n<em>Building hardware. Panic exit devices operated by a horizontal bar <\/em><\/p>\n<p><strong>EN 1154<\/strong><br \/>\n<em>Building hardware. Controlled door closing devices &#8211; requirements an test methods <\/em><\/p>\n<p><strong>EN 1155<\/strong><br \/>\n<em>Building hardware. Electrically powered hold-open devices for swing doors. <\/em><em>Requirements and test methods <\/em><\/p>\n<p><strong>EN 1158<\/strong><br \/>\n<em>Building hardware. Door coordinator devices. <\/em><em>Requirements and test methods <\/em><\/p>\n<p><strong>EN 12150-1 <\/strong><br \/>\n<em>Glass in building. Thermally toughned soda lime silicate safety devices. Part 1: Definition and description<\/em><\/p>\n<p><strong>EN 12150-2<\/strong><br \/>\n<em>Glass in building &#8211; Thermally toughened soda lime silicate safety glass. Part 2: Evaluation of conformity<\/em><\/p>\n","protected":false},"excerpt":{"rendered":"<p>NP EN 179 Ferragens para a constru\u00e7\u00e3o civil. Dispositivos de fecho de emerg\u00eancia para sa\u00eddas de emerg\u00eancia accionados por um puxador de muleta ou por uma placa de empurrar, para utiliza\u00e7\u00e3o em caminhos de evacua\u00e7\u00e3o. Requisitos e m\u00e9todos de ensaio. EN 1125 Building hardware. Panic exit devices operated by a horizontal bar EN 1154 Building [&hellip;]<\/p>\n","protected":false},"author":1,"featured_media":0,"parent":0,"menu_order":0,"comment_status":"open","ping_status":"open","template":"","meta":[],"_links":{"self":[{"href":"https:\/\/santosvieiralda.com\/index.php?rest_route=\/wp\/v2\/pages\/4305"}],"collection":[{"href":"https:\/\/santosvieiralda.com\/index.php?rest_route=\/wp\/v2\/pages"}],"about":[{"href":"https:\/\/santosvieiralda.com\/index.php?rest_route=\/wp\/v2\/types\/page"}],"author":[{"embeddable":true,"href":"https:\/\/santosvieiralda.com\/index.php?rest_route=\/wp\/v2\/users\/1"}],"replies":[{"embeddable":true,"href":"https:\/\/santosvieiralda.com\/index.php?rest_route=%2Fwp%2Fv2%2Fcomments&post=4305"}],"version-history":[{"count":2,"href":"https:\/\/santosvieiralda.com\/index.php?rest_route=\/wp\/v2\/pages\/4305\/revisions"}],"predecessor-version":[{"id":5324,"href":"https:\/\/santosvieiralda.com\/index.php?rest_route=\/wp\/v2\/pages\/4305\/revisions\/5324"}],"wp:attachment":[{"href":"https:\/\/santosvieiralda.com\/index.php?rest_route=%2Fwp%2Fv2%2Fmedia&parent=4305"}],"curies":[{"name":"wp","href":"https:\/\/api.w.org\/{rel}","templated":true}]}}