{"id":4316,"date":"2013-09-02T09:32:46","date_gmt":"2013-09-02T09:32:46","guid":{"rendered":"https:\/\/santosvieiralda.com\/?page_id=4316"},"modified":"2014-01-01T17:57:15","modified_gmt":"2014-01-01T17:57:15","slug":"equipamento-de-protecao-individual","status":"publish","type":"page","link":"https:\/\/santosvieiralda.com\/?page_id=4316","title":{"rendered":"Equipamento de Prote\u00e7\u00e3o Individual"},"content":{"rendered":"<div class=\"aq-template-wrapper aq_row\"><div class=\"aq_span4 clearfix aq-first\"><img loading=\"lazy\" class=\"aligncenter size-medium wp-image-5237\" alt=\"legi1\" src=\"http:\/\/santosvieiralda.com\/wp-content\/uploads\/2013\/09\/legi11-300x154.jpg\" width=\"300\" height=\"154\" srcset=\"https:\/\/santosvieiralda.com\/wp-content\/uploads\/2013\/09\/legi11-300x154.jpg 300w, https:\/\/santosvieiralda.com\/wp-content\/uploads\/2013\/09\/legi11.jpg 700w\" sizes=\"(max-width: 300px) 100vw, 300px\" \/><\/div><div class=\"aq_span4 clearfix \"><img loading=\"lazy\" class=\"aligncenter size-medium wp-image-5238\" alt=\"legi2\" src=\"http:\/\/santosvieiralda.com\/wp-content\/uploads\/2013\/09\/legi21-300x154.jpg\" width=\"300\" height=\"154\" srcset=\"https:\/\/santosvieiralda.com\/wp-content\/uploads\/2013\/09\/legi21-300x154.jpg 300w, https:\/\/santosvieiralda.com\/wp-content\/uploads\/2013\/09\/legi21.jpg 700w\" sizes=\"(max-width: 300px) 100vw, 300px\" \/><\/div><div class=\"aq_span4 clearfix \"><img loading=\"lazy\" class=\"aligncenter size-medium wp-image-5239\" alt=\"legi3\" src=\"http:\/\/santosvieiralda.com\/wp-content\/uploads\/2013\/09\/legi31-300x154.jpg\" width=\"300\" height=\"154\" srcset=\"https:\/\/santosvieiralda.com\/wp-content\/uploads\/2013\/09\/legi31-300x154.jpg 300w, https:\/\/santosvieiralda.com\/wp-content\/uploads\/2013\/09\/legi31.jpg 700w\" sizes=\"(max-width: 300px) 100vw, 300px\" \/><\/div><\/div>\n<p align=\"justify\"><strong>NP EN 132 <\/strong><br \/>\nAparelhos de prote\u00e7\u00e3o respirat\u00f3ria. Defini\u00e7\u00e3o de termos e pictogramas.<\/p>\n<p align=\"justify\"><strong>NP EN 133 <\/strong><br \/>\nAparelhos de prote\u00e7\u00e3o respirat\u00f3ria. Classifica\u00e7\u00e3o<\/p>\n<p align=\"justify\"><strong>NP EN 134<\/strong><br \/>\nAparelhos de prote\u00e7\u00e3o respirat\u00f3ria. Nomenclatura de componentes<\/p>\n<p align=\"justify\"><strong>NP EN 135<\/strong><br \/>\nEquipamentos de prote\u00e7\u00e3o respirat\u00f3ria. Lista de termos equivalentes<\/p>\n<p align=\"justify\"><strong>NP EN 136<\/strong><br \/>\nEquipamentos de prote\u00e7\u00e3o respirat\u00f3ria. M\u00e1scaras completas. Caracter\u00edsticas, ensaios e marca\u00e7\u00e3o<\/p>\n<p align=\"justify\"><strong>EN 137 <\/strong><br \/>\nRespiratory protective devices &#8211; Self-contained open-circuit compressed air breathing apparatus with full face mask &#8211; Requirements, testing, marking<\/p>\n<p align=\"justify\"><strong>NP EN 138<br \/>\n<\/strong>Aparelhos de prote\u00e7\u00e3o respirat\u00f3ria. Aparelhos de prote\u00e7\u00e3o respirat\u00f3ria de ar fresco com m\u00e1scara completa, semi-m\u00e1scara ou corpo do conjunto bucal. Requisitos, ensaios e marca\u00e7\u00e3o.<\/p>\n<p align=\"justify\"><strong>NP EN 140<br \/>\n<\/strong>Aparelhos de prote\u00e7\u00e3o respirat\u00f3ria. Semi-m\u00e1scaras e quartos de m\u00e1scara. Requisitos, ensaios e marca\u00e7\u00e3o<\/p>\n<p align=\"justify\"><strong>EN 142<br \/>\n<\/strong>Respiratory protective devices &#8211; Mouthpiece assemblies &#8211; Requirements, testing, marking<\/p>\n<p align=\"justify\"><strong>EN 144-1<br \/>\n<\/strong>Respiratory protective devices &#8211; Gas cylinder valves &#8211; Part 1: Thread connections for insert connector<\/p>\n<p align=\"justify\"><strong>NP EN 144-2<br \/>\n<\/strong>Aparelhos de prote\u00e7\u00e3o respirat\u00f3ria. V\u00e1lvulas para garrafas de g\u00e1s. Parte 2: Pe\u00e7as de liga\u00e7\u00e3o de sa\u00edda.<\/p>\n<p align=\"justify\"><strong>EN 144-3<br \/>\n<\/strong>Respiratory protective devices &#8211; Gas cylinder valves &#8211; Part 3: Outlet connections for diving gases Nitrox and oxygen<\/p>\n<p align=\"justify\"><strong>NP EN 145<br \/>\n<\/strong>Aparelhos de prote\u00e7\u00e3o respirat\u00f3ria. Aparelhos aut\u00f3nomos de circuito fechado, tipo oxig\u00e9nio comprimido ou oxig\u00e9nio-nitrog\u00e9nio comprimido. Requisitos, ensaios e marca\u00e7\u00e3o<\/p>\n<p align=\"justify\"><strong>EN 149<br \/>\n<\/strong>Respiratory protective devices. Filtering half masks to protect against particles. Requirements, testing, marking.<\/p>\n<p align=\"justify\"><strong>EN 405<br \/>\n<\/strong>Respiratory protective devices. Valved filtering half masks to protect against gases or gases and particles. Requirements, testing, marking.<\/p>\n<p align=\"justify\"><strong>NP EN 443<br \/>\n<\/strong>Capacetes para bombeiros<\/p>\n<p align=\"justify\"><strong>NP EN 469<br \/>\n<\/strong>Vestu\u00e1rio de prote\u00e7\u00e3o para bombeiros. Requisitos de desempenho para vestu\u00e1rio de protec\u00e7\u00e3o para combate a inc\u00eandios<\/p>\n<p align=\"justify\"><strong>NP EN 529<br \/>\n<\/strong>Aparelhos de prote\u00e7\u00e3o respirat\u00f3ria. Recomenda\u00e7\u00f5es para sele\u00e7\u00e3o, utiliza\u00e7\u00e3o, precau\u00e7\u00f5es e manuten\u00e7\u00e3o. Documento guia<\/p>\n<p align=\"justify\"><strong>NP EN 659<br \/>\n<\/strong>Luvas de prote\u00e7\u00e3o para bombeiros<\/p>\n<p align=\"justify\"><strong>NP EN 702<br \/>\n<\/strong>Vestu\u00e1rio de prote\u00e7\u00e3o. Prote\u00e7\u00e3o contra o calor e a chama. M\u00e9todo de ensaio: determina\u00e7\u00e3o da transmiss\u00e3o t\u00e9rmica por contacto atrav\u00e9s do vestu\u00e1rio de prote\u00e7\u00e3o ou dos seus materiais<\/p>\n<p align=\"justify\"><strong>NP EN 1486<br \/>\n<\/strong>Vestu\u00e1rio de prote\u00e7\u00e3o para bombeiros. M\u00e9todos de ensaio e requisitos relativos a vestu\u00e1rio refletor para opera\u00e7\u00f5es especiais de combate a inc\u00eandio<\/p>\n<p align=\"justify\"><strong>NP EN 12021 <\/strong><br \/>\nAparelhos de prote\u00e7\u00e3o respirat\u00f3ria. Ar comprimido para aparelhos de prote\u00e7\u00e3o respirat\u00f3ria isolantes<\/p>\n<p align=\"justify\"><strong>NP EN 13794<\/strong><br \/>\nAparelhos de prote\u00e7\u00e3o respirat\u00f3ria. Aparelhos de prote\u00e7\u00e3o respirat\u00f3ria aut\u00f3nomos de circuito fechado para evacua\u00e7\u00e3o. Requisitos, ensaios, marca\u00e7\u00e3o.<\/p>\n<p align=\"justify\"><strong>NP EN 14435<\/strong><br \/>\nAparelhos de prote\u00e7\u00e3o respirat\u00f3ria. Aparelhos de prote\u00e7\u00e3o respirat\u00f3ria isolantes, aut\u00f3nomos, de circuito aberto a ar comprimido, com semi-m\u00e1scara, concebidos exclusivamente para utiliza\u00e7\u00e3o em press\u00e3o positiva. Requisitos, ensaios, marca\u00e7\u00e3o.<\/p>\n<p align=\"justify\"><strong>NP EN 14594 <\/strong><br \/>\nAparelhos de prote\u00e7\u00e3o respirat\u00f3ria. Aparelho de protec\u00e7\u00e3o respirat\u00f3ria, de ar comprimido de d\u00e9bito cont\u00ednuo. Requisitos, ensaios, marca\u00e7\u00e3o<\/p>\n<p align=\"justify\"><strong>NP EN ISO 12127-2 <\/strong><br \/>\nVestu\u00e1rio de prote\u00e7\u00e3o contra o calor e a chama. Determina\u00e7\u00e3o da transmiss\u00e3o de calor por contacto atrav\u00e9s do vestu\u00e1rio de prote\u00e7\u00e3o ou dos seus materiais constituintes. Parte 2: M\u00e9todo de ensaio usando a produ\u00e7\u00e3o de calor pela queda de pequenos cilindros.<\/p>\n<p align=\"justify\"><strong>EN ISO 13982-1 <\/strong><br \/>\nProtective clothing for use against solid particulates. Part 1: Performance requirements for chemical protective clothing providing protection to the full body against airborne solid particulates.<\/p>\n<p align=\"justify\"><strong>EN ISO 20349<\/strong><br \/>\nPersonal protective equipment. Footwear protecting against thermal risks and molten metal splashes as found in foundries and welding. Requirements and test method.<\/p>\n","protected":false},"excerpt":{"rendered":"<p>NP EN 132 Aparelhos de prote\u00e7\u00e3o respirat\u00f3ria. Defini\u00e7\u00e3o de termos e pictogramas. NP EN 133 Aparelhos de prote\u00e7\u00e3o respirat\u00f3ria. Classifica\u00e7\u00e3o NP EN 134 Aparelhos de prote\u00e7\u00e3o respirat\u00f3ria. Nomenclatura de componentes NP EN 135 Equipamentos de prote\u00e7\u00e3o respirat\u00f3ria. Lista de termos equivalentes NP EN 136 Equipamentos de prote\u00e7\u00e3o respirat\u00f3ria. M\u00e1scaras completas. Caracter\u00edsticas, ensaios e marca\u00e7\u00e3o EN [&hellip;]<\/p>\n","protected":false},"author":1,"featured_media":0,"parent":0,"menu_order":0,"comment_status":"open","ping_status":"open","template":"","meta":[],"_links":{"self":[{"href":"https:\/\/santosvieiralda.com\/index.php?rest_route=\/wp\/v2\/pages\/4316"}],"collection":[{"href":"https:\/\/santosvieiralda.com\/index.php?rest_route=\/wp\/v2\/pages"}],"about":[{"href":"https:\/\/santosvieiralda.com\/index.php?rest_route=\/wp\/v2\/types\/page"}],"author":[{"embeddable":true,"href":"https:\/\/santosvieiralda.com\/index.php?rest_route=\/wp\/v2\/users\/1"}],"replies":[{"embeddable":true,"href":"https:\/\/santosvieiralda.com\/index.php?rest_route=%2Fwp%2Fv2%2Fcomments&post=4316"}],"version-history":[{"count":3,"href":"https:\/\/santosvieiralda.com\/index.php?rest_route=\/wp\/v2\/pages\/4316\/revisions"}],"predecessor-version":[{"id":5329,"href":"https:\/\/santosvieiralda.com\/index.php?rest_route=\/wp\/v2\/pages\/4316\/revisions\/5329"}],"wp:attachment":[{"href":"https:\/\/santosvieiralda.com\/index.php?rest_route=%2Fwp%2Fv2%2Fmedia&parent=4316"}],"curies":[{"name":"wp","href":"https:\/\/api.w.org\/{rel}","templated":true}]}}