{"id":4318,"date":"2013-09-02T09:35:08","date_gmt":"2013-09-02T09:35:08","guid":{"rendered":"https:\/\/santosvieiralda.com\/?page_id=4318"},"modified":"2014-01-01T17:55:19","modified_gmt":"2014-01-01T17:55:19","slug":"plantas-de-seguranca-e-de-emergencia","status":"publish","type":"page","link":"https:\/\/santosvieiralda.com\/?page_id=4318","title":{"rendered":"Plantas de Seguran\u00e7a e de Emerg\u00eancia"},"content":{"rendered":"<div class=\"aq-template-wrapper aq_row\"><div class=\"aq_span4 clearfix aq-first\"><img loading=\"lazy\" class=\"aligncenter size-medium wp-image-5237\" alt=\"legi1\" src=\"http:\/\/santosvieiralda.com\/wp-content\/uploads\/2013\/09\/legi11-300x154.jpg\" width=\"300\" height=\"154\" srcset=\"https:\/\/santosvieiralda.com\/wp-content\/uploads\/2013\/09\/legi11-300x154.jpg 300w, https:\/\/santosvieiralda.com\/wp-content\/uploads\/2013\/09\/legi11.jpg 700w\" sizes=\"(max-width: 300px) 100vw, 300px\" \/><\/div><div class=\"aq_span4 clearfix \"><img loading=\"lazy\" class=\"aligncenter size-medium wp-image-5238\" alt=\"legi2\" src=\"http:\/\/santosvieiralda.com\/wp-content\/uploads\/2013\/09\/legi21-300x154.jpg\" width=\"300\" height=\"154\" srcset=\"https:\/\/santosvieiralda.com\/wp-content\/uploads\/2013\/09\/legi21-300x154.jpg 300w, https:\/\/santosvieiralda.com\/wp-content\/uploads\/2013\/09\/legi21.jpg 700w\" sizes=\"(max-width: 300px) 100vw, 300px\" \/><\/div><div class=\"aq_span4 clearfix \"><img loading=\"lazy\" class=\"aligncenter size-medium wp-image-5239\" alt=\"legi3\" src=\"http:\/\/santosvieiralda.com\/wp-content\/uploads\/2013\/09\/legi31-300x154.jpg\" width=\"300\" height=\"154\" srcset=\"https:\/\/santosvieiralda.com\/wp-content\/uploads\/2013\/09\/legi31-300x154.jpg 300w, https:\/\/santosvieiralda.com\/wp-content\/uploads\/2013\/09\/legi31.jpg 700w\" sizes=\"(max-width: 300px) 100vw, 300px\" \/><\/div><\/div>\n<p align=\"justify\"><strong>NP 4303 <\/strong><br \/>\nEquipamentos de seguran\u00e7a e de combate a inc\u00eandio &#8211; Simbolos gr\u00e1ficos para as plantas de projecto de seguran\u00e7a contra inc\u00eandio. Especifica\u00e7\u00e3o (ISO 6790)<\/p>\n<p align=\"justify\"><strong>NP 4386 <\/strong><br \/>\nEquipamento de seguran\u00e7a e de combate a inc\u00eandio &#8211; simbolos gr\u00e1ficos para as plantas de emerg\u00eancia de seguran\u00e7a contra inc\u00eandio. Especifica\u00e7\u00e3o<\/p>\n","protected":false},"excerpt":{"rendered":"<p>NP 4303 Equipamentos de seguran\u00e7a e de combate a inc\u00eandio &#8211; Simbolos gr\u00e1ficos para as plantas de projecto de seguran\u00e7a contra inc\u00eandio. Especifica\u00e7\u00e3o (ISO 6790) NP 4386 Equipamento de seguran\u00e7a e de combate a inc\u00eandio &#8211; simbolos gr\u00e1ficos para as plantas de emerg\u00eancia de seguran\u00e7a contra inc\u00eandio. Especifica\u00e7\u00e3o<\/p>\n","protected":false},"author":1,"featured_media":0,"parent":0,"menu_order":0,"comment_status":"open","ping_status":"open","template":"","meta":[],"_links":{"self":[{"href":"https:\/\/santosvieiralda.com\/index.php?rest_route=\/wp\/v2\/pages\/4318"}],"collection":[{"href":"https:\/\/santosvieiralda.com\/index.php?rest_route=\/wp\/v2\/pages"}],"about":[{"href":"https:\/\/santosvieiralda.com\/index.php?rest_route=\/wp\/v2\/types\/page"}],"author":[{"embeddable":true,"href":"https:\/\/santosvieiralda.com\/index.php?rest_route=\/wp\/v2\/users\/1"}],"replies":[{"embeddable":true,"href":"https:\/\/santosvieiralda.com\/index.php?rest_route=%2Fwp%2Fv2%2Fcomments&post=4318"}],"version-history":[{"count":2,"href":"https:\/\/santosvieiralda.com\/index.php?rest_route=\/wp\/v2\/pages\/4318\/revisions"}],"predecessor-version":[{"id":5327,"href":"https:\/\/santosvieiralda.com\/index.php?rest_route=\/wp\/v2\/pages\/4318\/revisions\/5327"}],"wp:attachment":[{"href":"https:\/\/santosvieiralda.com\/index.php?rest_route=%2Fwp%2Fv2%2Fmedia&parent=4318"}],"curies":[{"name":"wp","href":"https:\/\/api.w.org\/{rel}","templated":true}]}}