{"id":4326,"date":"2013-09-02T09:38:36","date_gmt":"2013-09-02T09:38:36","guid":{"rendered":"https:\/\/santosvieiralda.com\/?page_id=4326"},"modified":"2014-01-01T17:59:39","modified_gmt":"2014-01-01T17:59:39","slug":"terminologia","status":"publish","type":"page","link":"https:\/\/santosvieiralda.com\/?page_id=4326","title":{"rendered":"Terminologia"},"content":{"rendered":"<div class=\"aq-template-wrapper aq_row\"><div class=\"aq_span4 clearfix aq-first\"><img loading=\"lazy\" class=\"aligncenter size-medium wp-image-5237\" alt=\"legi1\" src=\"http:\/\/santosvieiralda.com\/wp-content\/uploads\/2013\/09\/legi11-300x154.jpg\" width=\"300\" height=\"154\" srcset=\"https:\/\/santosvieiralda.com\/wp-content\/uploads\/2013\/09\/legi11-300x154.jpg 300w, https:\/\/santosvieiralda.com\/wp-content\/uploads\/2013\/09\/legi11.jpg 700w\" sizes=\"(max-width: 300px) 100vw, 300px\" \/><\/div><div class=\"aq_span4 clearfix \"><img loading=\"lazy\" class=\"aligncenter size-medium wp-image-5238\" alt=\"legi2\" src=\"http:\/\/santosvieiralda.com\/wp-content\/uploads\/2013\/09\/legi21-300x154.jpg\" width=\"300\" height=\"154\" srcset=\"https:\/\/santosvieiralda.com\/wp-content\/uploads\/2013\/09\/legi21-300x154.jpg 300w, https:\/\/santosvieiralda.com\/wp-content\/uploads\/2013\/09\/legi21.jpg 700w\" sizes=\"(max-width: 300px) 100vw, 300px\" \/><\/div><div class=\"aq_span4 clearfix \"><img loading=\"lazy\" class=\"aligncenter size-medium wp-image-5239\" alt=\"legi3\" src=\"http:\/\/santosvieiralda.com\/wp-content\/uploads\/2013\/09\/legi31-300x154.jpg\" width=\"300\" height=\"154\" srcset=\"https:\/\/santosvieiralda.com\/wp-content\/uploads\/2013\/09\/legi31-300x154.jpg 300w, https:\/\/santosvieiralda.com\/wp-content\/uploads\/2013\/09\/legi31.jpg 700w\" sizes=\"(max-width: 300px) 100vw, 300px\" \/><\/div><\/div>\n<p><strong>NP 2626-161<\/strong><br \/>\nVocabul\u00e1rio Eletrot\u00e9cnico Internacional. Cap\u00edtulo 161: Compatibilidade eletromagn\u00e9tica.<\/p>\n<p><strong>NP 2626-806<\/strong><br \/>\nVocabul\u00e1rio Electrot\u00e9cnico Internacional. Cap\u00edtulo 806: Grava\u00e7\u00e3o e leitura de som e imagens.<\/p>\n<p><strong>NP 2626-808<\/strong><br \/>\nVocabul\u00e1rio Electrot\u00e9cnico Internacional. Cap\u00edtulo 808: C\u00e2maras de v\u00eddeo excluido as de radiodifus\u00e3o<\/p>\n<p><strong>NP 3874-1<\/strong><br \/>\nSeguran\u00e7a contra inc\u00eandio. Terminologia. Parte 1: Termos gerais. Fen\u00f3menos do fogo.<\/p>\n<p><strong>NP 3874-2<\/strong><br \/>\nSeguran\u00e7a contra inc\u00eandio. Terminologia. Parte 2: Prote\u00e7\u00e3o estrutural contra inc\u00eandio.<\/p>\n<p><strong>NP 3874-3<\/strong><br \/>\nSeguran\u00e7a contra inc\u00eandio. Terminologia. Parte 3: Dete\u00e7\u00e3o e alarme de inc\u00eandio.<\/p>\n<p><strong>NP 3874-4<\/strong><br \/>\nSeguran\u00e7a contra inc\u00eandio. Terminologia. Parte 4: equipamentos e meios de extin\u00e7\u00e3o de inc\u00eandio.<\/p>\n","protected":false},"excerpt":{"rendered":"<p>NP 2626-161 Vocabul\u00e1rio Eletrot\u00e9cnico Internacional. Cap\u00edtulo 161: Compatibilidade eletromagn\u00e9tica. NP 2626-806 Vocabul\u00e1rio Electrot\u00e9cnico Internacional. Cap\u00edtulo 806: Grava\u00e7\u00e3o e leitura de som e imagens. NP 2626-808 Vocabul\u00e1rio Electrot\u00e9cnico Internacional. Cap\u00edtulo 808: C\u00e2maras de v\u00eddeo excluido as de radiodifus\u00e3o NP 3874-1 Seguran\u00e7a contra inc\u00eandio. Terminologia. Parte 1: Termos gerais. Fen\u00f3menos do fogo. NP 3874-2 Seguran\u00e7a contra inc\u00eandio. [&hellip;]<\/p>\n","protected":false},"author":1,"featured_media":0,"parent":0,"menu_order":0,"comment_status":"open","ping_status":"open","template":"","meta":[],"_links":{"self":[{"href":"https:\/\/santosvieiralda.com\/index.php?rest_route=\/wp\/v2\/pages\/4326"}],"collection":[{"href":"https:\/\/santosvieiralda.com\/index.php?rest_route=\/wp\/v2\/pages"}],"about":[{"href":"https:\/\/santosvieiralda.com\/index.php?rest_route=\/wp\/v2\/types\/page"}],"author":[{"embeddable":true,"href":"https:\/\/santosvieiralda.com\/index.php?rest_route=\/wp\/v2\/users\/1"}],"replies":[{"embeddable":true,"href":"https:\/\/santosvieiralda.com\/index.php?rest_route=%2Fwp%2Fv2%2Fcomments&post=4326"}],"version-history":[{"count":2,"href":"https:\/\/santosvieiralda.com\/index.php?rest_route=\/wp\/v2\/pages\/4326\/revisions"}],"predecessor-version":[{"id":5331,"href":"https:\/\/santosvieiralda.com\/index.php?rest_route=\/wp\/v2\/pages\/4326\/revisions\/5331"}],"wp:attachment":[{"href":"https:\/\/santosvieiralda.com\/index.php?rest_route=%2Fwp%2Fv2%2Fmedia&parent=4326"}],"curies":[{"name":"wp","href":"https:\/\/api.w.org\/{rel}","templated":true}]}}