{"id":4518,"date":"2013-09-04T21:46:20","date_gmt":"2013-09-04T21:46:20","guid":{"rendered":"https:\/\/santosvieiralda.com\/?page_id=4518"},"modified":"2014-01-01T11:18:59","modified_gmt":"2014-01-01T11:18:59","slug":"produtos-de-construcao","status":"publish","type":"page","link":"https:\/\/santosvieiralda.com\/?page_id=4518","title":{"rendered":"Produtos de Constru\u00e7\u00e3o"},"content":{"rendered":"<div class=\"aq-template-wrapper aq_row\"><div class=\"aq_span4 clearfix aq-first\"><img loading=\"lazy\" class=\"aligncenter size-medium wp-image-5237\" alt=\"legi1\" src=\"http:\/\/santosvieiralda.com\/wp-content\/uploads\/2013\/09\/legi11-300x154.jpg\" width=\"300\" height=\"154\" srcset=\"https:\/\/santosvieiralda.com\/wp-content\/uploads\/2013\/09\/legi11-300x154.jpg 300w, https:\/\/santosvieiralda.com\/wp-content\/uploads\/2013\/09\/legi11.jpg 700w\" sizes=\"(max-width: 300px) 100vw, 300px\" \/><\/div><div class=\"aq_span4 clearfix \"><img loading=\"lazy\" class=\"aligncenter size-medium wp-image-5238\" alt=\"legi2\" src=\"http:\/\/santosvieiralda.com\/wp-content\/uploads\/2013\/09\/legi21-300x154.jpg\" width=\"300\" height=\"154\" srcset=\"https:\/\/santosvieiralda.com\/wp-content\/uploads\/2013\/09\/legi21-300x154.jpg 300w, https:\/\/santosvieiralda.com\/wp-content\/uploads\/2013\/09\/legi21.jpg 700w\" sizes=\"(max-width: 300px) 100vw, 300px\" \/><\/div><div class=\"aq_span4 clearfix \"><img loading=\"lazy\" class=\"aligncenter size-medium wp-image-5239\" alt=\"legi3\" src=\"http:\/\/santosvieiralda.com\/wp-content\/uploads\/2013\/09\/legi31-300x154.jpg\" width=\"300\" height=\"154\" srcset=\"https:\/\/santosvieiralda.com\/wp-content\/uploads\/2013\/09\/legi31-300x154.jpg 300w, https:\/\/santosvieiralda.com\/wp-content\/uploads\/2013\/09\/legi31.jpg 700w\" sizes=\"(max-width: 300px) 100vw, 300px\" \/><\/div><\/div>\n<p><strong>Regulamento (UE) n\u00ba 305\/2011, de 9 de Mar\u00e7o de 2011<\/strong><\/p>\n<p align=\"justify\">Estabelece condi\u00e7\u00f5es harmonizadas para a comercializa\u00e7\u00e3o dos produtos de constru\u00e7\u00e3o e que revoga a Directiva 89\/106\/CEE do Conselho.<\/p>\n<p align=\"justify\"><strong>Comunica\u00e7\u00e3o n\u00ba 2010\/C 167\/01, de 25 de Junho de 2001<\/strong><\/p>\n<p align=\"justify\">Comunica\u00e7\u00e3o da Comiss\u00e3o no \u00e2mbito da execu\u00e7\u00e3o da Directiva 89\/106\/CEE do Conselho de 21 de Dezembro de 1988 relativa \u00e0 aproxima\u00e7\u00e3o das disposi\u00e7\u00f5es legislativas, regulamentares e administrativas dos Estados-Membros no que respeita aos produtos de constru\u00e7\u00e3o.<\/p>\n<p align=\"justify\"><strong>Decreto-Lei n\u00ba 50\/2008, de 19 de Mar\u00e7o de 2008<\/strong><\/p>\n<p align=\"justify\">Clarifica o procedimento de homologa\u00e7\u00e3o dos produtos de constru\u00e7\u00e3o<\/p>\n<p align=\"justify\"><strong>Decreto-Lei n\u00ba 4\/2007, de 8 de Janeiro de 2007<\/strong><\/p>\n<p align=\"justify\">Altera o Decreto-Lei n\u00ba 113\/93<\/p>\n<p align=\"justify\"><strong>Decreto-Lei n\u00ba 113\/93, de 10 de Abril de 1993<\/strong><\/p>\n<div align=\"justify\">Transp\u00f5e para a ordem jur\u00eddica interna a Directiva n\u00ba 89\/106\/CEE, do Conselho, de 21 de Dezembro de 1988<\/div>\n","protected":false},"excerpt":{"rendered":"<p>Regulamento (UE) n\u00ba 305\/2011, de 9 de Mar\u00e7o de 2011 Estabelece condi\u00e7\u00f5es harmonizadas para a comercializa\u00e7\u00e3o dos produtos de constru\u00e7\u00e3o e que revoga a Directiva 89\/106\/CEE do Conselho. Comunica\u00e7\u00e3o n\u00ba 2010\/C 167\/01, de 25 de Junho de 2001 Comunica\u00e7\u00e3o da Comiss\u00e3o no \u00e2mbito da execu\u00e7\u00e3o da Directiva 89\/106\/CEE do Conselho de 21 de Dezembro de [&hellip;]<\/p>\n","protected":false},"author":1,"featured_media":0,"parent":0,"menu_order":0,"comment_status":"open","ping_status":"open","template":"","meta":[],"_links":{"self":[{"href":"https:\/\/santosvieiralda.com\/index.php?rest_route=\/wp\/v2\/pages\/4518"}],"collection":[{"href":"https:\/\/santosvieiralda.com\/index.php?rest_route=\/wp\/v2\/pages"}],"about":[{"href":"https:\/\/santosvieiralda.com\/index.php?rest_route=\/wp\/v2\/types\/page"}],"author":[{"embeddable":true,"href":"https:\/\/santosvieiralda.com\/index.php?rest_route=\/wp\/v2\/users\/1"}],"replies":[{"embeddable":true,"href":"https:\/\/santosvieiralda.com\/index.php?rest_route=%2Fwp%2Fv2%2Fcomments&post=4518"}],"version-history":[{"count":2,"href":"https:\/\/santosvieiralda.com\/index.php?rest_route=\/wp\/v2\/pages\/4518\/revisions"}],"predecessor-version":[{"id":5244,"href":"https:\/\/santosvieiralda.com\/index.php?rest_route=\/wp\/v2\/pages\/4518\/revisions\/5244"}],"wp:attachment":[{"href":"https:\/\/santosvieiralda.com\/index.php?rest_route=%2Fwp%2Fv2%2Fmedia&parent=4518"}],"curies":[{"name":"wp","href":"https:\/\/api.w.org\/{rel}","templated":true}]}}