{"id":4527,"date":"2013-09-05T10:47:25","date_gmt":"2013-09-05T10:47:25","guid":{"rendered":"https:\/\/santosvieiralda.com\/?page_id=4527"},"modified":"2014-01-01T11:23:33","modified_gmt":"2014-01-01T11:23:33","slug":"maquinas","status":"publish","type":"page","link":"https:\/\/santosvieiralda.com\/?page_id=4527","title":{"rendered":"M\u00e1quinas"},"content":{"rendered":"<div class=\"aq-template-wrapper aq_row\"><div class=\"aq_span4 clearfix aq-first\"><img loading=\"lazy\" class=\"aligncenter size-medium wp-image-5237\" alt=\"legi1\" src=\"http:\/\/santosvieiralda.com\/wp-content\/uploads\/2013\/09\/legi11-300x154.jpg\" width=\"300\" height=\"154\" srcset=\"https:\/\/santosvieiralda.com\/wp-content\/uploads\/2013\/09\/legi11-300x154.jpg 300w, https:\/\/santosvieiralda.com\/wp-content\/uploads\/2013\/09\/legi11.jpg 700w\" sizes=\"(max-width: 300px) 100vw, 300px\" \/><\/div><div class=\"aq_span4 clearfix \"><img loading=\"lazy\" class=\"aligncenter size-medium wp-image-5238\" alt=\"legi2\" src=\"http:\/\/santosvieiralda.com\/wp-content\/uploads\/2013\/09\/legi21-300x154.jpg\" width=\"300\" height=\"154\" srcset=\"https:\/\/santosvieiralda.com\/wp-content\/uploads\/2013\/09\/legi21-300x154.jpg 300w, https:\/\/santosvieiralda.com\/wp-content\/uploads\/2013\/09\/legi21.jpg 700w\" sizes=\"(max-width: 300px) 100vw, 300px\" \/><\/div><div class=\"aq_span4 clearfix \"><img loading=\"lazy\" class=\"aligncenter size-medium wp-image-5239\" alt=\"legi3\" src=\"http:\/\/santosvieiralda.com\/wp-content\/uploads\/2013\/09\/legi31-300x154.jpg\" width=\"300\" height=\"154\" srcset=\"https:\/\/santosvieiralda.com\/wp-content\/uploads\/2013\/09\/legi31-300x154.jpg 300w, https:\/\/santosvieiralda.com\/wp-content\/uploads\/2013\/09\/legi31.jpg 700w\" sizes=\"(max-width: 300px) 100vw, 300px\" \/><\/div><\/div>\n<p><strong>Comunica\u00e7\u00e3o n\u00ba2009\/C 309\/02, de 18 de Dezembro de 2009<\/strong><\/p>\n<p align=\"justify\">Comunica\u00e7\u00e3o da Comiss\u00e3o no \u00e2mbito da execu\u00e7\u00e3o da Directiva 2006\/42\/CE do Parlamento Europeu e do Conselho, de 17 de Maio de 2006, relativa \u00e0s m\u00e1quinas e que altera a Directiva 95\/16\/CE (reformula\u00e7\u00e3o).<\/p>\n<p align=\"justify\"><strong>Diretiva n\u00ba 2006\/42\/CE, de 17 de Maio de 2006<\/strong><\/p>\n<p align=\"justify\">Directiva 2006\/42\/CE do Parlamento Europeu e do Conselho de 17 de Maio de 2006 relativa \u00e0s m\u00e1quinas e que altera a Directiva 95\/16\/CE (reformula\u00e7\u00e3o).<\/p>\n<p align=\"justify\"><strong>Decreto-Lei n\u00ba 103\/2008, de 24 de Junho de 2008<\/strong><\/p>\n<div align=\"justify\">Estabelece as regras relativas \u00e0 coloca\u00e7\u00e3o no mercado e entrada em servi\u00e7o das m\u00e1quinas e respectivos acess\u00f3rios, transpondo para a ordem jur\u00eddica interna a Directiva n.\u00ba 2006\/42\/CE, do Parlamento Europeu e do Conselho, de 17 de Maio, relativa \u00e0s m\u00e1quinas e que altera a Directiva n.\u00ba 95\/16\/CE, do Par (&#8230;)<\/div>\n","protected":false},"excerpt":{"rendered":"<p>Comunica\u00e7\u00e3o n\u00ba2009\/C 309\/02, de 18 de Dezembro de 2009 Comunica\u00e7\u00e3o da Comiss\u00e3o no \u00e2mbito da execu\u00e7\u00e3o da Directiva 2006\/42\/CE do Parlamento Europeu e do Conselho, de 17 de Maio de 2006, relativa \u00e0s m\u00e1quinas e que altera a Directiva 95\/16\/CE (reformula\u00e7\u00e3o). Diretiva n\u00ba 2006\/42\/CE, de 17 de Maio de 2006 Directiva 2006\/42\/CE do Parlamento Europeu [&hellip;]<\/p>\n","protected":false},"author":1,"featured_media":0,"parent":0,"menu_order":0,"comment_status":"open","ping_status":"open","template":"","meta":[],"_links":{"self":[{"href":"https:\/\/santosvieiralda.com\/index.php?rest_route=\/wp\/v2\/pages\/4527"}],"collection":[{"href":"https:\/\/santosvieiralda.com\/index.php?rest_route=\/wp\/v2\/pages"}],"about":[{"href":"https:\/\/santosvieiralda.com\/index.php?rest_route=\/wp\/v2\/types\/page"}],"author":[{"embeddable":true,"href":"https:\/\/santosvieiralda.com\/index.php?rest_route=\/wp\/v2\/users\/1"}],"replies":[{"embeddable":true,"href":"https:\/\/santosvieiralda.com\/index.php?rest_route=%2Fwp%2Fv2%2Fcomments&post=4527"}],"version-history":[{"count":2,"href":"https:\/\/santosvieiralda.com\/index.php?rest_route=\/wp\/v2\/pages\/4527\/revisions"}],"predecessor-version":[{"id":5266,"href":"https:\/\/santosvieiralda.com\/index.php?rest_route=\/wp\/v2\/pages\/4527\/revisions\/5266"}],"wp:attachment":[{"href":"https:\/\/santosvieiralda.com\/index.php?rest_route=%2Fwp%2Fv2%2Fmedia&parent=4527"}],"curies":[{"name":"wp","href":"https:\/\/api.w.org\/{rel}","templated":true}]}}