{"id":4567,"date":"2013-09-05T13:44:11","date_gmt":"2013-09-05T13:44:11","guid":{"rendered":"https:\/\/santosvieiralda.com\/?page_id=4567"},"modified":"2014-01-01T11:38:12","modified_gmt":"2014-01-01T11:38:12","slug":"compatibilidade-eletromagnetica","status":"publish","type":"page","link":"https:\/\/santosvieiralda.com\/?page_id=4567","title":{"rendered":"Compatibilidade Eletromagn\u00e9tica"},"content":{"rendered":"<div class=\"aq-template-wrapper aq_row\"><div class=\"aq_span4 clearfix aq-first\"><img loading=\"lazy\" class=\"aligncenter size-medium wp-image-5237\" alt=\"legi1\" src=\"http:\/\/santosvieiralda.com\/wp-content\/uploads\/2013\/09\/legi11-300x154.jpg\" width=\"300\" height=\"154\" srcset=\"https:\/\/santosvieiralda.com\/wp-content\/uploads\/2013\/09\/legi11-300x154.jpg 300w, https:\/\/santosvieiralda.com\/wp-content\/uploads\/2013\/09\/legi11.jpg 700w\" sizes=\"(max-width: 300px) 100vw, 300px\" \/><\/div><div class=\"aq_span4 clearfix \"><img loading=\"lazy\" class=\"aligncenter size-medium wp-image-5238\" alt=\"legi2\" src=\"http:\/\/santosvieiralda.com\/wp-content\/uploads\/2013\/09\/legi21-300x154.jpg\" width=\"300\" height=\"154\" srcset=\"https:\/\/santosvieiralda.com\/wp-content\/uploads\/2013\/09\/legi21-300x154.jpg 300w, https:\/\/santosvieiralda.com\/wp-content\/uploads\/2013\/09\/legi21.jpg 700w\" sizes=\"(max-width: 300px) 100vw, 300px\" \/><\/div><div class=\"aq_span4 clearfix \"><img loading=\"lazy\" class=\"aligncenter size-medium wp-image-5239\" alt=\"legi3\" src=\"http:\/\/santosvieiralda.com\/wp-content\/uploads\/2013\/09\/legi31-300x154.jpg\" width=\"300\" height=\"154\" srcset=\"https:\/\/santosvieiralda.com\/wp-content\/uploads\/2013\/09\/legi31-300x154.jpg 300w, https:\/\/santosvieiralda.com\/wp-content\/uploads\/2013\/09\/legi31.jpg 700w\" sizes=\"(max-width: 300px) 100vw, 300px\" \/><\/div><\/div>\n<p align=\"justify\"><strong>Comunica\u00e7\u00e3o n\u00ba 2011\/C 59\/01, de 24 de Fevereiro de 2011<\/strong><\/p>\n<p align=\"justify\">Comunica\u00e7\u00e3o da Comiss\u00e3o no \u00e2mbito da aplica\u00e7\u00e3o da Directiva 2004\/108\/CE do Parlamento Europeu e do Conselho, de 15 de Dezembro de 2004, relativa \u00e0 aproxima\u00e7\u00e3o das legisla\u00e7\u00f5es dos Estados-Membros respeitantes \u00e0 compatibilidade electromagn\u00e9tica.<\/p>\n<p align=\"justify\"><strong>Diretiva n\u00ba 2004\/108\/CE, de 15 de Dezembro de 2004<\/strong><\/p>\n<div align=\"justify\">Directiva 2004\/108\/CE do Parlamento Europeu e do Conselho de 15 de Dezembro de 2004 relativa \u00e0 aproxima\u00e7\u00e3o das legisla\u00e7\u00f5es dos Estados-Membros respeitantes \u00e0 compatibilidade electromagn\u00e9tica e que revoga a Directiva 89\/336\/CEE.<\/div>\n","protected":false},"excerpt":{"rendered":"<p>Comunica\u00e7\u00e3o n\u00ba 2011\/C 59\/01, de 24 de Fevereiro de 2011 Comunica\u00e7\u00e3o da Comiss\u00e3o no \u00e2mbito da aplica\u00e7\u00e3o da Directiva 2004\/108\/CE do Parlamento Europeu e do Conselho, de 15 de Dezembro de 2004, relativa \u00e0 aproxima\u00e7\u00e3o das legisla\u00e7\u00f5es dos Estados-Membros respeitantes \u00e0 compatibilidade electromagn\u00e9tica. Diretiva n\u00ba 2004\/108\/CE, de 15 de Dezembro de 2004 Directiva 2004\/108\/CE do [&hellip;]<\/p>\n","protected":false},"author":1,"featured_media":0,"parent":0,"menu_order":0,"comment_status":"open","ping_status":"open","template":"","meta":[],"_links":{"self":[{"href":"https:\/\/santosvieiralda.com\/index.php?rest_route=\/wp\/v2\/pages\/4567"}],"collection":[{"href":"https:\/\/santosvieiralda.com\/index.php?rest_route=\/wp\/v2\/pages"}],"about":[{"href":"https:\/\/santosvieiralda.com\/index.php?rest_route=\/wp\/v2\/types\/page"}],"author":[{"embeddable":true,"href":"https:\/\/santosvieiralda.com\/index.php?rest_route=\/wp\/v2\/users\/1"}],"replies":[{"embeddable":true,"href":"https:\/\/santosvieiralda.com\/index.php?rest_route=%2Fwp%2Fv2%2Fcomments&post=4567"}],"version-history":[{"count":2,"href":"https:\/\/santosvieiralda.com\/index.php?rest_route=\/wp\/v2\/pages\/4567\/revisions"}],"predecessor-version":[{"id":5286,"href":"https:\/\/santosvieiralda.com\/index.php?rest_route=\/wp\/v2\/pages\/4567\/revisions\/5286"}],"wp:attachment":[{"href":"https:\/\/santosvieiralda.com\/index.php?rest_route=%2Fwp%2Fv2%2Fmedia&parent=4567"}],"curies":[{"name":"wp","href":"https:\/\/api.w.org\/{rel}","templated":true}]}}