{"id":4574,"date":"2013-09-05T13:49:01","date_gmt":"2013-09-05T13:49:01","guid":{"rendered":"https:\/\/santosvieiralda.com\/?page_id=4574"},"modified":"2014-01-01T11:39:38","modified_gmt":"2014-01-01T11:39:38","slug":"equipamentos-sob-pressao-2","status":"publish","type":"page","link":"https:\/\/santosvieiralda.com\/?page_id=4574","title":{"rendered":"Equipamentos sob Press\u00e3o"},"content":{"rendered":"<div class=\"aq-template-wrapper aq_row\"><div class=\"aq_span4 clearfix aq-first\"><img loading=\"lazy\" class=\"aligncenter size-medium wp-image-5237\" alt=\"legi1\" src=\"http:\/\/santosvieiralda.com\/wp-content\/uploads\/2013\/09\/legi11-300x154.jpg\" width=\"300\" height=\"154\" srcset=\"https:\/\/santosvieiralda.com\/wp-content\/uploads\/2013\/09\/legi11-300x154.jpg 300w, https:\/\/santosvieiralda.com\/wp-content\/uploads\/2013\/09\/legi11.jpg 700w\" sizes=\"(max-width: 300px) 100vw, 300px\" \/><\/div><div class=\"aq_span4 clearfix \"><img loading=\"lazy\" class=\"aligncenter size-medium wp-image-5238\" alt=\"legi2\" src=\"http:\/\/santosvieiralda.com\/wp-content\/uploads\/2013\/09\/legi21-300x154.jpg\" width=\"300\" height=\"154\" srcset=\"https:\/\/santosvieiralda.com\/wp-content\/uploads\/2013\/09\/legi21-300x154.jpg 300w, https:\/\/santosvieiralda.com\/wp-content\/uploads\/2013\/09\/legi21.jpg 700w\" sizes=\"(max-width: 300px) 100vw, 300px\" \/><\/div><div class=\"aq_span4 clearfix \"><img loading=\"lazy\" class=\"aligncenter size-medium wp-image-5239\" alt=\"legi3\" src=\"http:\/\/santosvieiralda.com\/wp-content\/uploads\/2013\/09\/legi31-300x154.jpg\" width=\"300\" height=\"154\" srcset=\"https:\/\/santosvieiralda.com\/wp-content\/uploads\/2013\/09\/legi31-300x154.jpg 300w, https:\/\/santosvieiralda.com\/wp-content\/uploads\/2013\/09\/legi31.jpg 700w\" sizes=\"(max-width: 300px) 100vw, 300px\" \/><\/div><\/div>\n<p align=\"justify\"><strong>Diretiva n\u00ba 97\/23\/CE, de 09 de Julho de 1997<\/strong><\/p>\n<p align=\"justify\">Directiva 97\/23\/CE do Parlamento Europeu e do Conselho de 29 de Maio de1997 relativa \u00e0 aproxima\u00e7\u00e3o das legisla\u00e7\u00f5es dos Estados-membros sobre equipamentos sob press\u00e3o.<\/p>\n<p align=\"justify\"><strong>Comunica\u00e7\u00e3o 2011\/C 118\/02, de 15 de Abril de 2011<\/strong><\/p>\n<div align=\"justify\">Comunica\u00e7\u00e3o da Comiss\u00e3o no \u00e2mbito da execu\u00e7\u00e3o da Directiva 97\/23\/CE do Parlamento Europeu e do Conselho de 29 de Maio de 1997 relativa \u00e0 aproxima\u00e7\u00e3o das legisla\u00e7\u00f5es dos Estados-Membros sobre equipamentos sob press\u00e3o.<\/div>\n","protected":false},"excerpt":{"rendered":"<p>Diretiva n\u00ba 97\/23\/CE, de 09 de Julho de 1997 Directiva 97\/23\/CE do Parlamento Europeu e do Conselho de 29 de Maio de1997 relativa \u00e0 aproxima\u00e7\u00e3o das legisla\u00e7\u00f5es dos Estados-membros sobre equipamentos sob press\u00e3o. Comunica\u00e7\u00e3o 2011\/C 118\/02, de 15 de Abril de 2011 Comunica\u00e7\u00e3o da Comiss\u00e3o no \u00e2mbito da execu\u00e7\u00e3o da Directiva 97\/23\/CE do Parlamento Europeu [&hellip;]<\/p>\n","protected":false},"author":1,"featured_media":0,"parent":0,"menu_order":0,"comment_status":"open","ping_status":"open","template":"","meta":[],"_links":{"self":[{"href":"https:\/\/santosvieiralda.com\/index.php?rest_route=\/wp\/v2\/pages\/4574"}],"collection":[{"href":"https:\/\/santosvieiralda.com\/index.php?rest_route=\/wp\/v2\/pages"}],"about":[{"href":"https:\/\/santosvieiralda.com\/index.php?rest_route=\/wp\/v2\/types\/page"}],"author":[{"embeddable":true,"href":"https:\/\/santosvieiralda.com\/index.php?rest_route=\/wp\/v2\/users\/1"}],"replies":[{"embeddable":true,"href":"https:\/\/santosvieiralda.com\/index.php?rest_route=%2Fwp%2Fv2%2Fcomments&post=4574"}],"version-history":[{"count":3,"href":"https:\/\/santosvieiralda.com\/index.php?rest_route=\/wp\/v2\/pages\/4574\/revisions"}],"predecessor-version":[{"id":5288,"href":"https:\/\/santosvieiralda.com\/index.php?rest_route=\/wp\/v2\/pages\/4574\/revisions\/5288"}],"wp:attachment":[{"href":"https:\/\/santosvieiralda.com\/index.php?rest_route=%2Fwp%2Fv2%2Fmedia&parent=4574"}],"curies":[{"name":"wp","href":"https:\/\/api.w.org\/{rel}","templated":true}]}}