{"id":4582,"date":"2013-09-05T13:53:07","date_gmt":"2013-09-05T13:53:07","guid":{"rendered":"https:\/\/santosvieiralda.com\/?page_id=4582"},"modified":"2014-01-01T11:42:21","modified_gmt":"2014-01-01T11:42:21","slug":"produtos-de-construcao-2","status":"publish","type":"page","link":"https:\/\/santosvieiralda.com\/?page_id=4582","title":{"rendered":"Produtos de Constru\u00e7\u00e3o"},"content":{"rendered":"<div class=\"aq-template-wrapper aq_row\"><div class=\"aq_span4 clearfix aq-first\"><img loading=\"lazy\" class=\"aligncenter size-medium wp-image-5237\" alt=\"legi1\" src=\"http:\/\/santosvieiralda.com\/wp-content\/uploads\/2013\/09\/legi11-300x154.jpg\" width=\"300\" height=\"154\" srcset=\"https:\/\/santosvieiralda.com\/wp-content\/uploads\/2013\/09\/legi11-300x154.jpg 300w, https:\/\/santosvieiralda.com\/wp-content\/uploads\/2013\/09\/legi11.jpg 700w\" sizes=\"(max-width: 300px) 100vw, 300px\" \/><\/div><div class=\"aq_span4 clearfix \"><img loading=\"lazy\" class=\"aligncenter size-medium wp-image-5238\" alt=\"legi2\" src=\"http:\/\/santosvieiralda.com\/wp-content\/uploads\/2013\/09\/legi21-300x154.jpg\" width=\"300\" height=\"154\" srcset=\"https:\/\/santosvieiralda.com\/wp-content\/uploads\/2013\/09\/legi21-300x154.jpg 300w, https:\/\/santosvieiralda.com\/wp-content\/uploads\/2013\/09\/legi21.jpg 700w\" sizes=\"(max-width: 300px) 100vw, 300px\" \/><\/div><div class=\"aq_span4 clearfix \"><img loading=\"lazy\" class=\"aligncenter size-medium wp-image-5239\" alt=\"legi3\" src=\"http:\/\/santosvieiralda.com\/wp-content\/uploads\/2013\/09\/legi31-300x154.jpg\" width=\"300\" height=\"154\" srcset=\"https:\/\/santosvieiralda.com\/wp-content\/uploads\/2013\/09\/legi31-300x154.jpg 300w, https:\/\/santosvieiralda.com\/wp-content\/uploads\/2013\/09\/legi31.jpg 700w\" sizes=\"(max-width: 300px) 100vw, 300px\" \/><\/div><\/div>\n<p align=\"justify\"><strong>Regulamento (UE) n\u00ba 305\/2011, de 9 de Mar\u00e7o de 2011<\/strong><\/p>\n<p align=\"justify\">Estabelece condi\u00e7\u00f5es harmonizadas para a comercializa\u00e7\u00e3o dos produtos de constru\u00e7\u00e3o e que revoga a Directiva 89\/106\/CEE do Conselho.<\/p>\n<p align=\"justify\"><strong>Decis\u00e3o n\u00ba 2003\/632\/CE, de 26 de Agosto de 2003<\/strong><\/p>\n<p align=\"justify\">Decis\u00e3o da Comiss\u00e3o de 26 de Agosto de 2003 que altera a Decis\u00e3o 2000\/147\/CE que aplica a Directiva 89\/106\/CEE do Conselho relativa \u00e0 classifica\u00e7\u00e3o dos produtos de constru\u00e7\u00e3o no que respeita ao desempenho em mat\u00e9ria de reac\u00e7\u00e3o ao fogo.<\/p>\n<p align=\"justify\"><strong>Decis\u00e3o n\u00ba 2003\/629\/CE, de 27 de Agosto de 2003<\/strong><\/p>\n<p align=\"justify\">Decis\u00e3o da Comiss\u00e3o de 27 de Agosto de 2003 que altera a Decis\u00e3o 2000\/367\/CE, que cria um sistema de classifica\u00e7\u00e3o dos produtos de constru\u00e7\u00e3o,em termos de desempenho na resist\u00eancia ao fogo, no que respeita aos produtos de controlo de fumos e de calor.<\/p>\n<p align=\"justify\"><strong>Decis\u00e3o n\u00ba 2000\/367\/CE, de 3 de Maio de 2000<\/strong><\/p>\n<p align=\"justify\">Decis\u00e3o da Comiss\u00e3o de 3 de Maio de 2000 que aplica a Directiva 89\/106\/CEE do Conselho no que respeita \u00e0 classifica\u00e7\u00e3o do desempenho dos produtosde constru\u00e7\u00e3o, das obras e de partes das obras em termos da sua resist\u00eancia ao fogo.<\/p>\n<p align=\"justify\"><strong>Decis\u00e3o n\u00ba 2000\/147\/CE, de 8 de Fevereiro de 2000<\/strong><\/p>\n<p align=\"justify\">Decis\u00e3o da Comiss\u00e3o de 8 de Fevereiro de 2000 que aplica a Directiva 89\/106\/CEE do Conselho relativa \u00e0 classifica\u00e7\u00e3o dos produtos de constru\u00e7\u00e3o no que respeita ao desempenho em mat\u00e9ria de reac\u00e7\u00e3o ao fogo.<\/p>\n<p align=\"justify\"><strong>Comunica\u00e7\u00e3o n\u00ba 2009\/C152\/05, de 4 de Julho de 2009<\/strong><\/p>\n<div align=\"justify\">Comunica\u00e7\u00e3o da Comiss\u00e3o no \u00e2mbito da execu\u00e7\u00e3o da Directiva 89\/106\/CEE do Conselho relativa \u00e0 aproxima\u00e7\u00e3o das disposi\u00e7\u00f5es legislativas, regulamentares e administrativas dos Estados-Membros no que respeita aos produtos de constru\u00e7\u00e3o.<\/div>\n","protected":false},"excerpt":{"rendered":"<p>Regulamento (UE) n\u00ba 305\/2011, de 9 de Mar\u00e7o de 2011 Estabelece condi\u00e7\u00f5es harmonizadas para a comercializa\u00e7\u00e3o dos produtos de constru\u00e7\u00e3o e que revoga a Directiva 89\/106\/CEE do Conselho. Decis\u00e3o n\u00ba 2003\/632\/CE, de 26 de Agosto de 2003 Decis\u00e3o da Comiss\u00e3o de 26 de Agosto de 2003 que altera a Decis\u00e3o 2000\/147\/CE que aplica a Directiva [&hellip;]<\/p>\n","protected":false},"author":1,"featured_media":0,"parent":0,"menu_order":0,"comment_status":"open","ping_status":"open","template":"","meta":[],"_links":{"self":[{"href":"https:\/\/santosvieiralda.com\/index.php?rest_route=\/wp\/v2\/pages\/4582"}],"collection":[{"href":"https:\/\/santosvieiralda.com\/index.php?rest_route=\/wp\/v2\/pages"}],"about":[{"href":"https:\/\/santosvieiralda.com\/index.php?rest_route=\/wp\/v2\/types\/page"}],"author":[{"embeddable":true,"href":"https:\/\/santosvieiralda.com\/index.php?rest_route=\/wp\/v2\/users\/1"}],"replies":[{"embeddable":true,"href":"https:\/\/santosvieiralda.com\/index.php?rest_route=%2Fwp%2Fv2%2Fcomments&post=4582"}],"version-history":[{"count":2,"href":"https:\/\/santosvieiralda.com\/index.php?rest_route=\/wp\/v2\/pages\/4582\/revisions"}],"predecessor-version":[{"id":5292,"href":"https:\/\/santosvieiralda.com\/index.php?rest_route=\/wp\/v2\/pages\/4582\/revisions\/5292"}],"wp:attachment":[{"href":"https:\/\/santosvieiralda.com\/index.php?rest_route=%2Fwp%2Fv2%2Fmedia&parent=4582"}],"curies":[{"name":"wp","href":"https:\/\/api.w.org\/{rel}","templated":true}]}}