{"id":4605,"date":"2013-09-05T14:23:24","date_gmt":"2013-09-05T14:23:24","guid":{"rendered":"https:\/\/santosvieiralda.com\/?page_id=4605"},"modified":"2014-01-01T11:45:54","modified_gmt":"2014-01-01T11:45:54","slug":"regulamento-geral-das-edificacoes-urbanas","status":"publish","type":"page","link":"https:\/\/santosvieiralda.com\/?page_id=4605","title":{"rendered":"Regulamento Geral das Edifica\u00e7\u00f5es Urbanas"},"content":{"rendered":"<div class=\"aq-template-wrapper aq_row\"><div class=\"aq_span4 clearfix aq-first\"><img loading=\"lazy\" class=\"aligncenter size-medium wp-image-5237\" alt=\"legi1\" src=\"http:\/\/santosvieiralda.com\/wp-content\/uploads\/2013\/09\/legi11-300x154.jpg\" width=\"300\" height=\"154\" srcset=\"https:\/\/santosvieiralda.com\/wp-content\/uploads\/2013\/09\/legi11-300x154.jpg 300w, https:\/\/santosvieiralda.com\/wp-content\/uploads\/2013\/09\/legi11.jpg 700w\" sizes=\"(max-width: 300px) 100vw, 300px\" \/><\/div><div class=\"aq_span4 clearfix \"><img loading=\"lazy\" class=\"aligncenter size-medium wp-image-5238\" alt=\"legi2\" src=\"http:\/\/santosvieiralda.com\/wp-content\/uploads\/2013\/09\/legi21-300x154.jpg\" width=\"300\" height=\"154\" srcset=\"https:\/\/santosvieiralda.com\/wp-content\/uploads\/2013\/09\/legi21-300x154.jpg 300w, https:\/\/santosvieiralda.com\/wp-content\/uploads\/2013\/09\/legi21.jpg 700w\" sizes=\"(max-width: 300px) 100vw, 300px\" \/><\/div><div class=\"aq_span4 clearfix \"><img loading=\"lazy\" class=\"aligncenter size-medium wp-image-5239\" alt=\"legi3\" src=\"http:\/\/santosvieiralda.com\/wp-content\/uploads\/2013\/09\/legi31-300x154.jpg\" width=\"300\" height=\"154\" srcset=\"https:\/\/santosvieiralda.com\/wp-content\/uploads\/2013\/09\/legi31-300x154.jpg 300w, https:\/\/santosvieiralda.com\/wp-content\/uploads\/2013\/09\/legi31.jpg 700w\" sizes=\"(max-width: 300px) 100vw, 300px\" \/><\/div><\/div>\n<p align=\"justify\"><strong>Decreto Legislativo Regional n.\u00ba 7\/2011\/M, de 16 de Mar\u00e7o de 2011<\/strong><\/p>\n<p align=\"justify\">Segunda altera\u00e7\u00e3o ao Decreto Legislativo Regional n.\u00ba 37\/2006\/M, de 18 de Agosto, que adapta \u00e0 Regi\u00e3o Aut\u00f3noma da Madeira o Decreto-Lei n.\u00ba 555\/99, de 16 de Dezembro, que estabelece o regime jur\u00eddico da urbaniza\u00e7\u00e3o e da edifica\u00e7\u00e3o.<\/p>\n<p align=\"justify\"><strong>Lei n\u00ba 28\/2010, de 2 de Setembro de 2010<\/strong><\/p>\n<p align=\"justify\">Primeira altera\u00e7\u00e3o, por aprecia\u00e7\u00e3o parlamentar, ao Decreto-Lei n.\u00ba 26\/2010, de 30 de Mar\u00e7o, que procede \u00e0 d\u00e9cima altera\u00e7\u00e3o ao Decreto-Lei n.\u00ba 555\/99, de 16 de Dezembro, que estabelece o regime jur\u00eddico da urbaniza\u00e7\u00e3o e edifica\u00e7\u00e3o, e procede \u00e0 primeira altera\u00e7\u00e3o ao Decreto-Lei n.\u00ba 107\/2009, de 15 de M (&#8230;)<\/p>\n<p align=\"justify\"><strong>Decreto-Lei n\u00ba 26\/2010, de 30 de Mar\u00e7o de 2010<\/strong><\/p>\n<p align=\"justify\">Procede \u00e0 d\u00e9cima altera\u00e7\u00e3o ao Decreto-Lei n.\u00ba 555\/99, de 16 de Dezembro, que estabelece o regime jur\u00eddico da urbaniza\u00e7\u00e3o e edifica\u00e7\u00e3o, e procede \u00e0 primeira altera\u00e7\u00e3o ao Decreto-Lei n.\u00ba 107\/2009, de 15 de Maio.<\/p>\n<p align=\"justify\"><strong>Lei n\u00ba 60\/2007, de 4 de Setembro de 2007<\/strong><\/p>\n<p align=\"justify\">Procede \u00e0 sexta altera\u00e7\u00e3o ao Decreto-Lei n\u00ba 555\/99, de 16 de Dezembro, que estabelece o Regime Jur\u00eddico da Urbaniza\u00e7\u00e3o e Edifica\u00e7\u00e3o.<\/p>\n<p align=\"justify\"><strong>Decreto-Lei n\u00ba 290\/2007, de 17 de Agosto de 2007<\/strong><\/p>\n<p align=\"justify\">Introduz uma altera\u00e7\u00e3o ao Regulamento Geral das Edifica\u00e7\u00f5es urbanas, referente aos materiais e processos de constru\u00e7\u00e3o.<\/p>\n<p align=\"justify\"><strong>Decreto-Lei n\u00ba 555\/99, de 16 de Dezembro de 1999<\/strong><\/p>\n<p align=\"justify\">Estabelece o Regime Jur\u00eddico da Urbaniza\u00e7\u00e3o e Edifica\u00e7\u00e3o.<\/p>\n<p align=\"justify\"><strong>Decreto-Lei n\u00ba 740\/74, de 26 de Dezembro de 1974<\/strong><\/p>\n<p align=\"justify\">Aprova os Regulamentos de Seguran\u00e7a de Instala\u00e7\u00f5es de Utiliza\u00e7\u00e3o de Energia El\u00e9ctrica e de Instala\u00e7\u00f5es Colectivas de Edif\u00edcios e Entradas.<\/p>\n<p align=\"justify\"><strong>Decreto-Lei n\u00ba 38382\/1951, de 7 de Agosto 1951<\/strong><\/p>\n<p align=\"justify\">Aprova o Regulamento Geral das Edifica\u00e7\u00f5es Urbanas. O DL 220\/20098 revoga o cap\u00edtulo III do t\u00edtulo V deste diploma.<\/p>\n","protected":false},"excerpt":{"rendered":"<p>Decreto Legislativo Regional n.\u00ba 7\/2011\/M, de 16 de Mar\u00e7o de 2011 Segunda altera\u00e7\u00e3o ao Decreto Legislativo Regional n.\u00ba 37\/2006\/M, de 18 de Agosto, que adapta \u00e0 Regi\u00e3o Aut\u00f3noma da Madeira o Decreto-Lei n.\u00ba 555\/99, de 16 de Dezembro, que estabelece o regime jur\u00eddico da urbaniza\u00e7\u00e3o e da edifica\u00e7\u00e3o. Lei n\u00ba 28\/2010, de 2 de Setembro [&hellip;]<\/p>\n","protected":false},"author":1,"featured_media":0,"parent":0,"menu_order":0,"comment_status":"open","ping_status":"open","template":"","meta":[],"_links":{"self":[{"href":"https:\/\/santosvieiralda.com\/index.php?rest_route=\/wp\/v2\/pages\/4605"}],"collection":[{"href":"https:\/\/santosvieiralda.com\/index.php?rest_route=\/wp\/v2\/pages"}],"about":[{"href":"https:\/\/santosvieiralda.com\/index.php?rest_route=\/wp\/v2\/types\/page"}],"author":[{"embeddable":true,"href":"https:\/\/santosvieiralda.com\/index.php?rest_route=\/wp\/v2\/users\/1"}],"replies":[{"embeddable":true,"href":"https:\/\/santosvieiralda.com\/index.php?rest_route=%2Fwp%2Fv2%2Fcomments&post=4605"}],"version-history":[{"count":2,"href":"https:\/\/santosvieiralda.com\/index.php?rest_route=\/wp\/v2\/pages\/4605\/revisions"}],"predecessor-version":[{"id":5298,"href":"https:\/\/santosvieiralda.com\/index.php?rest_route=\/wp\/v2\/pages\/4605\/revisions\/5298"}],"wp:attachment":[{"href":"https:\/\/santosvieiralda.com\/index.php?rest_route=%2Fwp%2Fv2%2Fmedia&parent=4605"}],"curies":[{"name":"wp","href":"https:\/\/api.w.org\/{rel}","templated":true}]}}