{"id":4607,"date":"2013-09-05T14:24:16","date_gmt":"2013-09-05T14:24:16","guid":{"rendered":"https:\/\/santosvieiralda.com\/?page_id=4607"},"modified":"2014-01-01T11:46:31","modified_gmt":"2014-01-01T11:46:31","slug":"recintos-de-espetaculos-e-divertimentos-publicos","status":"publish","type":"page","link":"https:\/\/santosvieiralda.com\/?page_id=4607","title":{"rendered":"Recintos de Espet\u00e1culos e Divertimentos P\u00fablicos"},"content":{"rendered":"<div class=\"aq-template-wrapper aq_row\"><div class=\"aq_span4 clearfix aq-first\"><img loading=\"lazy\" class=\"aligncenter size-medium wp-image-5237\" alt=\"legi1\" src=\"http:\/\/santosvieiralda.com\/wp-content\/uploads\/2013\/09\/legi11-300x154.jpg\" width=\"300\" height=\"154\" srcset=\"https:\/\/santosvieiralda.com\/wp-content\/uploads\/2013\/09\/legi11-300x154.jpg 300w, https:\/\/santosvieiralda.com\/wp-content\/uploads\/2013\/09\/legi11.jpg 700w\" sizes=\"(max-width: 300px) 100vw, 300px\" \/><\/div><div class=\"aq_span4 clearfix \"><img loading=\"lazy\" class=\"aligncenter size-medium wp-image-5238\" alt=\"legi2\" src=\"http:\/\/santosvieiralda.com\/wp-content\/uploads\/2013\/09\/legi21-300x154.jpg\" width=\"300\" height=\"154\" srcset=\"https:\/\/santosvieiralda.com\/wp-content\/uploads\/2013\/09\/legi21-300x154.jpg 300w, https:\/\/santosvieiralda.com\/wp-content\/uploads\/2013\/09\/legi21.jpg 700w\" sizes=\"(max-width: 300px) 100vw, 300px\" \/><\/div><div class=\"aq_span4 clearfix \"><img loading=\"lazy\" class=\"aligncenter size-medium wp-image-5239\" alt=\"legi3\" src=\"http:\/\/santosvieiralda.com\/wp-content\/uploads\/2013\/09\/legi31-300x154.jpg\" width=\"300\" height=\"154\" srcset=\"https:\/\/santosvieiralda.com\/wp-content\/uploads\/2013\/09\/legi31-300x154.jpg 300w, https:\/\/santosvieiralda.com\/wp-content\/uploads\/2013\/09\/legi31.jpg 700w\" sizes=\"(max-width: 300px) 100vw, 300px\" \/><\/div><\/div>\n<p align=\"justify\"><strong>Decreto-lei n.\u00ba 216\/2012, de 09 de Outubro de 2012<\/strong><\/p>\n<p align=\"justify\">Define o regime de policiamento de espet\u00e1culos desportivos realizados em recinto desportivo e de satisfa\u00e7\u00e3o dos encargos com o policiamento de espet\u00e1culos desportivos em geral.<\/p>\n<p align=\"justify\"><strong>Decreto-Lei n.\u00ba 119\/2009, de 19 de Maio de 2009<\/strong><\/p>\n<p align=\"justify\">Estabelece as condi\u00e7\u00f5es de seguran\u00e7a a observar na localiza\u00e7\u00e3o, implanta\u00e7\u00e3o, concep\u00e7\u00e3o e organiza\u00e7\u00e3o funcional dos espa\u00e7os de jogo e recreio, respectivo equipamento e superf\u00edcies de impacto.<\/p>\n<p align=\"justify\"><strong>Lei n.\u00ba 28\/2004, de 16 de Julho de 2004<\/strong><\/p>\n<p align=\"justify\">Segunda altera\u00e7\u00e3o ao Decreto-Lei n.\u00ba 422\/89, de 2 de Dezembro (reformula a Lei do Jogo), na redac\u00e7\u00e3o dada pelo Decreto-Lei n.\u00ba 10\/95, de 19 de Janeiro, introduzindo normas de licenciamento e de utiliza\u00e7\u00e3o de equipamentos electr\u00f3nicos de vigil\u00e2ncia.<\/p>\n<p align=\"justify\"><strong>Decreto Regulamentar n\u00ba 5\/97, de 31 de Mar\u00e7o de 1997<\/strong><\/p>\n<p align=\"justify\">Aprova o Regulamento das Condi\u00e7\u00f5es T\u00e9cnicas e de Seguran\u00e7a dos Recintos com Divers\u00f5es Aqu\u00e1ticas.<\/p>\n<p align=\"justify\"><strong>Decreto regulamentar n.\u00ba 34\/1995, de 16 de Dezembro 1995<\/strong><\/p>\n<div align=\"justify\">Regulamento das condi\u00e7\u00f5es t\u00e9cnicas e de seguran\u00e7a dos recintos de espect\u00e1culos e divertimentos p\u00fablicos. Est\u00e3o em vigor apenas os artigos artigos 1.\u00ba a 4.\u00ba, dos n.os 1 e 2 do artigo 6.\u00ba, do artigo 13.\u00ba, do artigo 15.\u00ba, dos n.os 1, 2 e 4 do artigo 24.\u00ba, dos artigos 53.\u00ba a 60.\u00ba, dos artigos 64.\u00ba a 66.\u00ba (&#8230;)<\/div>\n","protected":false},"excerpt":{"rendered":"<p>Decreto-lei n.\u00ba 216\/2012, de 09 de Outubro de 2012 Define o regime de policiamento de espet\u00e1culos desportivos realizados em recinto desportivo e de satisfa\u00e7\u00e3o dos encargos com o policiamento de espet\u00e1culos desportivos em geral. Decreto-Lei n.\u00ba 119\/2009, de 19 de Maio de 2009 Estabelece as condi\u00e7\u00f5es de seguran\u00e7a a observar na localiza\u00e7\u00e3o, implanta\u00e7\u00e3o, concep\u00e7\u00e3o e [&hellip;]<\/p>\n","protected":false},"author":1,"featured_media":0,"parent":0,"menu_order":0,"comment_status":"open","ping_status":"open","template":"","meta":[],"_links":{"self":[{"href":"https:\/\/santosvieiralda.com\/index.php?rest_route=\/wp\/v2\/pages\/4607"}],"collection":[{"href":"https:\/\/santosvieiralda.com\/index.php?rest_route=\/wp\/v2\/pages"}],"about":[{"href":"https:\/\/santosvieiralda.com\/index.php?rest_route=\/wp\/v2\/types\/page"}],"author":[{"embeddable":true,"href":"https:\/\/santosvieiralda.com\/index.php?rest_route=\/wp\/v2\/users\/1"}],"replies":[{"embeddable":true,"href":"https:\/\/santosvieiralda.com\/index.php?rest_route=%2Fwp%2Fv2%2Fcomments&post=4607"}],"version-history":[{"count":2,"href":"https:\/\/santosvieiralda.com\/index.php?rest_route=\/wp\/v2\/pages\/4607\/revisions"}],"predecessor-version":[{"id":5299,"href":"https:\/\/santosvieiralda.com\/index.php?rest_route=\/wp\/v2\/pages\/4607\/revisions\/5299"}],"wp:attachment":[{"href":"https:\/\/santosvieiralda.com\/index.php?rest_route=%2Fwp%2Fv2%2Fmedia&parent=4607"}],"curies":[{"name":"wp","href":"https:\/\/api.w.org\/{rel}","templated":true}]}}