{"id":4613,"date":"2013-09-05T14:26:59","date_gmt":"2013-09-05T14:26:59","guid":{"rendered":"https:\/\/santosvieiralda.com\/?page_id=4613"},"modified":"2014-01-01T11:48:29","modified_gmt":"2014-01-01T11:48:29","slug":"tuneis","status":"publish","type":"page","link":"https:\/\/santosvieiralda.com\/?page_id=4613","title":{"rendered":"T\u00faneis"},"content":{"rendered":"<div class=\"aq-template-wrapper aq_row\"><div class=\"aq_span4 clearfix aq-first\"><img loading=\"lazy\" class=\"aligncenter size-medium wp-image-5237\" alt=\"legi1\" src=\"http:\/\/santosvieiralda.com\/wp-content\/uploads\/2013\/09\/legi11-300x154.jpg\" width=\"300\" height=\"154\" srcset=\"https:\/\/santosvieiralda.com\/wp-content\/uploads\/2013\/09\/legi11-300x154.jpg 300w, https:\/\/santosvieiralda.com\/wp-content\/uploads\/2013\/09\/legi11.jpg 700w\" sizes=\"(max-width: 300px) 100vw, 300px\" \/><\/div><div class=\"aq_span4 clearfix \"><img loading=\"lazy\" class=\"aligncenter size-medium wp-image-5238\" alt=\"legi2\" src=\"http:\/\/santosvieiralda.com\/wp-content\/uploads\/2013\/09\/legi21-300x154.jpg\" width=\"300\" height=\"154\" srcset=\"https:\/\/santosvieiralda.com\/wp-content\/uploads\/2013\/09\/legi21-300x154.jpg 300w, https:\/\/santosvieiralda.com\/wp-content\/uploads\/2013\/09\/legi21.jpg 700w\" sizes=\"(max-width: 300px) 100vw, 300px\" \/><\/div><div class=\"aq_span4 clearfix \"><img loading=\"lazy\" class=\"aligncenter size-medium wp-image-5239\" alt=\"legi3\" src=\"http:\/\/santosvieiralda.com\/wp-content\/uploads\/2013\/09\/legi31-300x154.jpg\" width=\"300\" height=\"154\" srcset=\"https:\/\/santosvieiralda.com\/wp-content\/uploads\/2013\/09\/legi31-300x154.jpg 300w, https:\/\/santosvieiralda.com\/wp-content\/uploads\/2013\/09\/legi31.jpg 700w\" sizes=\"(max-width: 300px) 100vw, 300px\" \/><\/div><\/div>\n<p><strong>Decreto-Lei n.\u00ba 75\/2006, de 27 de Mar\u00e7o de 2006<\/strong><\/p>\n<div align=\"justify\">Estabelece os requisitos m\u00ednimos de seguran\u00e7a para os t\u00faneis da rede rodovi\u00e1ria transeuropeia e da rede rodovi\u00e1ria nacional e procede \u00e0 transposi\u00e7\u00e3o para a ordem jur\u00eddica nacional da Directiva n.\u00ba 2004\/54\/CE (EUR-Lex), do Parlamento Europeu e do Conselho, de 29 de Abril.<\/div>\n","protected":false},"excerpt":{"rendered":"<p>Decreto-Lei n.\u00ba 75\/2006, de 27 de Mar\u00e7o de 2006 Estabelece os requisitos m\u00ednimos de seguran\u00e7a para os t\u00faneis da rede rodovi\u00e1ria transeuropeia e da rede rodovi\u00e1ria nacional e procede \u00e0 transposi\u00e7\u00e3o para a ordem jur\u00eddica nacional da Directiva n.\u00ba 2004\/54\/CE (EUR-Lex), do Parlamento Europeu e do Conselho, de 29 de Abril.<\/p>\n","protected":false},"author":1,"featured_media":0,"parent":0,"menu_order":0,"comment_status":"open","ping_status":"open","template":"","meta":[],"_links":{"self":[{"href":"https:\/\/santosvieiralda.com\/index.php?rest_route=\/wp\/v2\/pages\/4613"}],"collection":[{"href":"https:\/\/santosvieiralda.com\/index.php?rest_route=\/wp\/v2\/pages"}],"about":[{"href":"https:\/\/santosvieiralda.com\/index.php?rest_route=\/wp\/v2\/types\/page"}],"author":[{"embeddable":true,"href":"https:\/\/santosvieiralda.com\/index.php?rest_route=\/wp\/v2\/users\/1"}],"replies":[{"embeddable":true,"href":"https:\/\/santosvieiralda.com\/index.php?rest_route=%2Fwp%2Fv2%2Fcomments&post=4613"}],"version-history":[{"count":2,"href":"https:\/\/santosvieiralda.com\/index.php?rest_route=\/wp\/v2\/pages\/4613\/revisions"}],"predecessor-version":[{"id":5302,"href":"https:\/\/santosvieiralda.com\/index.php?rest_route=\/wp\/v2\/pages\/4613\/revisions\/5302"}],"wp:attachment":[{"href":"https:\/\/santosvieiralda.com\/index.php?rest_route=%2Fwp%2Fv2%2Fmedia&parent=4613"}],"curies":[{"name":"wp","href":"https:\/\/api.w.org\/{rel}","templated":true}]}}