{"id":4625,"date":"2013-09-05T14:42:41","date_gmt":"2013-09-05T14:42:41","guid":{"rendered":"https:\/\/santosvieiralda.com\/?page_id=4625"},"modified":"2014-01-01T11:49:34","modified_gmt":"2014-01-01T11:49:34","slug":"construcao-e-demolicao","status":"publish","type":"page","link":"https:\/\/santosvieiralda.com\/?page_id=4625","title":{"rendered":"Constru\u00e7\u00e3o e Demoli\u00e7\u00e3o"},"content":{"rendered":"<div class=\"aq-template-wrapper aq_row\"><div class=\"aq_span4 clearfix aq-first\"><img loading=\"lazy\" class=\"aligncenter size-medium wp-image-5237\" alt=\"legi1\" src=\"http:\/\/santosvieiralda.com\/wp-content\/uploads\/2013\/09\/legi11-300x154.jpg\" width=\"300\" height=\"154\" srcset=\"https:\/\/santosvieiralda.com\/wp-content\/uploads\/2013\/09\/legi11-300x154.jpg 300w, https:\/\/santosvieiralda.com\/wp-content\/uploads\/2013\/09\/legi11.jpg 700w\" sizes=\"(max-width: 300px) 100vw, 300px\" \/><\/div><div class=\"aq_span4 clearfix \"><img loading=\"lazy\" class=\"aligncenter size-medium wp-image-5238\" alt=\"legi2\" src=\"http:\/\/santosvieiralda.com\/wp-content\/uploads\/2013\/09\/legi21-300x154.jpg\" width=\"300\" height=\"154\" srcset=\"https:\/\/santosvieiralda.com\/wp-content\/uploads\/2013\/09\/legi21-300x154.jpg 300w, https:\/\/santosvieiralda.com\/wp-content\/uploads\/2013\/09\/legi21.jpg 700w\" sizes=\"(max-width: 300px) 100vw, 300px\" \/><\/div><div class=\"aq_span4 clearfix \"><img loading=\"lazy\" class=\"aligncenter size-medium wp-image-5239\" alt=\"legi3\" src=\"http:\/\/santosvieiralda.com\/wp-content\/uploads\/2013\/09\/legi31-300x154.jpg\" width=\"300\" height=\"154\" srcset=\"https:\/\/santosvieiralda.com\/wp-content\/uploads\/2013\/09\/legi31-300x154.jpg 300w, https:\/\/santosvieiralda.com\/wp-content\/uploads\/2013\/09\/legi31.jpg 700w\" sizes=\"(max-width: 300px) 100vw, 300px\" \/><\/div><\/div>\n<p align=\"justify\"><strong>Portaria n\u00ba 417\/2008, de 11 de Junho de 2008<\/strong><\/p>\n<p align=\"justify\">Aprova os modelos de guias de acompanhamento de res\u00edduos para o transporte de res\u00edduos de constru\u00e7\u00e3o e demoli\u00e7\u00e3o (RCD).<\/p>\n<p align=\"justify\"><strong>Decreto-Lei n\u00ba 46\/2008, de 12 de Mar\u00e7o de 2008<\/strong><\/p>\n<div align=\"justify\">Aprova o regime da gest\u00e3o de res\u00edduos de constru\u00e7\u00e3o e demoli\u00e7\u00e3o.<\/div>\n","protected":false},"excerpt":{"rendered":"<p>Portaria n\u00ba 417\/2008, de 11 de Junho de 2008 Aprova os modelos de guias de acompanhamento de res\u00edduos para o transporte de res\u00edduos de constru\u00e7\u00e3o e demoli\u00e7\u00e3o (RCD). Decreto-Lei n\u00ba 46\/2008, de 12 de Mar\u00e7o de 2008 Aprova o regime da gest\u00e3o de res\u00edduos de constru\u00e7\u00e3o e demoli\u00e7\u00e3o.<\/p>\n","protected":false},"author":1,"featured_media":0,"parent":0,"menu_order":0,"comment_status":"open","ping_status":"open","template":"","meta":[],"_links":{"self":[{"href":"https:\/\/santosvieiralda.com\/index.php?rest_route=\/wp\/v2\/pages\/4625"}],"collection":[{"href":"https:\/\/santosvieiralda.com\/index.php?rest_route=\/wp\/v2\/pages"}],"about":[{"href":"https:\/\/santosvieiralda.com\/index.php?rest_route=\/wp\/v2\/types\/page"}],"author":[{"embeddable":true,"href":"https:\/\/santosvieiralda.com\/index.php?rest_route=\/wp\/v2\/users\/1"}],"replies":[{"embeddable":true,"href":"https:\/\/santosvieiralda.com\/index.php?rest_route=%2Fwp%2Fv2%2Fcomments&post=4625"}],"version-history":[{"count":2,"href":"https:\/\/santosvieiralda.com\/index.php?rest_route=\/wp\/v2\/pages\/4625\/revisions"}],"predecessor-version":[{"id":5304,"href":"https:\/\/santosvieiralda.com\/index.php?rest_route=\/wp\/v2\/pages\/4625\/revisions\/5304"}],"wp:attachment":[{"href":"https:\/\/santosvieiralda.com\/index.php?rest_route=%2Fwp%2Fv2%2Fmedia&parent=4625"}],"curies":[{"name":"wp","href":"https:\/\/api.w.org\/{rel}","templated":true}]}}