{"id":4638,"date":"2013-09-05T14:48:59","date_gmt":"2013-09-05T14:48:59","guid":{"rendered":"https:\/\/santosvieiralda.com\/?page_id=4638"},"modified":"2014-01-01T11:53:14","modified_gmt":"2014-01-01T11:53:14","slug":"seguranca-contra-incendio-em-edificios","status":"publish","type":"page","link":"https:\/\/santosvieiralda.com\/?page_id=4638","title":{"rendered":"Seguran\u00e7a Contra Inc\u00eandio em Edif\u00edcios"},"content":{"rendered":"<div class=\"aq-template-wrapper aq_row\"><div class=\"aq_span4 clearfix aq-first\"><img loading=\"lazy\" class=\"aligncenter size-medium wp-image-5237\" alt=\"legi1\" src=\"http:\/\/santosvieiralda.com\/wp-content\/uploads\/2013\/09\/legi11-300x154.jpg\" width=\"300\" height=\"154\" srcset=\"https:\/\/santosvieiralda.com\/wp-content\/uploads\/2013\/09\/legi11-300x154.jpg 300w, https:\/\/santosvieiralda.com\/wp-content\/uploads\/2013\/09\/legi11.jpg 700w\" sizes=\"(max-width: 300px) 100vw, 300px\" \/><\/div><div class=\"aq_span4 clearfix \"><img loading=\"lazy\" class=\"aligncenter size-medium wp-image-5238\" alt=\"legi2\" src=\"http:\/\/santosvieiralda.com\/wp-content\/uploads\/2013\/09\/legi21-300x154.jpg\" width=\"300\" height=\"154\" srcset=\"https:\/\/santosvieiralda.com\/wp-content\/uploads\/2013\/09\/legi21-300x154.jpg 300w, https:\/\/santosvieiralda.com\/wp-content\/uploads\/2013\/09\/legi21.jpg 700w\" sizes=\"(max-width: 300px) 100vw, 300px\" \/><\/div><div class=\"aq_span4 clearfix \"><img loading=\"lazy\" class=\"aligncenter size-medium wp-image-5239\" alt=\"legi3\" src=\"http:\/\/santosvieiralda.com\/wp-content\/uploads\/2013\/09\/legi31-300x154.jpg\" width=\"300\" height=\"154\" srcset=\"https:\/\/santosvieiralda.com\/wp-content\/uploads\/2013\/09\/legi31-300x154.jpg 300w, https:\/\/santosvieiralda.com\/wp-content\/uploads\/2013\/09\/legi31.jpg 700w\" sizes=\"(max-width: 300px) 100vw, 300px\" \/><\/div><\/div>\n<p align=\"justify\"><strong>Decreto-Lei n.\u00ba 220\/2008 de 12 de Novembro<\/strong><\/p>\n<p align=\"justify\">Estabelece o regime jur\u00eddico da seguran\u00e7a contra inc\u00eandios em edif\u00edcios<\/p>\n<p align=\"justify\"><strong>Portaria n.\u00ba 1532\/2008 de 29 de Dezembro<\/strong><\/p>\n<p align=\"justify\">Aprova o Regulamento T\u00e9cnico de Seguran\u00e7a contra Inc\u00eandio em Edif\u00edcios (SCIE)<\/p>\n<p align=\"justify\"><strong>Despacho n.\u00ba 2074\/2009 de 15 de Janeiro<\/strong><\/p>\n<p align=\"justify\">Crit\u00e9rios t\u00e9cnicos para determina\u00e7\u00e3o da densidade de carga de inc\u00eandio modificada.<\/p>\n<p align=\"justify\"><strong>Portaria n.\u00ba 64\/2009 de 22 de Janeiro <\/strong><\/p>\n<p align=\"justify\">Regime de credencia\u00e7\u00e3o de entidades para emiss\u00e3o de pareceres, realiza\u00e7\u00e3o de vistorias e inspec\u00e7\u00f5es das condi\u00e7\u00f5es de SCIE (alterada pela Portaria n\u00ba. 136\/2011, de 5 de Abril).<\/p>\n<p align=\"justify\"><strong>Portaria n.\u00ba 610\/2009 de 8 de Junho<\/strong><\/p>\n<p align=\"justify\">Regulamenta\u00e7\u00e3o do sistema inform\u00e1tico para tramita\u00e7\u00e3o dos procedimentos de SCIE.<\/p>\n<p align=\"justify\"><strong>Portaria n.\u00ba 773\/2009 de 21 de Julho<\/strong><\/p>\n<p align=\"justify\">Registo de entidades de com\u00e9rcio e instala\u00e7\u00e3o de equipamentos em SCIE.<\/p>\n<p align=\"justify\"><strong>Portaria n.\u00ba 1054\/2009 de 16 de Setembro<\/strong><\/p>\n<p align=\"justify\">Valor das taxas a cobrar por servi\u00e7os prestados pela ANPC, no \u00e2mbito do RJ-SCIE.<\/p>\n<p align=\"justify\"><strong>Despacho n\u00ba 5533\/2010 de 26 de Mar\u00e7o<\/strong><\/p>\n<p align=\"justify\">Procede \u00e0 cria\u00e7\u00e3o da Comiss\u00e3o de Acompanhamento do regime Jur\u00eddico de Seguran\u00e7a contra Inc\u00eandio em Edif\u00edcios e define o respectivo mandato, as compet\u00eancias e as regras de funcionamento<\/p>\n<p align=\"justify\"><strong>Despacho n.\u00ba 10737\/2011 de 30 de Agosto<\/strong><\/p>\n<p align=\"justify\">Actualiza\u00e7\u00e3o do valor das taxas a cobrar por servi\u00e7os prestados pela ANPC, no \u00e2mbito do RJ-SCIE.<\/p>\n<p align=\"justify\"><strong>Despacho n.\u00ba 10738\/2011 de 30 de Agosto<\/strong><\/p>\n<div align=\"justify\">Define os requisitos para acredita\u00e7\u00e3o pela ANPC dos t\u00e9cnicos respons\u00e1veis pela comercializa\u00e7\u00e3o, instala\u00e7\u00e3o e ou manuten\u00e7\u00e3o de produtos e equipamentos de SCIE.<\/div>\n","protected":false},"excerpt":{"rendered":"<p>Decreto-Lei n.\u00ba 220\/2008 de 12 de Novembro Estabelece o regime jur\u00eddico da seguran\u00e7a contra inc\u00eandios em edif\u00edcios Portaria n.\u00ba 1532\/2008 de 29 de Dezembro Aprova o Regulamento T\u00e9cnico de Seguran\u00e7a contra Inc\u00eandio em Edif\u00edcios (SCIE) Despacho n.\u00ba 2074\/2009 de 15 de Janeiro Crit\u00e9rios t\u00e9cnicos para determina\u00e7\u00e3o da densidade de carga de inc\u00eandio modificada. Portaria n.\u00ba [&hellip;]<\/p>\n","protected":false},"author":1,"featured_media":0,"parent":0,"menu_order":0,"comment_status":"open","ping_status":"open","template":"","meta":[],"_links":{"self":[{"href":"https:\/\/santosvieiralda.com\/index.php?rest_route=\/wp\/v2\/pages\/4638"}],"collection":[{"href":"https:\/\/santosvieiralda.com\/index.php?rest_route=\/wp\/v2\/pages"}],"about":[{"href":"https:\/\/santosvieiralda.com\/index.php?rest_route=\/wp\/v2\/types\/page"}],"author":[{"embeddable":true,"href":"https:\/\/santosvieiralda.com\/index.php?rest_route=\/wp\/v2\/users\/1"}],"replies":[{"embeddable":true,"href":"https:\/\/santosvieiralda.com\/index.php?rest_route=%2Fwp%2Fv2%2Fcomments&post=4638"}],"version-history":[{"count":2,"href":"https:\/\/santosvieiralda.com\/index.php?rest_route=\/wp\/v2\/pages\/4638\/revisions"}],"predecessor-version":[{"id":5310,"href":"https:\/\/santosvieiralda.com\/index.php?rest_route=\/wp\/v2\/pages\/4638\/revisions\/5310"}],"wp:attachment":[{"href":"https:\/\/santosvieiralda.com\/index.php?rest_route=%2Fwp%2Fv2%2Fmedia&parent=4638"}],"curies":[{"name":"wp","href":"https:\/\/api.w.org\/{rel}","templated":true}]}}